{"id":4985,"date":"2012-03-20T17:07:12","date_gmt":"2012-03-20T16:07:12","guid":{"rendered":"http:\/\/klubmamgdynia.pl\/index.php\/produkt\/bebetto-luca-pro-07-gleboko-spacerowy\/"},"modified":"2026-04-03T22:29:27","modified_gmt":"2026-04-03T20:29:27","slug":"bebetto-luca-pro-07-gleboko-spacerowy","status":"publish","type":"product","link":"http:\/\/klubmamgdynia.pl\/index.php\/produkt\/bebetto-luca-pro-07-gleboko-spacerowy\/","title":{"rendered":"Bebetto Luca Pro 07 G\u0142\u0119boko Spacerowy"},"content":{"rendered":"<p>Bebetto Luca &#8211; nowoczesny, elegancki, funkcjonalny w\u00f3zek 2w1 z opcj\u0105 3w1 Kolekcja: PRO Kolor: 07 Nowa Bebetto Luca &#8211; funkcjonalno\u015b\u0107 i elegancja, atrakcyjna tapicerka i elementy z ekologicznej sk\u00f3ry, niska waga i nowoczesne rozwi\u0105zania &#8211; te cechy sprawiaj\u0105, \u017ce nowa Luca wyr\u00f3\u017cnia si\u0119 na tle innych w\u00f3zk\u00f3w wielofunkcyjnych. Mo\u017cliwo\u015b\u0107 z\u0142o\u017cenia stela\u017ca wraz z siedziskiem spacerowym, niska waga w\u00f3zka, praktyczna torba i w ca\u0142o\u015bci tapicerowana gondola. Szereg system\u00f3w dbaj\u0105cych o komfort i bezpiecze\u0144stwo dziecka i Twoje. Doskona\u0142y w\u00f3zek na ka\u017cdy dzie\u0144. W zestawie: stela\u017c, gondola, pokrowiec gondoli, siedzisko spacerowe, kosz zakupowy, pa\u0142\u0105k, kosz zakupowy, folia przeciwdeszczowa, moskitiera, uchwyt na kubek. KOLEKCJA PRO LUCA PRO &#8211; w\u00f3zek stworzony by zaspokoi\u0107 oczekiwania najbardziej wymagaj\u0105cych rodzic\u00f3w, doskona\u0142e po\u0142\u0105czenie stylu i funkcjonalno\u015bci. Niepowtarzalne wyko\u0144czenie gondoli i budki siedziska spacerowego z l\u015bni\u0105cej sk\u00f3ry ekologicznej najwy\u017cszej jako\u015bci, oraz wyko\u0144czenie z dba\u0142o\u015bci\u0105 o najmniejszy detal. Na gondoli znajduje si\u0119 charakterystyczny, stylowy, wyj\u0105tkowy haft kt\u00f3ry nadaje Bebetto LUCA wyj\u0105tkowego charakteru. Wn\u0119rtze siedziska spacerowego wykonane z tapicerki najwy\u017cszej jako\u015bci w kolorystyce dopasowanej do ca\u0142o\u015bci. CECHY CHARAKTERYSTYCZNE GONDOLA elegancka jednobarwna tapicerka, br\u0105zowe eleganckie blizy, obszerna, powi\u0119kszana, regulowana budka, dodatkowa siatka wentylacyjna w budce, wentylacja dna gondoli, tapicerka UV 50+. pokrowiec na gondol\u0119 z dodatkowym panelem chroni\u0105cym przed warunkami atmosferycznymi. SIEDZISKO SPACEROWE obszerna, regulowana budka, sk\u0142adane wraz ze stela\u017cem, regulowane oparcie, regulowany podn\u00f3\u017cek, samoreguluj\u0105ce pasy bezpiecze\u0144stwa, pa\u0142\u0105k. KOMFORT I BEZPIECZE\u0143STWO, DZIECKA I TWOJE Bebetto Luca dba o Ciebie i Twoje dziecko, wygodna w u\u017cyciu, funkcjonalna torba, regulowana r\u0105czka, obszerny kosz zakupowy, system \u0142atwego sk\u0142adania &#8211; codzienne obcowanie z Bebetto Luca to przyjemno\u015b\u0107. Dobry w\u00f3zek powinien zapewnia\u0107 wygod\u0119 i bezpiecze\u0144stwo dziecku &#8211; nowoczesne systemy zawieszenia, \u0142atwy w u\u017cyciu, bezpieczny hamulec no\u017cny, systemy SAS i DMS zapewniaj\u0105 pewne i stabilne prowadzenie niezale\u017cnie od pod\u0142o\u017ca. Chowane osie &#8211; w Bebetto osie chowane s\u0105 wewn\u0105trz konstrukcji &#8211; ochrona przed uszkodzeniem osi i innych element\u00f3w. Schowane osie na pewno nie zgubi\u0105 si\u0119 podczas transportu. System Hidden Axle osie tylnych k\u00f3\u0142 masz zawsze przy sobie. Stop &amp; Go &#8211; nowy peda\u0142 hamulca &#8211; wyprofilowany, wygodny w obs\u0142udze, \u0142atwy w u\u017cyciu &#8211; zar\u00f3wno uruchamianie jak i zwalnianie hamulca Luca jest proste i wygodne. Chroni Twoje delikatne obuwie przed uszkodzeniem. DMS &#8211; Direction Memory System &#8211; zapami\u0119tuje po\u0142o\u017cenie ko\u0142a po oderwaniu od powierzchni, p\u0142ynna komfortowa jazda na nier\u00f3wnych nawierzchniach, bez blokowania k\u00f3\u0142. SAS &#8211; Shock Absorption System &#8211; amortyzacja wstrz\u0105s\u00f3w wyst\u0119puj\u0105cych np. podczas podje\u017cd\u017cania pod kraw\u0119\u017cnik lub podczas jazdy po kostce brukowej &#8211; niczym niezak\u0142\u00f3cony spok\u00f3j Twojego dziecka &#8211; przyjemna podr\u00f3\u017c w w\u00f3zku Luca. Wentylowana gondola &#8211; odkrywany panel budki, regulowana kratka na dole gondoli &#8211; doskona\u0142e odprowadzenie ciep\u0142a i dop\u0142yw \u015bwie\u017cego rze\u015bkiego powietrza. Tapicerka UV 50+ &#8211; zaprojektowana aby blokowa\u0107 szkodliwe promienie ultrafioletowe. Okre\u015blenie wsp\u00f3\u0142czynnika ochrony przed promieniowaniem UV by\u0142o testowane laboratoryjnie, gdzie warto\u015b\u0107 \u015bredni\u0105 wsp\u00f3\u0142czynnika ochrony UPF okre\u015blono powy\u017cej 50. Dodatkowy panel w pokrowcu gondoli &#8211; chroni dziecko przed wiatrem czy te\u017c wwiewaniem kurzu, li\u015bci lub innych zanieczyszcze\u0144. Mocowanie magnetyczne &#8211; \u0142atwy w u\u017cyciu, solidne mocowanie. SPECYFIKACJA WYMIARY I WAGA W\u00f3zek roz\u0142o\u017cony:(wysoko\u015b\u0107 x szeroko\u015b\u0107) D\u0142ugo\u015b\u0107 z gondol\u0105: D\u0142ugo\u015b\u0107 z siedziskiem spacerowym: Wysoko\u015b\u0107 r\u0105czki od pod\u0142o\u017ca: W\u00f3zek z\u0142o\u017cony:(d\u0142ugo\u015b\u0107 x wysoko\u015b\u0107) Wymiary wewn\u0119trzne gondoli:(szeroko\u015b\u0107 x d\u0142ugo\u015b\u0107 x g\u0142\u0119boko\u015b\u0107) Wymiary siedziska spacerowego:(szeroko\u015b\u0107 x g\u0142\u0119boko\u015b\u0107) Wysoko\u015b\u0107 oparcia: Wysoko\u015b\u0107 podn\u00f3\u017cka: Waga stela\u017ca: Waga gondoli: Waga siedziska spacerowego: \u015arednica k\u00f3\u0142:(prz\u00f3d \/ ty\u0142) 123 x 60,5 cm 106 cm 100 cm 71 &#8211; 114 cm 80,5 x 36cm 34 x 78 x 19,5 cm 32 x 27 cm 50 cm 20 cm 8,6 kg 4,9 kg 5,1 kg 24 \/ 30 cm<\/p>\n<h2>Bebetto Luca Pro 07 G\u0142\u0119boko Spacerowy Bebetto<\/h2>\n<p>pisanie literek do druku, kolorowanki dla dziewczyn, rodzina cytaty, zagadki dla 5 latka, zaj\u0119cia wielkanocne dla dzieci, dyplom dla przedszkolaka do wydruku, a \u015bpij kochanie, opowie\u015bci z narni lew czarownica i stara szafa test, prezent na roczek, dzieci z bullerbyn quiz, test z narnii, miasto dzieci, pomys\u0142 na prezent na roczek, jak zrobi\u0107 du\u017ce jajo wielkanocne<\/p>\n<p>yyyyy<\/p>\n<p>&nbsp;<\/p>\n","protected":false},"excerpt":{"rendered":"<p>Bebetto Luca &#8211; nowoczesny, elegancki, funkcjonalny w\u00f3zek 2w1 z opcj\u0105 3w1 Kolekcja: PRO Kolor: 07 Nowa Bebetto Luca &#8211; funkcjonalno\u015b\u0107 i elegancja, atrakcyjna tapicerka i elementy z ekologicznej sk\u00f3ry, niska waga i nowoczesne rozwi\u0105zania &#8211; te cechy sprawiaj\u0105, \u017ce nowa Luca wyr\u00f3\u017cnia si\u0119 na tle innych w\u00f3zk\u00f3w wielofunkcyjnych. Mo\u017cliwo\u015b\u0107 z\u0142o\u017cenia stela\u017ca wraz z siedziskiem spacerowym, [&hellip;]<\/p>\n","protected":false},"featured_media":4986,"comment_status":"closed","ping_status":"open","template":"","meta":[],"product_cat":[574,110],"product_tag":[671,584,770,762,694],"class_list":["post-4985","product","type-product","status-publish","has-post-thumbnail","hentry","product_cat-bebetto","product_cat-wozki-wielofunkcyjne","product_tag-cicha-noc-po-angielsku-tekst","product_tag-liwia","product_tag-samolot-z-papieru","product_tag-trudne-zagadki-dla-dzieci","product_tag-zagadki-swiateczne-dla-dzieci"],"_links":{"self":[{"href":"http:\/\/klubmamgdynia.pl\/index.php\/wp-json\/wp\/v2\/product\/4985","targetHints":{"allow":["GET"]}}],"collection":[{"href":"http:\/\/klubmamgdynia.pl\/index.php\/wp-json\/wp\/v2\/product"}],"about":[{"href":"http:\/\/klubmamgdynia.pl\/index.php\/wp-json\/wp\/v2\/types\/product"}],"replies":[{"embeddable":true,"href":"http:\/\/klubmamgdynia.pl\/index.php\/wp-json\/wp\/v2\/comments?post=4985"}],"wp:featuredmedia":[{"embeddable":true,"href":"http:\/\/klubmamgdynia.pl\/index.php\/wp-json\/wp\/v2\/media\/4986"}],"wp:attachment":[{"href":"http:\/\/klubmamgdynia.pl\/index.php\/wp-json\/wp\/v2\/media?parent=4985"}],"wp:term":[{"taxonomy":"product_cat","embeddable":true,"href":"http:\/\/klubmamgdynia.pl\/index.php\/wp-json\/wp\/v2\/product_cat?post=4985"},{"taxonomy":"product_tag","embeddable":true,"href":"http:\/\/klubmamgdynia.pl\/index.php\/wp-json\/wp\/v2\/product_tag?post=4985"}],"curies":[{"name":"wp","href":"https:\/\/api.w.org\/{rel}","templated":true}]}}