{"id":4987,"date":"2015-06-13T06:56:07","date_gmt":"2015-06-13T04:56:07","guid":{"rendered":"http:\/\/klubmamgdynia.pl\/index.php\/produkt\/lottie-zestaw-kempingowy-akcesoria-dla-lalek-campfire-fun\/"},"modified":"2026-04-03T19:01:10","modified_gmt":"2026-04-03T17:01:10","slug":"lottie-zestaw-kempingowy-akcesoria-dla-lalek-campfire-fun","status":"publish","type":"product","link":"http:\/\/klubmamgdynia.pl\/index.php\/produkt\/lottie-zestaw-kempingowy-akcesoria-dla-lalek-campfire-fun\/","title":{"rendered":"Lottie Zestaw Kempingowy Akcesoria Dla Lalek Campfire Fun"},"content":{"rendered":"<p>WSPANIA\u0141Y DODATEK DO ZABAWY!Zestaw wykonany jest z dba\u0142o\u015bci\u0105 o najdrobniejszy szczeg\u00f3\u0142.Finn uwielbia przebywa\u0107 na \u015bwie\u017cym powietrzu, a nocowaniepod namiotem to wspania\u0142a przygoda! Razem z przyjaci\u00f3\u0142mimo\u017ce urz\u0105dzi\u0107 ognisko i sp\u0119dzi\u0107 mi\u0142o czas biwakuj\u0105c.Zabawka nie zawiera FTALAN\u00d3W ani BPA.ZESTAW ZAWIERA:- namiot, lamp\u0119, dwie skrzynki, misia przytulank\u0119, \u015bpiw\u00f3r, plecak, ognisko,patelni\u0119, dwa kubki, dwa talerze, p\u0142atki \u015bniadaniowe, fasolk\u0119, kie\u0142baski i pianki marshmallow.WIEK: od 3 latZestaw jest nowy, zapakowany w oryginalne opakowanie producenta.<\/p>\n<h2>Lottie Zestaw Kempingowy Akcesoria Dla Lalek Campfire Fun Lottie<\/h2>\n<p>lol kolorowanki, prezenty na roczek dla ch\u0142opca, ja\u015bmina imie, opowie\u015bci z narnii lew czarownica i stara szafa test do wydruku, adriana imi\u0119, karty pracy dla dzieci z ukrainy klasa 3, god\u0142o polski do druku, sentencje o rodzinie, desery dla dzieci, zagadki o zwierz\u0119tach domowych, zabawy dla 6 latk\u00f3w, hobbit, opisy do zdj z dzieckiem, niespotykane imiona \u017ce\u0144skie, narysowa\u0107 rysunki \u0142atwe, szlaczki<\/p>\n<p>yyyyy<\/p>\n<p>&nbsp;<\/p>\n","protected":false},"excerpt":{"rendered":"<p>WSPANIA\u0141Y DODATEK DO ZABAWY!Zestaw wykonany jest z dba\u0142o\u015bci\u0105 o najdrobniejszy szczeg\u00f3\u0142.Finn uwielbia przebywa\u0107 na \u015bwie\u017cym powietrzu, a nocowaniepod namiotem to wspania\u0142a przygoda! Razem z przyjaci\u00f3\u0142mimo\u017ce urz\u0105dzi\u0107 ognisko i sp\u0119dzi\u0107 mi\u0142o czas biwakuj\u0105c.Zabawka nie zawiera FTALAN\u00d3W ani BPA.ZESTAW ZAWIERA:- namiot, lamp\u0119, dwie skrzynki, misia przytulank\u0119, \u015bpiw\u00f3r, plecak, ognisko,patelni\u0119, dwa kubki, dwa talerze, p\u0142atki \u015bniadaniowe, fasolk\u0119, kie\u0142baski [&hellip;]<\/p>\n","protected":false},"featured_media":4988,"comment_status":"closed","ping_status":"open","template":"","meta":[],"product_cat":[172,1289],"product_tag":[719,745,785,830,736,633],"class_list":["post-4987","product","type-product","status-publish","has-post-thumbnail","hentry","product_cat-akcesoria-dla-lalek","product_cat-lottie","product_tag-dziecko-cytaty-zlote-mysli","product_tag-prezent-dla-15-latki","product_tag-prezent-dla-nastolatkow","product_tag-rodzina-cytaty","product_tag-zabawki-na-roczek","product_tag-zagadki-z-odpowiedziami"],"_links":{"self":[{"href":"http:\/\/klubmamgdynia.pl\/index.php\/wp-json\/wp\/v2\/product\/4987","targetHints":{"allow":["GET"]}}],"collection":[{"href":"http:\/\/klubmamgdynia.pl\/index.php\/wp-json\/wp\/v2\/product"}],"about":[{"href":"http:\/\/klubmamgdynia.pl\/index.php\/wp-json\/wp\/v2\/types\/product"}],"replies":[{"embeddable":true,"href":"http:\/\/klubmamgdynia.pl\/index.php\/wp-json\/wp\/v2\/comments?post=4987"}],"wp:featuredmedia":[{"embeddable":true,"href":"http:\/\/klubmamgdynia.pl\/index.php\/wp-json\/wp\/v2\/media\/4988"}],"wp:attachment":[{"href":"http:\/\/klubmamgdynia.pl\/index.php\/wp-json\/wp\/v2\/media?parent=4987"}],"wp:term":[{"taxonomy":"product_cat","embeddable":true,"href":"http:\/\/klubmamgdynia.pl\/index.php\/wp-json\/wp\/v2\/product_cat?post=4987"},{"taxonomy":"product_tag","embeddable":true,"href":"http:\/\/klubmamgdynia.pl\/index.php\/wp-json\/wp\/v2\/product_tag?post=4987"}],"curies":[{"name":"wp","href":"https:\/\/api.w.org\/{rel}","templated":true}]}}