{"id":4989,"date":"2014-02-26T09:01:14","date_gmt":"2014-02-26T08:01:14","guid":{"rendered":"http:\/\/klubmamgdynia.pl\/index.php\/produkt\/barbie-fashionistas-fbr37-dvx74\/"},"modified":"2026-04-24T17:10:11","modified_gmt":"2026-04-24T15:10:11","slug":"barbie-fashionistas-fbr37-dvx74","status":"publish","type":"product","link":"http:\/\/klubmamgdynia.pl\/index.php\/produkt\/barbie-fashionistas-fbr37-dvx74\/","title":{"rendered":"Barbie Fashionistas Fbr37 Dvx74"},"content":{"rendered":"<p>MATTELBARBIESERIA FASHIONISTAS FBR37MODNA LALKADVX74NOWO\u015a\u0106Barbie Fashionistas to r\u00f3\u017cnorodne lalki ubrane w aktualne trendy. Do wyboru s\u0105 a\u017c 4 typy sylwetki (oryginalna, wysoka, kr\u0105g\u0142a i drobna), 7 karnacji sk\u00f3ry, 22 kolory oczu oraz 22 fryzury, dzi\u0119ki czemu mo\u017cliwo\u015bci zabawy s\u0105 nieograniczone.Barbie Fashionistas to lalki ubrane w aktualne trendy. Od sportowych sukienek po zadziorne kreacje; od kropek po nadruki z grafik\u0105; od boho-chic po styl wsp\u00f3\u0142czesnego rocka. Efekt podkre\u015bl\u0105 obcasy z paskami, baletki, sportowe adidasy lub stylowe botki. Niekt\u00f3re lalki maj\u0105 p\u0142askie stopy, co urozmaica wyb\u00f3r obuwia. Efektowne grzywki i loki s\u0105 r\u00f3wnie\u017c na czasie, a dodatkowy naszyjnik, modne okulary lub kolczyki dope\u0142ni\u0105 kreacji.W zestawie lalka Barbie Fashionistas w ubrankach i z dodatkami. Ka\u017cda lalka sprzedawane oddzielnie.Lalki nie stoj\u0105 samodzielnie.P\u0142askie buciki pasuj\u0105 na lalki z p\u0142askimi stopami.Zbierz ca\u0142\u0105 kolekcj\u0119.Wiek od 3 lat.<\/p>\n<h2>Barbie Fashionistas Fbr37 Dvx74 Barbie<\/h2>\n<p>zagadki podchwytliwe, kr\u00f3tkie zagadki, kolorowanki kotki, gry dla m\u0142odzie\u017cy, karty pracy dla dzieci z ukrainy klasa 3, zagadki logiczne matematyczne dla dzieci, zagadki na inteligencj\u0119 z odpowiedziami<\/p>\n<p>yyyyy<\/p>\n<p>&nbsp;<\/p>\n","protected":false},"excerpt":{"rendered":"<p>MATTELBARBIESERIA FASHIONISTAS FBR37MODNA LALKADVX74NOWO\u015a\u0106Barbie Fashionistas to r\u00f3\u017cnorodne lalki ubrane w aktualne trendy. Do wyboru s\u0105 a\u017c 4 typy sylwetki (oryginalna, wysoka, kr\u0105g\u0142a i drobna), 7 karnacji sk\u00f3ry, 22 kolory oczu oraz 22 fryzury, dzi\u0119ki czemu mo\u017cliwo\u015bci zabawy s\u0105 nieograniczone.Barbie Fashionistas to lalki ubrane w aktualne trendy. Od sportowych sukienek po zadziorne kreacje; od kropek po [&hellip;]<\/p>\n","protected":false},"featured_media":4990,"comment_status":"closed","ping_status":"open","template":"","meta":[],"product_cat":[173,65],"product_tag":[871,660,831,683,617],"class_list":["post-4989","product","type-product","status-publish","has-post-thumbnail","hentry","product_cat-barbie","product_cat-lalki","product_tag-bajka-o-smoku-wawelskim","product_tag-bianka","product_tag-bruno","product_tag-karaluchy-pod-poduchy","product_tag-keyword"],"_links":{"self":[{"href":"http:\/\/klubmamgdynia.pl\/index.php\/wp-json\/wp\/v2\/product\/4989","targetHints":{"allow":["GET"]}}],"collection":[{"href":"http:\/\/klubmamgdynia.pl\/index.php\/wp-json\/wp\/v2\/product"}],"about":[{"href":"http:\/\/klubmamgdynia.pl\/index.php\/wp-json\/wp\/v2\/types\/product"}],"replies":[{"embeddable":true,"href":"http:\/\/klubmamgdynia.pl\/index.php\/wp-json\/wp\/v2\/comments?post=4989"}],"wp:featuredmedia":[{"embeddable":true,"href":"http:\/\/klubmamgdynia.pl\/index.php\/wp-json\/wp\/v2\/media\/4990"}],"wp:attachment":[{"href":"http:\/\/klubmamgdynia.pl\/index.php\/wp-json\/wp\/v2\/media?parent=4989"}],"wp:term":[{"taxonomy":"product_cat","embeddable":true,"href":"http:\/\/klubmamgdynia.pl\/index.php\/wp-json\/wp\/v2\/product_cat?post=4989"},{"taxonomy":"product_tag","embeddable":true,"href":"http:\/\/klubmamgdynia.pl\/index.php\/wp-json\/wp\/v2\/product_tag?post=4989"}],"curies":[{"name":"wp","href":"https:\/\/api.w.org\/{rel}","templated":true}]}}