{"id":499,"date":"2017-02-18T21:36:07","date_gmt":"2017-02-18T20:36:07","guid":{"rendered":"http:\/\/klubmamgdynia.pl\/index.php\/produkt\/gynoxin-uno-kapsulka-dopochwowa-miekka-1-szt\/"},"modified":"2026-05-01T16:14:19","modified_gmt":"2026-05-01T14:14:19","slug":"gynoxin-uno-kapsulka-dopochwowa-miekka-1-szt","status":"publish","type":"product","link":"http:\/\/klubmamgdynia.pl\/index.php\/produkt\/gynoxin-uno-kapsulka-dopochwowa-miekka-1-szt\/","title":{"rendered":"Gynoxin Uno kapsu\u0142ka dopochwowa mi\u0119kka 1 szt"},"content":{"rendered":"<p>Gynoxin\u00ae to najcz\u0119\u015bciej wybierany lek na infekcje intymne w Polsce.2<\/p>\n<p>GYNOXIN\u00ae to jedyny lek na rynku zawieraj\u0105cy fentikonazol.Fentikonazol1:                            <\/p>\n<p>Ultrakr\u00f3tka terapia \u2013 wybierz lek i wylecz grzybicze oraz mieszane infekcje intymne ju\u017c 1 kapsu\u0142k\u0105 dopochwow\u0105!1                            <\/p>\n<p>Gynoxin\u00ae UNO dzia\u0142a w miejscu podania, a st\u0119\u017cenie terapeutyczne substancji czynnej (azotanu fentikonazolu) utrzymuje si\u0119 jeszcze przez 3 doby po aplikacji leku.3,4Nie musisz pami\u0119ta\u0107 o codziennej aplikacjiNie tra\u0107 czasu na leczenieTeraz dost\u0119pny bez recepty!5                            <\/p>\n<p>Szybko zapomnij o problemie infekcji intymnejWybierz kuracj\u0119 1 kapsu\u0142k\u0105 dopochwow\u0105!                            <\/p>\n<p>SkutecznakuracjaGynoxin\u00ae UNO nie tylko eliminuje nieprzyjemne objawy infekcji intymnych (sw\u0119dzenie, pieczenie i up\u0142awy) ale r\u00f3wnie\u017c je leczy!                            <\/p>\n<p>Wystarczy jednorazowa aplikacja leku Gynoxin\u00ae UNO, aby poczu\u0107 ulg\u0119 i wyleczy\u0107 infekcje intymne.1                            <\/p>\n<p>MaksymalnawygodaKiedy chcesz wyleczy\u0107 infekcje intymne, nie musisz pami\u0119ta\u0107 o kolejnej aplikacji leku.                            <\/p>\n<p>Skuteczno\u015b\u0107 potwierdzona badaniami klinicznymi6Wysoka skuteczno\u015b\u0107 przeciwgrzybicza leku Gynoxin\u00ae zosta\u0142a potwierdzona w licznych badaniach klinicznych.6                            <\/p>\n<p>Zobacz jak dzia\u0142a Gynoxin\u00ae UNO:                            <\/p>\n<p>Poznaj tak\u017ce:                            <\/p>\n<p>Szczeg\u00f3\u0142y produktu                            <\/p>\n<p>Sk\u0142ad:Co zawiera lek na infekcje intymne Gynoxin\u00ae Uno \u2013 sk\u0142ad:Substancj\u0105 czynn\u0105 Gynoxin\u00ae Uno, leku bez recepty na mieszane i grzybicze infekcje intymne jest fentikonazol. 1 kapsu\u0142ka dopochwowa zawiera 600 mg azotanu fentikonazolu (Fenticonazoli nitras). Substancje pomocnicze to: parafina ciek\u0142a, wazelina bia\u0142a, lecytyna sojowa, \u017celatyna, glicerol, tytanu dwutlenek (E 171), etylu parahydroksybenzoesan (E 215), propylu parahydroksybenzoesan sodowy (E 217).\u00a0Posta\u0107 farmaceutyczna: kapsu\u0142ka dopochwowa, mi\u0119kkaWskazania:Kapsu\u0142ka dopochwowa Gynoxin\u00ae Uno wskazana jest do stosowania przy dro\u017cd\u017cycy b\u0142on \u015bluzowych narz\u0105d\u00f3w p\u0142ciowych (zapalenie sromu i pochwy, zapalenie pochwy, up\u0142awy) oraz w leczeniu zaka\u017ce\u0144 mieszanych pochwy.\u00a0Lek na infekcje intymne Gynoxin\u00ae Uno mo\u017cna zastosowa\u0107, je\u015bli kobieta skar\u017cy si\u0119 na:10silny, dokuczliwy \u015bwi\u0105d okolic intymnych;b\u00f3l podczas stosunku i przy oddawaniu moczu;up\u0142awy grudkowate, serowate, bezzapachowe.Stosowanie:1 kapsu\u0142ka dopochwowa zastosowana jednorazowo.Aplikowa\u0107 g\u0142\u0119boko do pochwy wieczorem przed snem. Je\u015bli objawy utrzymuj\u0105 si\u0119, nast\u0119pn\u0105 dawk\u0119 mo\u017cna powt\u00f3rzy\u0107 po trzech dniach.\u00a0Lek na infekcje intymne Gynoxin\u00ae Uno przeznaczony jest do stosowania u doros\u0142ych i m\u0142odzie\u017cy powy\u017cej 16 lat. Pacjentki w wieku powy\u017cej 60 lat powinny przed zastosowaniem skonsultowa\u0107 si\u0119 z lekarzem.Kapsu\u0142ka dopochwowa Gynoxin\u00ae Uno przeznaczona jest wy\u0142\u0105cznie do stosowania dopochwowego. Nie nale\u017cy przyjmowa\u0107 jej doustnie.Przechowywanie:Leku nie nale\u017cy przechowywa\u0107 w temperaturze powy\u017cej 30\u00b0C.Lek nale\u017cy przechowywa\u0107 w miejscu niewidocznym i niedost\u0119pnym dla dzieci.\u00a0Nie stosowa\u0107 tego leku po up\u0142ywie terminu wa\u017cno\u015bci zamieszczonego na pude\u0142ku tekturowym.Termin wa\u017cno\u015bci oznacza ostatni dzie\u0144 podanego miesi\u0105ca.\u00a0                            <\/p>\n<p>Inne informacje:Przeciwwskazania \/ Kiedy nie stosowa\u0107 leku Gynoxin\u00ae Uno?przy nadwra\u017cliwo\u015bci na fentikonazol lub kt\u00f3r\u0105kolwiek substancj\u0119 pomocnicz\u0105.Ostrze\u017cenia i \u015brodki ostro\u017cno\u015bci:Kapsu\u0142ek dopochwowych na infekcje intymne Gynoxin\u00ae Uno nie nale\u017cy stosowa\u0107 jednocze\u015bnie z mechanicznymi \u015brodkami antykoncepcyjnymi. Lek zawiera t\u0142uszcze i oleje, kt\u00f3re mog\u0105 powodowa\u0107 uszkodzenie mechanicznych \u015brodk\u00f3w antykoncepcyjnych wykonanych z lateksu.Stosowanie leku na infekcje intymne Gynoxin\u00ae Uno nale\u017cy om\u00f3wi\u0107 z lekarzem, je\u017celi:pacjentka jest w wieku powy\u017cej 60 lat,do zaka\u017cenia dosz\u0142o po raz pierwszy,pacjentka jest w ci\u0105\u017cy lub karmi piersi\u0105,jednocze\u015bnie stosowane s\u0105 mechaniczne \u015brodki antykoncepcyjne wykonane z lateksu. W czasie stosowania tego leku zaleca si\u0119 stosowanie alternatywnych metod antykoncepcjiwyst\u0105pi\u0105 reakcje nadwra\u017cliwo\u015bci na lek,objawy nie zmniejsz\u0105 si\u0119 w ci\u0105gu 7 dni lub si\u0119 nasil\u0105,u pacjentki wyst\u0105pi\u0142y co najmniej cztery zaka\u017cenia w ci\u0105gu ostatniego roku,pacjentka lub jej partner przechodzili kiedykolwiek chorob\u0119 przenoszon\u0105 drog\u0105 p\u0142ciow\u0105,pacjentka ma uczulenie na imidazol lub inne leki dopochwowe przeciwgrzybicze,u pacjentki wyst\u0105pi\u0142 kt\u00f3rykolwiek z poni\u017cszych objaw\u00f3w:- nieprawid\u0142owe lub nieregularne krwawienia,- up\u0142awy zabarwione krwi\u0105,- krwawienie z pochwy i\/lub b\u00f3l w ramionach,- rany pochwy i sromu w tym owrzodzenia i p\u0119cherze,- b\u00f3l w dolnej cz\u0119\u015bci brzucha, b\u00f3l plec\u00f3w oraz b\u00f3l przy oddawaniu moczu,- gor\u0105czka (\u2265380C),- cuchn\u0105ce up\u0142awy,- nudno\u015bci,- dzia\u0142ania niepo\u017c\u0105dane takie jak podra\u017cnienie, zaczerwienienie, obrz\u0119k, \u015bwi\u0105d, wysypka, kt\u00f3re s\u0105 zwi\u0105zane z leczeniem.W przypadku rozgryzienia i\/lub po\u0142kni\u0119cia kapsu\u0142ki dopochwowej, nale\u017cy natychmiast skontaktowa\u0107 si\u0119 z lekarzem lub uda\u0107 si\u0119 do najbli\u017cszego szpitala.W przypadku zaka\u017cenia r\u00f3wnie\u017c partnera, zaleca si\u0119 jego r\u00f3wnoczesne leczenie.                            <\/p>\n<p>Gynoxin\u00ae Uno w ci\u0105\u017cy i w czasie karmienia piersi\u0105Je\u015bli pacjentka jest w ci\u0105\u017cy lub karmi piersi\u0105, przypuszcza, \u017ce mo\u017ce by\u0107 w ci\u0105\u017cy lub gdy planuje mie\u0107 dziecko, nale\u017cy poradzi\u0107 si\u0119 lekarza przed zastosowaniem tego leku.Nie stosowa\u0107 leku Gynoxin\u00ae Uno u kobiet w ci\u0105\u017cy lub karmi\u0105cych piersi\u0105, chyba \u017ce lekarz zdecyduje inaczej.Nie stosowa\u0107 leku Gynoxin\u00ae Uno u kobiet w wieku rozrodczym, kt\u00f3re nie stosuj\u0105 \u015brodk\u00f3w antykoncepcyjnych.Prowadzenie pojazd\u00f3w i obs\u0142ugiwanie maszynGynoxin\u00ae Uno nie ma wp\u0142ywu na zdolno\u015b\u0107 prowadzenia pojazd\u00f3w i obs\u0142ugiwania maszyn.Leku Gynoxin\u00ae Uno zawiera etylu parahydroksybenzoesan i propylu parahydroksybenzoesan sodowy. Substancje te mog\u0105 powodowa\u0107 reakcje alergiczne (mo\u017cliwe reakcje typu p\u00f3\u017anego). W przypadku wyst\u0105pienia miejscowego podra\u017cnienia lub reakcji alergicznej leczenie nale\u017cy przerwa\u0107.                            <\/p>\n<p>1 Charakterystyka Produktu Leczniczego Gynoxin\u00aeUno, 600 mg, kapsu\u0142ka dopochwowa, mi\u0119kka. Data zatwierdzenia: 03\/2020. Odnosi si\u0119 wy\u0142\u0105cznie do czasu stosowania leku.2 IMS Data View YTD 01\/2020.\u00a03 Veronese M. i wsp. Mykosen 1987;30 (8):386-904 Periti P. et al Journal of Chemotherapy 1999; 11(3):3-425 Decyzja Prezesa Urz\u0119du Rejestracji Produkt\u00f3w Leczniczych, Wyrob\u00f3w Medycznych i Produkt\u00f3w Biob\u00f3jczych nr: UR\/ZD\/2904\/19 z dnia 18.12.2019 r.6 Tumietto F. i wsp. Eur Rev Med Pharmacol Sci. 2017 Jun;21(11):2749-2756\u00a07 Charakterystyka Produktu Leczniczego Gynoxin\u00aeOptima, 200 mg, kapsu\u0142ka dopochwowa, mi\u0119kka. Data zatwierdzenia: 03\/2020. Odnosi si\u0119 wy\u0142\u0105cznie do czasu stosowania leku.8 Charakterystyka Produktu Leczniczego Gynoxin\u00ae krem dopochwowy, 20 mg\/g. Data zatwierdzenia: 03\/2020. Odnosi si\u0119 wy\u0142\u0105cznie do czasu stosowania leku w najkr\u00f3tszym schemacie terapeutycznym, zgodnym z ulotk\u0105 dla pacjentki.9 Niemiec T. i wsp. Ginekol Pol. 11\/2011, 82, 869-87<\/p>\n<p>Przed u\u017cyciem zapoznaj si\u0119 z ulotk\u0105, kt\u00f3ra zawiera wskazania, przeciwwskazania, dane dotycz\u0105ce dzia\u0142a\u0144 niepo\u017c\u0105danych i dawkowanie oraz informacje dotycz\u0105ce stosowania produktu leczniczego b\u0105d\u017a skonsultuj si\u0119 z lekarzem lub farmaceut\u0105, gdy\u017c ka\u017cdy lek niew\u0142a\u015bciwie stosowany zagra\u017ca Twojemu \u017cyciu lub zdrowiu.GYN\/2020 \u2013 03\/27                            <\/p>\n<p>Nazwa produktu leczniczego: Gynoxin\u00ae Uno, 600 mg, kapsu\u0142ka dopochwowa, mi\u0119kka.\u00a0Nazwa powszechnie stosowana substancji czynnej: Azotan fentikonazolu (Fenticonazoli nitras).\u00a0Dawka substancji czynnej: 1 kapsu\u0142ka dopochwowa, mi\u0119kka zawiera 600 mg azotanu fentikonazolu (Fenticonazoli nitras).\u00a0Posta\u0107 farmaceutyczna: kapsu\u0142ka dopochwowa, mi\u0119kka.\u00a0Wskazania do stosowania: Dro\u017cd\u017cyca b\u0142on \u015bluzowych narz\u0105d\u00f3w p\u0142ciowych (zapalenie sromu i pochwy, zapalenie pochwy, up\u0142awy). Leczenie zaka\u017ce\u0144 mieszanych pochwy.\u00a0Gynoxin\u00ae Uno przeznaczony jest do stosowania u doros\u0142ych i m\u0142odzie\u017cy w wieku powy\u017cej 16 lat. U kobiet w wieku powy\u017cej 60 lat, Gynoxin\u00ae Uno mo\u017cna stosowa\u0107 po konsultacji z lekarzem.\u00a0Przeciwwskazania: Nadwra\u017cliwo\u015b\u0107 na substancj\u0119 czynn\u0105 lub na kt\u00f3r\u0105kolwiek substancj\u0119 pomocnicz\u0105.\u00a0Podmiot odpowiedzialny: Recordati Industria Chimica e Farmaceutica S.p.A., Via Civitali 1, 20148 Mediolan, W\u0142ochyNazwa produktu leczniczego: Gynoxin\u00ae Optima, 200 mg, kapsu\u0142ka dopochwowa, mi\u0119kka.\u00a0Nazwa powszechnie stosowana substancji czynnej: Azotan fentikonazolu (Fenticonazoli nitras).\u00a0Dawka substancji czynnej: 1 kapsu\u0142ka dopochwowa, mi\u0119kka zawiera 200 mg azotanu fentikonazolu (Fenticonazoli nitras).\u00a0Posta\u0107 farmaceutyczna: Kapsu\u0142ka dopochwowa, mi\u0119kka.\u00a0Wskazania do stosowania: Dro\u017cd\u017cyca b\u0142on \u015bluzowych narz\u0105d\u00f3w p\u0142ciowych (zapalenie sromu i pochwy, zapalenie pochwy, up\u0142awy). Leczenie zaka\u017ce\u0144 mieszanych pochwy.\u00a0Przeciwwskazania: Nadwra\u017cliwo\u015b\u0107 na substancj\u0119 czynn\u0105 lub na kt\u00f3r\u0105kolwiek substancj\u0119 pomocnicz\u0105.\u00a0Podmiot odpowiedzialny: Recordati Industria Chimica e Farmaceutica S.p.A., Via Civitali 1, 20148 Mediolan, W\u0142ochy.Nazwa produktu leczniczego: Gynoxin\u00ae, 20 mg\/g (2%), krem dopochwowy.\u00a0Nazwa powszechnie stosowana substancji czynnej: Azotan fentikonazolu (Fenticonazoli nitras).\u00a0Dawka substancji czynnej: 100 g kremu dopochwowego zawiera 2 g azotanu fentikonazolu (Fenticonazoli nitras).\u00a0Posta\u0107 farmaceutyczna: Krem dopochwowy.\u00a0Wskazania do stosowania: Dro\u017cd\u017cyca b\u0142on \u015bluzowych narz\u0105d\u00f3w p\u0142ciowych (zapalenie sromu i pochwy, zapalenie pochwy, up\u0142awy). Leczenie zaka\u017ce\u0144 mieszanych pochwy.\u00a0Gynoxin\u00ae przeznaczony jest do stosowania u doros\u0142ych i m\u0142odzie\u017cy w wieku powy\u017cej 16 lat. U kobiet w wieku powy\u017cej 60 lat, Gynoxin\u00ae mo\u017cna stosowa\u0107 po konsultacji z lekarzem.\u00a0Przeciwwskazania: Nadwra\u017cliwo\u015b\u0107 na substancj\u0119 czynn\u0105 lub na kt\u00f3r\u0105kolwiek substancj\u0119 pomocnicz\u0105.\u00a0Podmiot odpowiedzialny: Recordati Industria Chimica e Farmaceutica S.p.A., Via Civitali 1, 20148 Mediolan, W\u0142ochy.<\/p>\n<h2>Gynoxin Uno kapsu\u0142ka dopochwowa mi\u0119kka 1 szt Recordati<\/h2>\n<p>labirynt psi patrol, quizy dla dzieci z bajek, kr\u00f3tkie bajki do czytania, minecraft kolorowanki, rozrywka dla dzieci, ch\u0142opcy z placu broni &#8211; test<\/p>\n<p>yyyyy<\/p>\n<p>&nbsp;<\/p>\n","protected":false},"excerpt":{"rendered":"<p>Gynoxin\u00ae to najcz\u0119\u015bciej wybierany lek na infekcje intymne w Polsce.2 GYNOXIN\u00ae to jedyny lek na rynku zawieraj\u0105cy fentikonazol.Fentikonazol1: Ultrakr\u00f3tka terapia \u2013 wybierz lek i wylecz grzybicze oraz mieszane infekcje intymne ju\u017c 1 kapsu\u0142k\u0105 dopochwow\u0105!1 Gynoxin\u00ae UNO dzia\u0142a w miejscu podania, a st\u0119\u017cenie terapeutyczne substancji czynnej (azotanu fentikonazolu) utrzymuje si\u0119 jeszcze przez 3 doby po aplikacji [&hellip;]<\/p>\n","protected":false},"featured_media":500,"comment_status":"closed","ping_status":"open","template":"","meta":[],"product_cat":[192,193],"product_tag":[838,766,762,736,708],"class_list":["post-499","product","type-product","status-publish","has-post-thumbnail","hentry","product_cat-recordati","product_cat-uklad-moczowy-i-plciowy","product_tag-bajki-dla-dzieci-na-dobranoc","product_tag-kira","product_tag-trudne-zagadki-dla-dzieci","product_tag-zabawki-na-roczek","product_tag-zabawy-ruchowe-dla-dzieci"],"_links":{"self":[{"href":"http:\/\/klubmamgdynia.pl\/index.php\/wp-json\/wp\/v2\/product\/499","targetHints":{"allow":["GET"]}}],"collection":[{"href":"http:\/\/klubmamgdynia.pl\/index.php\/wp-json\/wp\/v2\/product"}],"about":[{"href":"http:\/\/klubmamgdynia.pl\/index.php\/wp-json\/wp\/v2\/types\/product"}],"replies":[{"embeddable":true,"href":"http:\/\/klubmamgdynia.pl\/index.php\/wp-json\/wp\/v2\/comments?post=499"}],"wp:featuredmedia":[{"embeddable":true,"href":"http:\/\/klubmamgdynia.pl\/index.php\/wp-json\/wp\/v2\/media\/500"}],"wp:attachment":[{"href":"http:\/\/klubmamgdynia.pl\/index.php\/wp-json\/wp\/v2\/media?parent=499"}],"wp:term":[{"taxonomy":"product_cat","embeddable":true,"href":"http:\/\/klubmamgdynia.pl\/index.php\/wp-json\/wp\/v2\/product_cat?post=499"},{"taxonomy":"product_tag","embeddable":true,"href":"http:\/\/klubmamgdynia.pl\/index.php\/wp-json\/wp\/v2\/product_tag?post=499"}],"curies":[{"name":"wp","href":"https:\/\/api.w.org\/{rel}","templated":true}]}}