{"id":4991,"date":"2016-10-02T07:59:09","date_gmt":"2016-10-02T05:59:09","guid":{"rendered":"http:\/\/klubmamgdynia.pl\/index.php\/produkt\/mattel-mustang-duch-wolnosci-lucky-wagon-podrozny-zestaw-gxf55\/"},"modified":"2026-04-29T16:12:35","modified_gmt":"2026-04-29T14:12:35","slug":"mattel-mustang-duch-wolnosci-lucky-wagon-podrozny-zestaw-gxf55","status":"publish","type":"product","link":"http:\/\/klubmamgdynia.pl\/index.php\/produkt\/mattel-mustang-duch-wolnosci-lucky-wagon-podrozny-zestaw-gxf55\/","title":{"rendered":"Mattel Mustang: Duch Wolno\u015bci Lucky Wagon Podr\u00f3\u017cny Zestaw GXF55"},"content":{"rendered":"<p>Mustang: Duch wolno\u015bci Lucky Wagon podr\u00f3\u017cny Zestaw<br \/>\nDzieci poznaj\u0105 smak przyja\u017ani, wolno\u015bci i galopu bez granic z zabawkami inspirowanymi filmem animowanym \u201eSpirit Mustang: Duch wolno\u015bci\u201d.                            <\/p>\n<p>Ten wspania\u0142y zestaw zawiera wagon z balkonem, miejscem dla czterech os\u00f3b i stolikiem herbacianym, kt\u00f3ry zmienia si\u0119 w st\u00f3\u0142 do gry w karty. Jest tu tak\u017ce lalka Lucky w pi\u0119knej sukience z torebk\u0105 oraz jej ko\u0144, Spirit. Z zestawem Lucky Wagon podr\u00f3\u017cny dzieci odtworz\u0105 niezapomniane sceny z filmu i wymy\u015bl\u0105 w\u0142asne przygody.                            <\/p>\n<p>Uroczy poci\u0105g ma cztery tocz\u0105ce si\u0119 ko\u0142a, a funkcja zmiany stolika urozmaici zabaw\u0119. W\u015br\u00f3d akcesori\u00f3w jest czajniczek i trzy fili\u017canki, kt\u00f3re mo\u017cna przechowywa\u0107 na stojaku. Jest tu r\u00f3wnie\u017c haczyk na kt\u00f3rym mo\u017cna zawiesi\u0107 torebk\u0119 Lucky. Balkon ma uchwyty na buty, kt\u00f3re pozwalaj\u0105 na wpi\u0119cie dw\u00f3ch lalek. Ten zestaw to \u015bwietny prezent dla dzieci od 3 lat, szczeg\u00f3lnie dla tych, kt\u00f3re uwielbiaj\u0105 konie, mod\u0119 i ceni\u0105 przyja\u017a\u0144.                            <\/p>\n<p>W zestawie jest wagon podr\u00f3\u017cny, lalka Lucky o wysoko\u015bci ok. 18 cm, ko\u0144 Spirit o wysoko\u015bci ok. 20 cm oraz mniejsze akcesoria.<\/p>\n<h2>Mattel Mustang: Duch Wolno\u015bci Lucky Wagon Podr\u00f3\u017cny Zestaw GXF55 Mattel<\/h2>\n<p>piosenka dla mamy tekst, zaproszenia urodzinowe do druku, quiz o hejka tu lenka, daria imie, ale kino program<\/p>\n<p>yyyyy<\/p>\n<p>&nbsp;<\/p>\n","protected":false},"excerpt":{"rendered":"<p>Mustang: Duch wolno\u015bci Lucky Wagon podr\u00f3\u017cny Zestaw Dzieci poznaj\u0105 smak przyja\u017ani, wolno\u015bci i galopu bez granic z zabawkami inspirowanymi filmem animowanym \u201eSpirit Mustang: Duch wolno\u015bci\u201d. Ten wspania\u0142y zestaw zawiera wagon z balkonem, miejscem dla czterech os\u00f3b i stolikiem herbacianym, kt\u00f3ry zmienia si\u0119 w st\u00f3\u0142 do gry w karty. Jest tu tak\u017ce lalka Lucky w pi\u0119knej [&hellip;]<\/p>\n","protected":false},"featured_media":4992,"comment_status":"closed","ping_status":"open","template":"","meta":[],"product_cat":[65,289],"product_tag":[846,738,746],"class_list":["post-4991","product","type-product","status-publish","has-post-thumbnail","hentry","product_cat-lalki","product_cat-mattel","product_tag-rysowanki","product_tag-wroclaw-dla-dzieci","product_tag-zagadki-typu-co-to-jest"],"_links":{"self":[{"href":"http:\/\/klubmamgdynia.pl\/index.php\/wp-json\/wp\/v2\/product\/4991","targetHints":{"allow":["GET"]}}],"collection":[{"href":"http:\/\/klubmamgdynia.pl\/index.php\/wp-json\/wp\/v2\/product"}],"about":[{"href":"http:\/\/klubmamgdynia.pl\/index.php\/wp-json\/wp\/v2\/types\/product"}],"replies":[{"embeddable":true,"href":"http:\/\/klubmamgdynia.pl\/index.php\/wp-json\/wp\/v2\/comments?post=4991"}],"wp:featuredmedia":[{"embeddable":true,"href":"http:\/\/klubmamgdynia.pl\/index.php\/wp-json\/wp\/v2\/media\/4992"}],"wp:attachment":[{"href":"http:\/\/klubmamgdynia.pl\/index.php\/wp-json\/wp\/v2\/media?parent=4991"}],"wp:term":[{"taxonomy":"product_cat","embeddable":true,"href":"http:\/\/klubmamgdynia.pl\/index.php\/wp-json\/wp\/v2\/product_cat?post=4991"},{"taxonomy":"product_tag","embeddable":true,"href":"http:\/\/klubmamgdynia.pl\/index.php\/wp-json\/wp\/v2\/product_tag?post=4991"}],"curies":[{"name":"wp","href":"https:\/\/api.w.org\/{rel}","templated":true}]}}