{"id":4993,"date":"2021-04-03T21:26:55","date_gmt":"2021-04-03T19:26:55","guid":{"rendered":"http:\/\/klubmamgdynia.pl\/index.php\/produkt\/maileg-grzechotka-bambi-rattle-dusty-mint\/"},"modified":"2026-04-29T02:03:49","modified_gmt":"2026-04-29T00:03:49","slug":"maileg-grzechotka-bambi-rattle-dusty-mint","status":"publish","type":"product","link":"http:\/\/klubmamgdynia.pl\/index.php\/produkt\/maileg-grzechotka-bambi-rattle-dusty-mint\/","title":{"rendered":"Maileg Grzechotka Bambi Rattle Dusty Mint"},"content":{"rendered":"<p>Grzechotka Sarenka w kolorze mi\u0119towym.Wielko\u015b\u0107: 14 cm<\/p>\n<h2>Maileg Grzechotka Bambi Rattle Dusty Mint Maileg<\/h2>\n<p>jak narysowa\u0107 \u017cab\u0119, imi\u0119 iwo, zagadki dla 4 latka, quiz o minecraft, imi\u0119 mira<\/p>\n<p>yyyyy<\/p>\n<p>&nbsp;<\/p>\n","protected":false},"excerpt":{"rendered":"<p>Grzechotka Sarenka w kolorze mi\u0119towym.Wielko\u015b\u0107: 14 cm Maileg Grzechotka Bambi Rattle Dusty Mint Maileg jak narysowa\u0107 \u017cab\u0119, imi\u0119 iwo, zagadki dla 4 latka, quiz o minecraft, imi\u0119 mira yyyyy &nbsp;<\/p>\n","protected":false},"featured_media":4994,"comment_status":"closed","ping_status":"open","template":"","meta":[],"product_cat":[63,947],"product_tag":[670,780,714],"class_list":["post-4993","product","type-product","status-publish","has-post-thumbnail","hentry","product_cat-grzechotki-i-gryzaki","product_cat-maileg","product_tag-irma","product_tag-krecik-bajka","product_tag-zagadki-logiczne"],"_links":{"self":[{"href":"http:\/\/klubmamgdynia.pl\/index.php\/wp-json\/wp\/v2\/product\/4993","targetHints":{"allow":["GET"]}}],"collection":[{"href":"http:\/\/klubmamgdynia.pl\/index.php\/wp-json\/wp\/v2\/product"}],"about":[{"href":"http:\/\/klubmamgdynia.pl\/index.php\/wp-json\/wp\/v2\/types\/product"}],"replies":[{"embeddable":true,"href":"http:\/\/klubmamgdynia.pl\/index.php\/wp-json\/wp\/v2\/comments?post=4993"}],"wp:featuredmedia":[{"embeddable":true,"href":"http:\/\/klubmamgdynia.pl\/index.php\/wp-json\/wp\/v2\/media\/4994"}],"wp:attachment":[{"href":"http:\/\/klubmamgdynia.pl\/index.php\/wp-json\/wp\/v2\/media?parent=4993"}],"wp:term":[{"taxonomy":"product_cat","embeddable":true,"href":"http:\/\/klubmamgdynia.pl\/index.php\/wp-json\/wp\/v2\/product_cat?post=4993"},{"taxonomy":"product_tag","embeddable":true,"href":"http:\/\/klubmamgdynia.pl\/index.php\/wp-json\/wp\/v2\/product_tag?post=4993"}],"curies":[{"name":"wp","href":"https:\/\/api.w.org\/{rel}","templated":true}]}}