{"id":4995,"date":"2014-02-09T23:26:22","date_gmt":"2014-02-09T22:26:22","guid":{"rendered":"http:\/\/klubmamgdynia.pl\/index.php\/produkt\/tako-laret-03-gleboko-spacerowy\/"},"modified":"2026-04-06T06:22:45","modified_gmt":"2026-04-06T04:22:45","slug":"tako-laret-03-gleboko-spacerowy","status":"publish","type":"product","link":"http:\/\/klubmamgdynia.pl\/index.php\/produkt\/tako-laret-03-gleboko-spacerowy\/","title":{"rendered":"Tako Laret 03 G\u0142\u0119boko Spacerowy"},"content":{"rendered":"<p>W\u00f3zek wielofunkcyjny 2w1 g\u0142\u0119boko spacerowy Tako Laret ClassicTylko w naszym sklepie otrzymasz:\u2022 MEGA PAKIET akcesori\u00f3w od producenta do ka\u017cdego zakupionego w\u00f3zka.Oferta wa\u017cna do wyczerpania zapas\u00f3w.<\/p>\n<h2>Tako Laret 03 G\u0142\u0119boko Spacerowy Tako<\/h2>\n<p>wiersz o g\u00f3rniku, prezent dla m\u0142odzie\u017cy, flagi pa\u0144stw quiz, piosenki na dobranoc dla dzieci + tekst, milena, test na znaki drogowe<\/p>\n<p>yyyyy<\/p>\n<p>&nbsp;<\/p>\n","protected":false},"excerpt":{"rendered":"<p>W\u00f3zek wielofunkcyjny 2w1 g\u0142\u0119boko spacerowy Tako Laret ClassicTylko w naszym sklepie otrzymasz:\u2022 MEGA PAKIET akcesori\u00f3w od producenta do ka\u017cdego zakupionego w\u00f3zka.Oferta wa\u017cna do wyczerpania zapas\u00f3w. Tako Laret 03 G\u0142\u0119boko Spacerowy Tako wiersz o g\u00f3rniku, prezent dla m\u0142odzie\u017cy, flagi pa\u0144stw quiz, piosenki na dobranoc dla dzieci + tekst, milena, test na znaki drogowe yyyyy &nbsp;<\/p>\n","protected":false},"featured_media":4996,"comment_status":"closed","ping_status":"open","template":"","meta":[],"product_cat":[1290,110],"product_tag":[735,769,822,869,805],"class_list":["post-4995","product","type-product","status-publish","has-post-thumbnail","hentry","product_cat-tako","product_cat-wozki-wielofunkcyjne","product_tag-prezent-na-roczek-dziewczynka","product_tag-psi-patrol-do-czytania","product_tag-wierszyki-o-wakacjach-krotkie","product_tag-zagadki-na-logike","product_tag-znaczenie-imienia-alan"],"_links":{"self":[{"href":"http:\/\/klubmamgdynia.pl\/index.php\/wp-json\/wp\/v2\/product\/4995","targetHints":{"allow":["GET"]}}],"collection":[{"href":"http:\/\/klubmamgdynia.pl\/index.php\/wp-json\/wp\/v2\/product"}],"about":[{"href":"http:\/\/klubmamgdynia.pl\/index.php\/wp-json\/wp\/v2\/types\/product"}],"replies":[{"embeddable":true,"href":"http:\/\/klubmamgdynia.pl\/index.php\/wp-json\/wp\/v2\/comments?post=4995"}],"wp:featuredmedia":[{"embeddable":true,"href":"http:\/\/klubmamgdynia.pl\/index.php\/wp-json\/wp\/v2\/media\/4996"}],"wp:attachment":[{"href":"http:\/\/klubmamgdynia.pl\/index.php\/wp-json\/wp\/v2\/media?parent=4995"}],"wp:term":[{"taxonomy":"product_cat","embeddable":true,"href":"http:\/\/klubmamgdynia.pl\/index.php\/wp-json\/wp\/v2\/product_cat?post=4995"},{"taxonomy":"product_tag","embeddable":true,"href":"http:\/\/klubmamgdynia.pl\/index.php\/wp-json\/wp\/v2\/product_tag?post=4995"}],"curies":[{"name":"wp","href":"https:\/\/api.w.org\/{rel}","templated":true}]}}