{"id":4997,"date":"2014-12-16T01:50:36","date_gmt":"2014-12-16T00:50:36","guid":{"rendered":"http:\/\/klubmamgdynia.pl\/index.php\/produkt\/dromader-samochod-kolekcjonerski-welly-ciezarowka-scania-v8-r730-164\/"},"modified":"2026-04-04T02:47:23","modified_gmt":"2026-04-04T00:47:23","slug":"dromader-samochod-kolekcjonerski-welly-ciezarowka-scania-v8-r730-164","status":"publish","type":"product","link":"http:\/\/klubmamgdynia.pl\/index.php\/produkt\/dromader-samochod-kolekcjonerski-welly-ciezarowka-scania-v8-r730-164\/","title":{"rendered":"Dromader Samoch\u00f3d Kolekcjonerski Welly Ci\u0119\u017car\u00f3wka Scania V8 R730 1:64"},"content":{"rendered":"<p>WELLY SCANIA V8 R730 GLOBAL LOGISTICKSSamochody z serii WELLY, to dok\u0142adne odwzorowanie prawdziwego samochodu.Maj\u0105 metalow\u0105 karoseri\u0119, malowan\u0105 prawdziwym lakierem samochodowym, gumowe opony i otwierane drzwi s\u0105 dodatkowym atutem.Odlotowy Model Scania V8 R730 Global Logisticks Welly, stanie si\u0119 ulubionym samochodem ka\u017cdego ma\u0142ego jak i du\u017cego ch\u0142opca.Zapakowany w \u0142adne pude\u0142ko, idealny na prezent.Samoch\u00f3d w skali 1:64.ZAWARTO\u015a\u0106:Scania V8 R730 Global Logisticks WellyWIEK:3+WYMIARY:opakowania 30 x 6 x 9 cmskala 1:64<\/p>\n<h2>Dromader Samoch\u00f3d Kolekcjonerski Welly Ci\u0119\u017car\u00f3wka Scania V8 R730 1:64 Dromader<\/h2>\n<p>bajka psi patrol do czytania, najrzadsze imiona dla dziewczynek, atrakcje wroc\u0142aw i okolice, prezent dla nastolatk\u00f3w, quizy dla dzieci z bajek, lucyna, flagi europy quiz<\/p>\n<p>yyyyy<\/p>\n<p>&nbsp;<\/p>\n","protected":false},"excerpt":{"rendered":"<p>WELLY SCANIA V8 R730 GLOBAL LOGISTICKSSamochody z serii WELLY, to dok\u0142adne odwzorowanie prawdziwego samochodu.Maj\u0105 metalow\u0105 karoseri\u0119, malowan\u0105 prawdziwym lakierem samochodowym, gumowe opony i otwierane drzwi s\u0105 dodatkowym atutem.Odlotowy Model Scania V8 R730 Global Logisticks Welly, stanie si\u0119 ulubionym samochodem ka\u017cdego ma\u0142ego jak i du\u017cego ch\u0142opca.Zapakowany w \u0142adne pude\u0142ko, idealny na prezent.Samoch\u00f3d w skali 1:64.ZAWARTO\u015a\u0106:Scania V8 [&hellip;]<\/p>\n","protected":false},"featured_media":4998,"comment_status":"closed","ping_status":"open","template":"","meta":[],"product_cat":[60,303],"product_tag":[859,727,768,687,759,767],"class_list":["post-4997","product","type-product","status-publish","has-post-thumbnail","hentry","product_cat-dromader","product_cat-kolekcjonerskie-modele-pojazdow","product_tag-dobranoc-pchly-na-noc","product_tag-godlo-polski-do-druku","product_tag-krotkie-zagadki-logiczne","product_tag-podchwytliwe-zagadki-matematyczne","product_tag-pomysly-na-prezent-dla-nastolatkow","product_tag-zaproszenia-urodzinowe-do-druku"],"_links":{"self":[{"href":"http:\/\/klubmamgdynia.pl\/index.php\/wp-json\/wp\/v2\/product\/4997","targetHints":{"allow":["GET"]}}],"collection":[{"href":"http:\/\/klubmamgdynia.pl\/index.php\/wp-json\/wp\/v2\/product"}],"about":[{"href":"http:\/\/klubmamgdynia.pl\/index.php\/wp-json\/wp\/v2\/types\/product"}],"replies":[{"embeddable":true,"href":"http:\/\/klubmamgdynia.pl\/index.php\/wp-json\/wp\/v2\/comments?post=4997"}],"wp:featuredmedia":[{"embeddable":true,"href":"http:\/\/klubmamgdynia.pl\/index.php\/wp-json\/wp\/v2\/media\/4998"}],"wp:attachment":[{"href":"http:\/\/klubmamgdynia.pl\/index.php\/wp-json\/wp\/v2\/media?parent=4997"}],"wp:term":[{"taxonomy":"product_cat","embeddable":true,"href":"http:\/\/klubmamgdynia.pl\/index.php\/wp-json\/wp\/v2\/product_cat?post=4997"},{"taxonomy":"product_tag","embeddable":true,"href":"http:\/\/klubmamgdynia.pl\/index.php\/wp-json\/wp\/v2\/product_tag?post=4997"}],"curies":[{"name":"wp","href":"https:\/\/api.w.org\/{rel}","templated":true}]}}