{"id":4999,"date":"2020-05-27T01:32:13","date_gmt":"2020-05-26T23:32:13","guid":{"rendered":"http:\/\/klubmamgdynia.pl\/index.php\/produkt\/hasbro-marvel-avengers-movie-black-panther-e5875\/"},"modified":"2026-05-17T23:00:21","modified_gmt":"2026-05-17T21:00:21","slug":"hasbro-marvel-avengers-movie-black-panther-e5875","status":"publish","type":"product","link":"http:\/\/klubmamgdynia.pl\/index.php\/produkt\/hasbro-marvel-avengers-movie-black-panther-e5875\/","title":{"rendered":"Hasbro Marvel Avengers Movie Black Panther E5875"},"content":{"rendered":"<p>HASBRO AVENGERS MOVIE FIGURKA BLACK PANTHER E5875                            <\/p>\n<p>Zesp\u00f3\u0142 Avengers\u00f3w ro\u015bnie w si\u0142\u0119 z now\u0105 kolekcj\u0105 figurek TYTAN! Bohaterowie najnowszej ods\u0142ony przyg\u00f3d Avengers do\u0142\u0105czaj\u0105 do reszty brygady, aby uchroni\u0107 \u015bwiat przed absolutn\u0105 zgub\u0105. Ka\u017cda figurka posiada a\u017c 30-cm wzrostu oraz 5 punkt\u00f3w ruchu i wygl\u0105da tak, jak jej filmowy odpowiednik.                            <\/p>\n<p>Specyfikacja:Seria: Disney Avengers\u00a0Wiek: Od 4 lat\u00a0P\u0142e\u0107: Dla ch\u0142opc\u00f3w\u00a0Wysoko\u015b\u0107 figurki: 30 cm\u00a0Dodatkowe informacje: Ruchome ko\u0144czyny\u00a0Gwarancja: 24 miesi\u0105ce (gwarancja producenta)\u00a0Kod producenta: E5875<\/p>\n<h2>Hasbro Marvel Avengers Movie Black Panther E5875 Hasbro<\/h2>\n<p>film animowany o \u015bwi\u0119tach, zagadki na my\u015blenie, pokemon do druku, jeremi imi\u0119, planety do druku dla dzieci, przysz\u0142a zima bia\u0142a, malowanki do wydruku, wiersz o marzannie, prezent na roczek dla chrze\u015bniaka, test z tajemniczego ogrodu, cytaty korczaka<\/p>\n<p>yyyyy<\/p>\n<p>&nbsp;<\/p>\n","protected":false},"excerpt":{"rendered":"<p>HASBRO AVENGERS MOVIE FIGURKA BLACK PANTHER E5875 Zesp\u00f3\u0142 Avengers\u00f3w ro\u015bnie w si\u0142\u0119 z now\u0105 kolekcj\u0105 figurek TYTAN! Bohaterowie najnowszej ods\u0142ony przyg\u00f3d Avengers do\u0142\u0105czaj\u0105 do reszty brygady, aby uchroni\u0107 \u015bwiat przed absolutn\u0105 zgub\u0105. Ka\u017cda figurka posiada a\u017c 30-cm wzrostu oraz 5 punkt\u00f3w ruchu i wygl\u0105da tak, jak jej filmowy odpowiednik. Specyfikacja:Seria: Disney Avengers\u00a0Wiek: Od 4 lat\u00a0P\u0142e\u0107: [&hellip;]<\/p>\n","protected":false},"featured_media":5000,"comment_status":"closed","ping_status":"open","template":"","meta":[],"product_cat":[95,129],"product_tag":[666,834,657],"class_list":["post-4999","product","type-product","status-publish","has-post-thumbnail","hentry","product_cat-figurki-makiety-i-zestawy","product_cat-hasbro","product_tag-afrykanskie-imiona","product_tag-bajka-do-czytania-na-dobranoc","product_tag-lol-kolorowanka"],"_links":{"self":[{"href":"http:\/\/klubmamgdynia.pl\/index.php\/wp-json\/wp\/v2\/product\/4999","targetHints":{"allow":["GET"]}}],"collection":[{"href":"http:\/\/klubmamgdynia.pl\/index.php\/wp-json\/wp\/v2\/product"}],"about":[{"href":"http:\/\/klubmamgdynia.pl\/index.php\/wp-json\/wp\/v2\/types\/product"}],"replies":[{"embeddable":true,"href":"http:\/\/klubmamgdynia.pl\/index.php\/wp-json\/wp\/v2\/comments?post=4999"}],"wp:featuredmedia":[{"embeddable":true,"href":"http:\/\/klubmamgdynia.pl\/index.php\/wp-json\/wp\/v2\/media\/5000"}],"wp:attachment":[{"href":"http:\/\/klubmamgdynia.pl\/index.php\/wp-json\/wp\/v2\/media?parent=4999"}],"wp:term":[{"taxonomy":"product_cat","embeddable":true,"href":"http:\/\/klubmamgdynia.pl\/index.php\/wp-json\/wp\/v2\/product_cat?post=4999"},{"taxonomy":"product_tag","embeddable":true,"href":"http:\/\/klubmamgdynia.pl\/index.php\/wp-json\/wp\/v2\/product_tag?post=4999"}],"curies":[{"name":"wp","href":"https:\/\/api.w.org\/{rel}","templated":true}]}}