{"id":50,"date":"2024-04-13T11:45:05","date_gmt":"2024-04-13T09:45:05","guid":{"rendered":"http:\/\/klubmamgdynia.pl\/index.php\/produkt\/close-pop-in-pieluszka-wielorazowa-aio-v2-bear\/"},"modified":"2026-04-05T16:00:32","modified_gmt":"2026-04-05T14:00:32","slug":"close-pop-in-pieluszka-wielorazowa-aio-v2-bear","status":"publish","type":"product","link":"http:\/\/klubmamgdynia.pl\/index.php\/produkt\/close-pop-in-pieluszka-wielorazowa-aio-v2-bear\/","title":{"rendered":"Close Pop-In Pieluszka Wielorazowa Aio V2 Bear"},"content":{"rendered":"<p>Pieluszka Pop-in wykonana jest z najwy\u017cszej jako\u015bci materia\u0142\u00f3w, kt\u00f3re nie niszcz\u0105 si\u0119 w praniu. \u015awietnie dopasowuje si\u0119 do kszta\u0142t\u00f3w dziecka. Jest regulowana i ro\u015bnie razem z maluchem. Nowe pieluszki maj\u0105 jeszcze jeden atut bajecznie &#8211; kolorowe weso\u0142e wzory, kt\u00f3re dzieci na pewno polubi\u0105.Pop-in to pieluszka, kt\u00f3ra mo\u017ce by\u0107 stosowana zar\u00f3wno w ci\u0105gu dnia jak i w nocy (nawet do 12 godzin) z dodatkowym wk\u0142adem na noc (mo\u017cna dokupi\u0107 osobno lub razem z zestawem 5 pieluszek). Zalecamy zmian\u0119 wk\u0142ad\u00f3w co trzy godziny.Co charakteryzuje pieluszki Close?1. To pieluszki dla dziecka na ca\u0142y okres pieluszkowania od narodzin a\u017c do chwili, w kt\u00f3rej zacznie korzysta\u0107 z nocnika. Jest to mo\u017cliwe dzi\u0119ki napom, pomagaj\u0105cym odpowiednio regulowa\u0107 wysoko\u015b\u0107 pieluszki i wytrzyma\u0142ym bocznym rzepom do regulacji szeroko\u015bci.2. Bambusowy wk\u0142ad jest bardzo delikatny, aksamitny i mi\u0119kki. Doskonale ch\u0142onie wilgo\u0107. Ma w\u0142a\u015bciwo\u015bci oddychaj\u0105ce, antyalergiczne, antybakteryjne. Polecany szczeg\u00f3lnie do wra\u017cliwej sk\u00f3ry dziecka.3. Wk\u0142ady absorbuj\u0105ce dopina si\u0119 do otulacza na zatrzaski, wi\u0119c zewn\u0119trznej cz\u0119\u015bci pieluszki mo\u017cemy u\u017cy\u0107 ponownie. Sam otulacz schnie szybko, wi\u0119c po wypraniu mo\u017cna z niego w nied\u0142ugim odst\u0119pie czasu skorzysta\u0107 ponownie.4. Podw\u00f3jny elsatyczny klin wok\u00f3\u0142 n\u00f3\u017cek sprawi, \u017ce pieluszka jeszcze lepiej dopasuje si\u0119 do kszta\u0142t\u00f3w dziecka i ochroni przed wyciekami.5. Wierzchnia cz\u0119\u015b\u0107 stworzona jest z nowego materia\u0142u &#8211; poliestru powlekanego PU, jeszcze lepiej chroni\u0105cego przed wyciekaniem. PU, czyli poliuretan, to polimer o zwi\u0119kszonej funkcji izolacyjnej.6. Rzep zabezpieczaj\u0105cy pieluszk\u0119 przed zniszczeniem podczas prania zosta\u0142 ukryty tak, aby zupe\u0142nie nie styka\u0107 si\u0119 ze sk\u00f3r\u0105 dziecka.Pieluszka Close to \u015bwietne rozwi\u0105zanie dla rodzic\u00f3w, kt\u00f3rzy szukaj\u0105 wygody, ekonomiczno\u015bci, oraz \u0142atwo\u015bci u\u017cycia. Dzi\u0119ki wysokiej jako\u015bci nowoczesnym materia\u0142om, mo\u017cna je pra\u0107 bardzo cz\u0119sto i bardzo szybko ponownie zak\u0142ada\u0107 na pup\u0119 dziecka. Pra\u0107 w temperaturze 60 stopni, nie wybiela\u0107, otulacza nie suszy\u0107 w suszarce. Zapraszamy do zapoznania si\u0119 z filmem instrukta\u017cowym.Pieluszka dla dzieci o wadze od oko\u0142o 3.18 do 16 kg.Rodzaj pieluszki AIO (Wszystko w jednym), budowa pieluszki najbardziej zbli\u017cona do tradycyjnej pieluszki jednorazowej Rozmiar ro\u015bnie z dzieckiem (od 3.18 kg do 16 kg) Wymaga otulacza? Nie Zapi\u0119cie Rzepy Materia\u0142 wewn\u0105trz Bambus Ch\u0142onno\u015b\u0107 Bardzo dobra Uczucie sucho\u015bci w pieluszce Nie Dodatkowy wk\u0142ad z pieluszk\u0105 Nie Czas schni\u0119cia Otulacz jest praktycznie suchy po wyj\u0119ciu z pralki. Wk\u0142ady oko\u0142o 8 godzin Mo\u017ce by\u0107 u\u017cywana na noc? Tak z wk\u0142adem bambusowym na noc UWAGI: Ekonomiczno\u015b\u0107 pieluszki polega na tym, \u017ce po zmoczeniu wk\u0142ad\u00f3w mo\u017cemy je odpi\u0105\u0107 i za\u0142o\u017cy\u0107 nowe. Zmoczenie wk\u0142ad\u00f3w nie wymaga zmiany ca\u0142ej pieluszki. Dodatkowo po odpi\u0119ciu wk\u0142ad\u00f3w otulacz mo\u017ce by\u0107 stosowany z pieluszkami tetrowymi. Jest mi\u0119kki wi\u0119c przyjemny dla sk\u00f3ry dziecka.http:\/\/www.youtube.com\/watch?v=HJY-X-D-NPw&amp;feature=share&amp;list=UUS-h3PgA4WZNto2Vktko7uQ<\/p>\n<h2>Close Pop-In Pieluszka Wielorazowa Aio V2 Bear Close<\/h2>\n<p>dziecko cytaty, samoch\u00f3d kolorowanka do druku, jagna, quiz opowie\u015bci z narnii, ewelina, prezent dla 16 latki, bardzo trudne zagadki, zagadki dla dzieci do druku, cytat o rodzinie, by\u0142 sobie kr\u00f3l, psi patrol kolorowanka, zagadki dla 7 latka, cookie dough przepis, mi\u0142osz imie, kolorowanki lol, kolorowanka ze zdj\u0119cia, halloween dla dzieci warszawa 2021, maska karnawa\u0142owa pdf, wielkanocne zagadki dla dzieci, prezenty dla m\u0142odzie\u017cy, prezent dla 14 letniej dziewczyny<\/p>\n<p>yyyyy<\/p>\n<p>&nbsp;<\/p>\n","protected":false},"excerpt":{"rendered":"<p>Pieluszka Pop-in wykonana jest z najwy\u017cszej jako\u015bci materia\u0142\u00f3w, kt\u00f3re nie niszcz\u0105 si\u0119 w praniu. \u015awietnie dopasowuje si\u0119 do kszta\u0142t\u00f3w dziecka. Jest regulowana i ro\u015bnie razem z maluchem. Nowe pieluszki maj\u0105 jeszcze jeden atut bajecznie &#8211; kolorowe weso\u0142e wzory, kt\u00f3re dzieci na pewno polubi\u0105.Pop-in to pieluszka, kt\u00f3ra mo\u017ce by\u0107 stosowana zar\u00f3wno w ci\u0105gu dnia jak i [&hellip;]<\/p>\n","protected":false},"featured_media":51,"comment_status":"closed","ping_status":"open","template":"","meta":[],"product_cat":[22,17],"product_tag":[859,593,699,773,679,604],"class_list":["post-50","product","type-product","status-publish","has-post-thumbnail","hentry","product_cat-close","product_cat-pieluchy","product_tag-dobranoc-pchly-na-noc","product_tag-jak-narysowac-konia","product_tag-kolorowanki-do-druku-dla-dziewczyn","product_tag-test-z-lektury-opowiesci-z-narnii-lew-czarownica-i-stara-szafa","product_tag-zabawki-na-roczek-dla-dziewczynki","product_tag-zagadki-trudne"],"_links":{"self":[{"href":"http:\/\/klubmamgdynia.pl\/index.php\/wp-json\/wp\/v2\/product\/50","targetHints":{"allow":["GET"]}}],"collection":[{"href":"http:\/\/klubmamgdynia.pl\/index.php\/wp-json\/wp\/v2\/product"}],"about":[{"href":"http:\/\/klubmamgdynia.pl\/index.php\/wp-json\/wp\/v2\/types\/product"}],"replies":[{"embeddable":true,"href":"http:\/\/klubmamgdynia.pl\/index.php\/wp-json\/wp\/v2\/comments?post=50"}],"wp:featuredmedia":[{"embeddable":true,"href":"http:\/\/klubmamgdynia.pl\/index.php\/wp-json\/wp\/v2\/media\/51"}],"wp:attachment":[{"href":"http:\/\/klubmamgdynia.pl\/index.php\/wp-json\/wp\/v2\/media?parent=50"}],"wp:term":[{"taxonomy":"product_cat","embeddable":true,"href":"http:\/\/klubmamgdynia.pl\/index.php\/wp-json\/wp\/v2\/product_cat?post=50"},{"taxonomy":"product_tag","embeddable":true,"href":"http:\/\/klubmamgdynia.pl\/index.php\/wp-json\/wp\/v2\/product_tag?post=50"}],"curies":[{"name":"wp","href":"https:\/\/api.w.org\/{rel}","templated":true}]}}