{"id":5001,"date":"2025-07-31T09:14:02","date_gmt":"2025-07-31T07:14:02","guid":{"rendered":"http:\/\/klubmamgdynia.pl\/?post_type=product&#038;p=5001"},"modified":"2026-04-06T18:03:02","modified_gmt":"2026-04-06T16:03:02","slug":"media-rodzina-kicia-kocia-zaklada-zespol-muzyczny-a-glowinska-46178","status":"publish","type":"product","link":"http:\/\/klubmamgdynia.pl\/index.php\/produkt\/media-rodzina-kicia-kocia-zaklada-zespol-muzyczny-a-glowinska-46178\/","title":{"rendered":"Media Rodzina Kicia Kocia zak\u0142ada zesp\u00f3\u0142 muzyczny &#8211; A. G\u0142owi\u0144ska (46178)"},"content":{"rendered":"<p>Wydanie 2010r. Oprawa broszurowa. Strony 24. Format 19,5&#215;19,5cm. Kicia Kocia bardzo lubi \u015bpiewa\u0107. \u015apiewa przy myciu z\u0119b\u00f3w, na hu\u015btawce, gdy idzie do przedszkola, a nawet kiedy k\u0142adzie si\u0119 spa\u0107. Pewnego razu na spacerze zobaczy\u0142a orkiestr\u0119 d\u0119t\u0105 i zapragn\u0119\u0142a za\u0142o\u017cy\u0107 zesp\u00f3\u0142 muzyczny &#8211; oczywi\u015bcie razem ze swoimi przyjaci\u00f3\u0142mi, Packiem, Juliankiem i Adelk\u0105. Wszyscy pr\u0119dko nauczyli si\u0119 gra\u0107, przy okazji poznaj\u0105c wiele instrument\u00f3w muzycznych. Na koniec odby\u0142 si\u0119 wspania\u0142y koncert.Autorzy: ANITA G\u0141OWI\u0143SKA Autorzy: Anita G\u0142owi\u0144ska Ci\u0119\u017car: 0.10 ISBN: 978-83-7278-669-2 Wydawca: MEDIA RODZINA<\/p>\n<h2>Media Rodzina Kicia Kocia zak\u0142ada zesp\u00f3\u0142 muzyczny &#8211; A. G\u0142owi\u0144ska (46178) Media Rodzina<\/h2>\n<p>miasto dzieci.pl, wroclaw atrakcje dla dzieci, pomys\u0142 na prezent na roczek, zagadki logiczne na inteligencj\u0119, dzieci.pl, ozdoby wielkanocne kt\u00f3re mog\u0105 zrobi\u0107 dzieci, domki z rolek po papierze toaletowym, oryginalny prezent na roczek dla dziewczynki, bombki do kolorowania, sentencje o rodzinie, sentencje o dzieciach, zagadki dla rodziny, prezenty dla 16 latki, kiekrz, markowa, gry planszowe dla nastolatk\u00f3w, kolorowanka ksi\u0119\u017cniczka, jasmin imie<\/p>\n<p>yyyyy<\/p>\n<p>&nbsp;<\/p>\n","protected":false},"excerpt":{"rendered":"<p>Wydanie 2010r. Oprawa broszurowa. Strony 24. Format 19,5&#215;19,5cm. Kicia Kocia bardzo lubi \u015bpiewa\u0107. \u015apiewa przy myciu z\u0119b\u00f3w, na hu\u015btawce, gdy idzie do przedszkola, a nawet kiedy k\u0142adzie si\u0119 spa\u0107. Pewnego razu na spacerze zobaczy\u0142a orkiestr\u0119 d\u0119t\u0105 i zapragn\u0119\u0142a za\u0142o\u017cy\u0107 zesp\u00f3\u0142 muzyczny &#8211; oczywi\u015bcie razem ze swoimi przyjaci\u00f3\u0142mi, Packiem, Juliankiem i Adelk\u0105. Wszyscy pr\u0119dko nauczyli si\u0119 [&hellip;]<\/p>\n","protected":false},"featured_media":5002,"comment_status":"closed","ping_status":"open","template":"","meta":[],"product_cat":[1285,325],"product_tag":[854,795,749,608,725],"class_list":["post-5001","product","type-product","status-publish","has-post-thumbnail","hentry","product_cat-media-rodzina","product_cat-szkolne-artykuly-papiernicze","product_tag-cytaty-rodzina","product_tag-mini-zoo-warszawa","product_tag-najlepsze-zarty-na-prima-aprilis","product_tag-zagadki-i-odpowiedzi","product_tag-zgadywanki"],"_links":{"self":[{"href":"http:\/\/klubmamgdynia.pl\/index.php\/wp-json\/wp\/v2\/product\/5001","targetHints":{"allow":["GET"]}}],"collection":[{"href":"http:\/\/klubmamgdynia.pl\/index.php\/wp-json\/wp\/v2\/product"}],"about":[{"href":"http:\/\/klubmamgdynia.pl\/index.php\/wp-json\/wp\/v2\/types\/product"}],"replies":[{"embeddable":true,"href":"http:\/\/klubmamgdynia.pl\/index.php\/wp-json\/wp\/v2\/comments?post=5001"}],"wp:featuredmedia":[{"embeddable":true,"href":"http:\/\/klubmamgdynia.pl\/index.php\/wp-json\/wp\/v2\/media\/5002"}],"wp:attachment":[{"href":"http:\/\/klubmamgdynia.pl\/index.php\/wp-json\/wp\/v2\/media?parent=5001"}],"wp:term":[{"taxonomy":"product_cat","embeddable":true,"href":"http:\/\/klubmamgdynia.pl\/index.php\/wp-json\/wp\/v2\/product_cat?post=5001"},{"taxonomy":"product_tag","embeddable":true,"href":"http:\/\/klubmamgdynia.pl\/index.php\/wp-json\/wp\/v2\/product_tag?post=5001"}],"curies":[{"name":"wp","href":"https:\/\/api.w.org\/{rel}","templated":true}]}}