{"id":5003,"date":"2018-07-26T02:38:30","date_gmt":"2018-07-26T00:38:30","guid":{"rendered":"http:\/\/klubmamgdynia.pl\/index.php\/produkt\/mebelki-dla-lalek-kuchnia-3-segmenty-zmywarka-dzwieki-led-lalka\/"},"modified":"2026-04-29T11:09:41","modified_gmt":"2026-04-29T09:09:41","slug":"mebelki-dla-lalek-kuchnia-3-segmenty-zmywarka-dzwieki-led-lalka","status":"publish","type":"product","link":"http:\/\/klubmamgdynia.pl\/index.php\/produkt\/mebelki-dla-lalek-kuchnia-3-segmenty-zmywarka-dzwieki-led-lalka\/","title":{"rendered":"Mebelki dla lalek kuchnia 3 segmenty zmywarka d\u017awi\u0119ki LED + lalka"},"content":{"rendered":"<p>KUCHNIA DLA LALEK MEBLE 3-MODU\u0141Y ZMYWARKA + LALKALalki Twojego dziecka zas\u0142uguj\u0105 na to, by mie\u0107 pi\u0119kn\u0105 kuchni\u0119. Trzy modu\u0142owy zestaw zapewni wspania\u0142\u0105 zabaw\u0119. Dzi\u0119ki niemu dziecko przeniesie si\u0119 w krain\u0119 wyobra\u017ani.Cz\u0119\u015bci kuchni zawieraj\u0105: I segment: szafk\u0119 z mikrofal\u00f3wk\u0105 oraz zmywark\u0105, II segment szafk\u0119 z kuchenk\u0105 gazow\u0105 oraz piekarnikiem, III segment: witryn\u0119 z szafk\u0105 oraz zlewem.Zestaw zawiera lalk\u0119 ale r\u00f3wnie\u017c takie akcesoria jak karton mleka, szklanki plastikowe 3 sztuki, fili\u017cank\u0119 do kawy, toster z ruchom\u0105 r\u0105czk\u0105 do wyci\u0105gania tost\u00f3w, patelni\u0119, garnek z przykrywk\u0105 &#8211; 2 sztuki, plastikowe \u0142opatki 2 sztuk, plastikow\u0105 chochl\u0119, zestaw do kawy.Ka\u017cdy z segment\u00f3w ma otwierane drzwiczki, piekarnik jest pod\u015bwietlony diod\u0105 LED, palniki gazu r\u00f3wnie\u017c \u015bwiec\u0105 si\u0119.Cechy: drzwiczki s\u0105 otwierane, piekarnik jest pod\u015bwietlany, palniki gazu r\u00f3wnie\u017c.Podczas zabawy mebelkami dziecko odtwarza sytuacje znane mu z \u017cycia codziennego. Poprzez tak\u0105 aktywno\u015b\u0107 malec uczy si\u0119 zachowa\u0144 spo\u0142ecznych, zwrot\u00f3w grzeczno\u015bciowych, \u015bwiadomo\u015bci na temat obowi\u0105zk\u00f3w (np. aby co\u015b zje\u015b\u0107, trzeba ugotowa\u0107, a p\u00f3\u017aniej pozmywa\u0107).Podczas takich zabaw dziecko kszta\u0142ci umiej\u0119tno\u015bci manualne, poniewa\u017c zabawa wymaga chwytania, mieszania, otwierania.Rodzic poprzez wsp\u00f3ln\u0105 zabaw\u0119 mo\u017ce uczy\u0107 wspomnianych nawyk\u00f3w i obowi\u0105zk\u00f3w, dodatkowo wsp\u00f3lne sp\u0119dzanie czasu zacie\u015bnia wi\u0119zi, buduje zaufanie.Nasze pociechy chc\u0105 uczestniczy\u0107 w tego typu zabawach i \u017cyciu codziennym, gdy\u017c przynosz\u0105 im satysfakcj\u0119 oraz wzmacniaj\u0105 pewno\u015b\u0107 siebie, a co najwa\u017cniejsze &#8211; daj\u0105 poczucie sensu o przynale\u017cno\u015bci do spo\u0142eczno\u015bci w kt\u00f3rej si\u0119 znajduj\u0105.Zawarto\u015b\u0107 zestawu:lalka,szafki,mikrofal\u00f3wka,zmywarka,piekarnik,witryna,zlew, karton mleka, szklanki plastikowe 3 sztuki, fili\u017cank\u0119 do kawy, toster z ruchom\u0105 r\u0105czk\u0105 do wyci\u0105gania tost\u00f3w, patelni\u0119, garnek z przykrywk\u0105 &#8211; 2szt, plastikowe \u0142opatki 2 sztuk, plastikow\u0105 chochl\u0119, zestaw do kawy, Dane techniczne:\u2022 Wymiary opakowania: 57 cm x 35 cm x 8,5 cmKuchnia podzielona jest na trzy modu\u0142y:\u2022 Wym. modu\u0142u z kuchenk\u0105: 10,5 cm x 6 cm x 31 cm \u2022 Wym. modu\u0142u z umywalk\u0105: 13 cm x 7 cm x 31 cm\u2022 Wym. modu\u0142u ze zmywark\u0105: 10 cm x 7cm x 31 cm Wym. garnka (\u015brednica x wysoko\u015b\u0107): 3 cm x 3 cm Wys. lalki: 29 cmZasilanie: 3 x LR44\/AG13 (w zestawie)Dla dzieci powy\u017cej 3 roku \u017cyciaEAN: 5903039719200Waga: 1.75 kg<\/p>\n<h2>Mebelki dla lalek kuchnia 3 segmenty zmywarka d\u017awi\u0119ki LED + lalka Inny<\/h2>\n<p>hot wheels kolorowanka, malowane kamienie, samochwa\u0142a, \u0142atwe zagadki, lodowiska w warszawie, kreatywne zabawy dla 10 latka, czapka g\u00f3rnika kolorowanka, prezent dla 15 latka, jak narysowa\u0107 konia, pikachu kolorowanka, podchwytliwe zagadki z odpowiedziami, dyplomy do druku, rzadkie imiona dla dziewczynek, lol surprise kolorowanka, tabliczka mno\u017cenia karty pracy do druku, cytat dziecko, paj\u0105czek na rowerze test, piosenka na dzie\u0144 nauczyciela przedszkole, quiz dla dzieci<\/p>\n<p>yyyyy<\/p>\n<p>&nbsp;<\/p>\n","protected":false},"excerpt":{"rendered":"<p>KUCHNIA DLA LALEK MEBLE 3-MODU\u0141Y ZMYWARKA + LALKALalki Twojego dziecka zas\u0142uguj\u0105 na to, by mie\u0107 pi\u0119kn\u0105 kuchni\u0119. Trzy modu\u0142owy zestaw zapewni wspania\u0142\u0105 zabaw\u0119. Dzi\u0119ki niemu dziecko przeniesie si\u0119 w krain\u0119 wyobra\u017ani.Cz\u0119\u015bci kuchni zawieraj\u0105: I segment: szafk\u0119 z mikrofal\u00f3wk\u0105 oraz zmywark\u0105, II segment szafk\u0119 z kuchenk\u0105 gazow\u0105 oraz piekarnikiem, III segment: witryn\u0119 z szafk\u0105 oraz zlewem.Zestaw [&hellip;]<\/p>\n","protected":false},"featured_media":5004,"comment_status":"closed","ping_status":"open","template":"","meta":[],"product_cat":[172,169],"product_tag":[646,705,841,835,659],"class_list":["post-5003","product","type-product","status-publish","has-post-thumbnail","hentry","product_cat-akcesoria-dla-lalek","product_cat-inny","product_tag-prezent-na-pierwsze-urodziny","product_tag-prezent-na-roczek-dla-chlopca","product_tag-quiz-o-flagach","product_tag-radosc-dziecka-cytaty","product_tag-tupu-tup-po-sniegu-tekst"],"_links":{"self":[{"href":"http:\/\/klubmamgdynia.pl\/index.php\/wp-json\/wp\/v2\/product\/5003","targetHints":{"allow":["GET"]}}],"collection":[{"href":"http:\/\/klubmamgdynia.pl\/index.php\/wp-json\/wp\/v2\/product"}],"about":[{"href":"http:\/\/klubmamgdynia.pl\/index.php\/wp-json\/wp\/v2\/types\/product"}],"replies":[{"embeddable":true,"href":"http:\/\/klubmamgdynia.pl\/index.php\/wp-json\/wp\/v2\/comments?post=5003"}],"wp:featuredmedia":[{"embeddable":true,"href":"http:\/\/klubmamgdynia.pl\/index.php\/wp-json\/wp\/v2\/media\/5004"}],"wp:attachment":[{"href":"http:\/\/klubmamgdynia.pl\/index.php\/wp-json\/wp\/v2\/media?parent=5003"}],"wp:term":[{"taxonomy":"product_cat","embeddable":true,"href":"http:\/\/klubmamgdynia.pl\/index.php\/wp-json\/wp\/v2\/product_cat?post=5003"},{"taxonomy":"product_tag","embeddable":true,"href":"http:\/\/klubmamgdynia.pl\/index.php\/wp-json\/wp\/v2\/product_tag?post=5003"}],"curies":[{"name":"wp","href":"https:\/\/api.w.org\/{rel}","templated":true}]}}