{"id":5007,"date":"2024-09-25T17:39:39","date_gmt":"2024-09-25T15:39:39","guid":{"rendered":"http:\/\/klubmamgdynia.pl\/?post_type=product&#038;p=5007"},"modified":"2026-05-17T22:46:12","modified_gmt":"2026-05-17T20:46:12","slug":"momi-tuli-liscie","status":"publish","type":"product","link":"http:\/\/klubmamgdynia.pl\/index.php\/produkt\/momi-tuli-liscie\/","title":{"rendered":"Momi Tuli Li\u015bcie"},"content":{"rendered":"<p>Bujaczek MoMi Tuli szaryZabawki, melodyjki i delikatne wibracje stymuluj\u0105 zmys\u0142y malucha, gdy przyjdzie pora spa\u0107 \u2013 sprawi\u0105, \u017ce Tw\u00f3j maluch zapadnie w b\u0142og\u0105 i spokojn\u0105 drzemk\u0119.Cechy:- Le\u017caczek przeznaczony dla dzieci od pierwszych dni \u017cycia do 9kg,- Wbudowany modu\u0142 sensoryczny,- 8 melodii,- 3 poziomy wibracji,- Pa\u0142\u0105k z zabawkami- grzechotka, szele\u015bcik, lusterko,- 3-punktowe pasy bezpiecze\u0144stwa,- Antypo\u015blizgowe podstawki,- Stabilna konstrukcja,- Wymiary: 58cm x 50cm x 45cm<\/p>\n<h2>Momi Tuli Li\u015bcie MoMi<\/h2>\n<p>kolorowanka lego, zagadki dla przedszkolak\u00f3w, papuga kolorowanka, cytat o dziecku, quizy flagi, zagadki logiczne na inteligencj\u0119 dla doros\u0142ych, test z tajemniczego ogrodu, co oznacza jordan, jak zrobi\u0107 wulkan, kr\u00f3tkie bajki dla dzieci do czytania, maski dla dzieci do druku, opis do zdj\u0119cia dziecka na fb, zagadki \u015bmieszne, co na roczek, prezenty dla nastolatka, papuga kolorowanka, jak rozmawia\u0107 z dzie\u0107mi o wojnie, gra planszowa dla nastolatk\u00f3w, najrzadsze imiona w polsce, planety uk\u0142ad s\u0142oneczny dla dzieci do druku, zagadki o przyborach szkolnych<\/p>\n<p>yyyyy<\/p>\n<p>&nbsp;<\/p>\n","protected":false},"excerpt":{"rendered":"<p>Bujaczek MoMi Tuli szaryZabawki, melodyjki i delikatne wibracje stymuluj\u0105 zmys\u0142y malucha, gdy przyjdzie pora spa\u0107 \u2013 sprawi\u0105, \u017ce Tw\u00f3j maluch zapadnie w b\u0142og\u0105 i spokojn\u0105 drzemk\u0119.Cechy:- Le\u017caczek przeznaczony dla dzieci od pierwszych dni \u017cycia do 9kg,- Wbudowany modu\u0142 sensoryczny,- 8 melodii,- 3 poziomy wibracji,- Pa\u0142\u0105k z zabawkami- grzechotka, szele\u015bcik, lusterko,- 3-punktowe pasy bezpiecze\u0144stwa,- Antypo\u015blizgowe podstawki,- [&hellip;]<\/p>\n","protected":false},"featured_media":5008,"comment_status":"closed","ping_status":"open","template":"","meta":[],"product_cat":[1156,1291],"product_tag":[758,841,636,760,634,820],"class_list":["post-5007","product","type-product","status-publish","has-post-thumbnail","hentry","product_cat-lezaczki-bujaki-i-hustawki-niemowlece","product_cat-momi","product_tag-julian","product_tag-quiz-o-flagach","product_tag-teksty-kolysanek","product_tag-zagadka-matematyczna","product_tag-zagadki-wielkanocne-dla-dzieci","product_tag-ziemia-wyspa-zielona-tekst"],"_links":{"self":[{"href":"http:\/\/klubmamgdynia.pl\/index.php\/wp-json\/wp\/v2\/product\/5007","targetHints":{"allow":["GET"]}}],"collection":[{"href":"http:\/\/klubmamgdynia.pl\/index.php\/wp-json\/wp\/v2\/product"}],"about":[{"href":"http:\/\/klubmamgdynia.pl\/index.php\/wp-json\/wp\/v2\/types\/product"}],"replies":[{"embeddable":true,"href":"http:\/\/klubmamgdynia.pl\/index.php\/wp-json\/wp\/v2\/comments?post=5007"}],"wp:featuredmedia":[{"embeddable":true,"href":"http:\/\/klubmamgdynia.pl\/index.php\/wp-json\/wp\/v2\/media\/5008"}],"wp:attachment":[{"href":"http:\/\/klubmamgdynia.pl\/index.php\/wp-json\/wp\/v2\/media?parent=5007"}],"wp:term":[{"taxonomy":"product_cat","embeddable":true,"href":"http:\/\/klubmamgdynia.pl\/index.php\/wp-json\/wp\/v2\/product_cat?post=5007"},{"taxonomy":"product_tag","embeddable":true,"href":"http:\/\/klubmamgdynia.pl\/index.php\/wp-json\/wp\/v2\/product_tag?post=5007"}],"curies":[{"name":"wp","href":"https:\/\/api.w.org\/{rel}","templated":true}]}}