{"id":5009,"date":"2020-12-14T16:12:44","date_gmt":"2020-12-14T15:12:44","guid":{"rendered":"http:\/\/klubmamgdynia.pl\/index.php\/produkt\/ford-oe-szyba-przednia-1821609\/"},"modified":"2026-04-29T14:16:14","modified_gmt":"2026-04-29T12:16:14","slug":"ford-oe-szyba-przednia-1821609","status":"publish","type":"product","link":"http:\/\/klubmamgdynia.pl\/index.php\/produkt\/ford-oe-szyba-przednia-1821609\/","title":{"rendered":"Ford Oe Szyba Przednia 1821609"},"content":{"rendered":"<p>Szyba przednia FordNumer katalogowy cz\u0119sci: 1821609Numer producenta: 1821609Szyba przednia FordKolor: zielonyPrzeszklenie: Przeszklenie akustyczne (redukcja ha\u0142asu),z mocowaniem lusterka,z okienkiem do podgl\u0105du numeru nadwozia VIN,obramowanyNumer artyku\u0142u zalecanego dodatku: 250002877,250002878,250003856,250003857,250021661Zamienniki:1821609W jednym modelu auta, mog\u0105 wyst\u0119powa\u0107 r\u00f3\u017cne warianty cz\u0119\u015bci.W przypadku niepewno\u015bci o w\u0142a\u015bciwy dob\u00f3r cz\u0119\u015bci, zalecana jest weryfikacja wg numeru VIN.<\/p>\n<h2>Ford Oe Szyba Przednia 1821609 Ford OE<\/h2>\n<p>kolorowanki psi patrol, zagadki o zwierzetach, zagadki zimowe dla dzieci, gdzie strumyk p\u0142ynie z wolna tekst, prezent dla 16 latki, uk\u0142ad s\u0142oneczny dla dzieci, basen warszawa, pomys\u0142 na prezent dla 15 latki, kwiecien plecien, prezent dla ch\u0142opca 7 lat, prezent dla jedenastolatka, co na roczek dla ch\u0142opca, atrakcje dla dzieci wroc\u0142aw, zagadki dla m\u0142odzie\u017cy, piosenka na dzie\u0144 mamy tekst, uk\u0142ad s\u0142oneczny dla dzieci do druku, mira imi\u0119, carmen imi\u0119, bajki o ksi\u0119\u017cniczkach do czytania<\/p>\n<p>yyyyy<\/p>\n<p>&nbsp;<\/p>\n","protected":false},"excerpt":{"rendered":"<p>Szyba przednia FordNumer katalogowy cz\u0119sci: 1821609Numer producenta: 1821609Szyba przednia FordKolor: zielonyPrzeszklenie: Przeszklenie akustyczne (redukcja ha\u0142asu),z mocowaniem lusterka,z okienkiem do podgl\u0105du numeru nadwozia VIN,obramowanyNumer artyku\u0142u zalecanego dodatku: 250002877,250002878,250003856,250003857,250021661Zamienniki:1821609W jednym modelu auta, mog\u0105 wyst\u0119powa\u0107 r\u00f3\u017cne warianty cz\u0119\u015bci.W przypadku niepewno\u015bci o w\u0142a\u015bciwy dob\u00f3r cz\u0119\u015bci, zalecana jest weryfikacja wg numeru VIN. Ford Oe Szyba Przednia 1821609 Ford OE kolorowanki [&hellip;]<\/p>\n","protected":false},"featured_media":5010,"comment_status":"closed","ping_status":"open","template":"","meta":[],"product_cat":[1292,1293],"product_tag":[814,739,824,698],"class_list":["post-5009","product","type-product","status-publish","has-post-thumbnail","hentry","product_cat-ford-oe","product_cat-szyby-przednie","product_tag-prezenty-dla-nastolatek","product_tag-prima-aprilis-w-szkole","product_tag-warszawa-atrakcje-dla-dzieci","product_tag-zagadki-dla-przedszkolakow"],"_links":{"self":[{"href":"http:\/\/klubmamgdynia.pl\/index.php\/wp-json\/wp\/v2\/product\/5009","targetHints":{"allow":["GET"]}}],"collection":[{"href":"http:\/\/klubmamgdynia.pl\/index.php\/wp-json\/wp\/v2\/product"}],"about":[{"href":"http:\/\/klubmamgdynia.pl\/index.php\/wp-json\/wp\/v2\/types\/product"}],"replies":[{"embeddable":true,"href":"http:\/\/klubmamgdynia.pl\/index.php\/wp-json\/wp\/v2\/comments?post=5009"}],"wp:featuredmedia":[{"embeddable":true,"href":"http:\/\/klubmamgdynia.pl\/index.php\/wp-json\/wp\/v2\/media\/5010"}],"wp:attachment":[{"href":"http:\/\/klubmamgdynia.pl\/index.php\/wp-json\/wp\/v2\/media?parent=5009"}],"wp:term":[{"taxonomy":"product_cat","embeddable":true,"href":"http:\/\/klubmamgdynia.pl\/index.php\/wp-json\/wp\/v2\/product_cat?post=5009"},{"taxonomy":"product_tag","embeddable":true,"href":"http:\/\/klubmamgdynia.pl\/index.php\/wp-json\/wp\/v2\/product_tag?post=5009"}],"curies":[{"name":"wp","href":"https:\/\/api.w.org\/{rel}","templated":true}]}}