{"id":501,"date":"2023-03-31T04:06:26","date_gmt":"2023-03-31T02:06:26","guid":{"rendered":"http:\/\/klubmamgdynia.pl\/index.php\/produkt\/pampers-active-baby-dry-4-maxi-7-14kg-70-szt\/"},"modified":"2026-04-22T14:01:48","modified_gmt":"2026-04-22T12:01:48","slug":"pampers-active-baby-dry-4-maxi-7-14kg-70-szt","status":"publish","type":"product","link":"http:\/\/klubmamgdynia.pl\/index.php\/produkt\/pampers-active-baby-dry-4-maxi-7-14kg-70-szt\/","title":{"rendered":"Pampers Active Baby-Dry 4 Maxi (7-14kg) 70 szt."},"content":{"rendered":"<p>Opis produktu                            <\/p>\n<p>Czy jeste\u015bcie gotowi na rewolucj\u0119 w kwestii pieluszek? Gdy tylko Wasze dziecko zacznie u\u017cywa\u0107 Pampers Active Baby-Dry, zauwa\u017cycie, \u017ce r\u00f3\u017cni\u0105 si\u0119 one od naszych poprzednich pieluszek. Zastosowana w nich rewolucyjna technologia pomaga r\u00f3wnomiernie rozprowadza\u0107 wilgo\u0107 w 3 ch\u0142onnych kanalikach i lepiej zamyka\u0107 j\u0105 wewn\u0105trz, przez co zmniejsza efekt pe\u0142nej, mokrej pieluchy po ca\u0142ej nocy. Pieluszka b\u0119dzie wygl\u0105da\u0142a na tak wygodn\u0105 i such\u0105, \u017ce b\u0119dziecie zastanawia\u0107 si\u0119, gdzie si\u0119 podzia\u0142a jej zawarto\u015b\u0107!<br \/>\nPieluszki Pampers Active Baby-Dry s\u0105 produktowane w Polsce.                            <\/p>\n<p>Cechy produktu i korzy\u015bci                            <\/p>\n<p>Gdzie podzia\u0142o si\u0119 siusiu? W trzech ch\u0142onnych kanalikach                            <\/p>\n<p>1. Elastyczne boczki: Zapewniaj\u0105 wygodne dopasowanie dla doskona\u0142ej ochrony przed przeciekaniem przez ca\u0142\u0105 noc<br \/>\n2. 3 ch\u0142onne kanaliki: Pomagaj\u0105 r\u00f3wnomiernie rozprowadza\u0107 wilgo\u0107 w por\u00f3wnaniu z innymi pieluszkami<br \/>\n3. Warstwa Dry: Wch\u0142ania wilgo\u0107 i zatrzymuje j\u0105 z dala od sk\u00f3ry dziecka<br \/>\n4. Mi\u0119kkie jak bawe\u0142na: G\u00f3rna warstwa, kt\u00f3ra ma kontakt ze sk\u00f3r\u0105 dziecka, jest mi\u0119kka i sucha, aby zapewni\u0107 maluszkowi spokojn\u0105 noc<br \/>\n5. Oddychaj\u0105ce materia\u0142y: Aby zapewni\u0107 odpowiedni\u0105 cyrkulacj\u0119 powietrza wok\u00f3\u0142 sk\u00f3ry dziecka<br \/>\n6. Ch\u0142onne mikropere\u0142ki: Warstwa wewn\u0119trzna z mikropere\u0142kami, aby wch\u0142ania\u0107 wilgo\u0107 i zamyka\u0107 j\u0105 wewn\u0105trz \u2013 nawet do 12 godzin                            <\/p>\n<p>Odkryj jak dzia\u0142aj\u0105 ch\u0142onne kanaliki                            <\/p>\n<p>Co Ci b\u0119dzie potrzebne:                            <\/p>\n<p>Pieluszka Active Baby-Dry + Woda + No\u017cyczki + Butelka                            <\/p>\n<p>Odmierz 150 ml wody i nalej na \u015brodek pieluszki.                            <\/p>\n<p>PO\u017bEGNAJ SI\u0118 Z PE\u0141N\u0104, MOKR\u0104 PIELUCH\u0104<br \/>\nChwy\u0107 pieluszk\u0119 i energicznie ni\u0105 potrz\u0105\u015bnij.                            <\/p>\n<p>JEST TAKA SUCHA W DOTYKU<br \/>\nPoczuj, jak sucha jest pieluszka w kontakcie ze sk\u00f3r\u0105.                            <\/p>\n<p>ZOBACZ GDZIE ZBIERA SI\u0118 WILGO\u0106<br \/>\nPrzetnij pileuszk\u0119, aby zobaczy\u0107 nasze ch\u0142onne kanaliki.                            <\/p>\n<p>Por\u00f3wnaj nasze produkty                            <\/p>\n<p>Wypr\u00f3buj pieluchomajtki Pampers Pants                            <\/p>\n<p>Dowiedz si\u0119 wi\u0119cej                            <\/p>\n<p>Kiedy zmieni\u0107 pieluszk\u0119?<br \/>\nW pierwszych kilku miesi\u0105cach macierzy\u0144stwa b\u0119dziesz przewija\u0107 swoj\u0105 pociech\u0119 nawet do dziesi\u0119ciu razy na dob\u0119. Pieluszk\u0119 nale\u017cy zmieni\u0107 za ka\u017cdym razem kiedy jest mokra lub zabrudzona. Twoje dziecko da Ci znak kiedy zajdzie taka potrzeba, ale nie za ka\u017cdym razem. W superch\u0142onnych pieluszkach Pampers b\u0119dziesz w stanie oceni\u0107 czy pieluszka jest mokra, wyczuwaj\u0105c d\u0142o\u0144mi mi\u0119kkie grudki w materiale ch\u0142on\u0105cym.<br \/>\nPrzewa\u017cnie pieluszki zmienia si\u0119 w nast\u0119puj\u0105cych porach:<br \/>\ntu\u017c przed lub tu\u017c po karmieniu<br \/>\npo ka\u017cdym wypr\u00f3\u017cnieniu<br \/>\ntu\u017c przed snem<br \/>\ntu\u017c po przebudzeniu<br \/>\ntu\u017c przed wsp\u00f3lnym wyj\u015bciem z domuSztuka przewijania<br \/>\nPieluszki Pampers zosta\u0142y zaprojektowane tak, aby dopasowa\u0142y si\u0119 do kszta\u0142t\u00f3w cia\u0142a Twojego dziecka daj\u0105c mu komfort i wygod\u0119. Dzi\u0119ki temu podczas przewijania nie zachodzi potrzeba wywijania brzeg\u00f3w pieluszki w pasie ani dopasowywania otwor\u00f3w na n\u00f3\u017cki. Przyklej zapi\u0119cia r\u00f3wnolegle do g\u00f3rnego brzegu pieluszki, dok\u0142adnie po\u015brodku zadrukowanego paska. Zwr\u00f3\u0107 uwag\u0119 na nadruk, kt\u00f3ry pomo\u017ce Ci upewni\u0107 si\u0119, \u017ce zapi\u0119cia s\u0105 r\u00f3wno przyklejone. Staraj si\u0119 trzyma\u0107 produkty piel\u0119gnacyjne, takie ja zasypka, z daleka od zapi\u0119\u0107 aby zachowa\u0142y w\u0142a\u015bciwo\u015bci klej\u0105ce.<br \/>\nPodcieranie<br \/>\nWszystkie rodzaje chusteczek Pampers w delikatny spos\u00f3b czyszcz\u0105 sk\u00f3r\u0119 Twojego dziecka oraz pomog\u0105 przywr\u00f3ci\u0107 jej naturalny wsp\u00f3\u0142czynnik pH przy ka\u017cdorazowej zmianie pieluszki. Podczas przewijania zawsze miej przy sobie zapas nawil\u017canych chusteczek, aby zapewni\u0107 swojemu dziecku czysto\u015b\u0107<br \/>\ni \u015bwie\u017co\u015b\u0107.<br \/>\nPodczas przewijania dziewczynki upewnij si\u0119, \u017ceby za ka\u017cdym razem podetrze\u0107 j\u0105 od przodu do ty\u0142u, aby zminimalizowa\u0107 ryzyko zabrudzenia okolic genitali\u00f3w. Uwa\u017cnie przemywaj ten rejon aby pozby\u0107 si\u0119 zanieczyszcze\u0144, kt\u00f3re mog\u0105 znajdowa\u0107 si\u0119 pomi\u0119dzy fa\u0142dkami sk\u00f3ry<\/p>\n<p>Zapobieganie odparzeniom<br \/>\nCzerwona wysypka na pupie Twojego dziecka mo\u017ce by\u0107 oznak\u0105 pieluszkowego zapalenia sk\u00f3ry, kt\u00f3re mo\u017ce by\u0107 powodowane przez wiele czynnik\u00f3w, od zbyt d\u0142ugiego kontaktu sk\u00f3ry z moczem i stolcem po stosowanie antybiotyk\u00f3w. Gdy Twoja pociecha zacznie spo\u017cywa\u0107 sta\u0142e po\u017cywienie, odczekaj kilka dni przed wprowadzeniem kolejnego produktu do jad\u0142ospisu, aby upewni\u0107 si\u0119, \u017ce poprzedni nie powoduje wysypki. Je\u015bli u Twojego dziecka wyst\u0105pi pieluszkowe zapalenie sk\u00f3ry, delikatnie oczyszczaj ca\u0142\u0105 zarumienion\u0105 powierzchni\u0119 sk\u00f3ry przy pomocy nawil\u017canych chusteczek. Podra\u017cnionej sk\u00f3rze r\u00f3wnie\u017c dobrze jest zapewni\u0107 dost\u0119p powietrza. Je\u015bli stan sk\u00f3ry si\u0119 nie poprawia, skonsultuj si\u0119 z pediatr\u0105 lub farmaceut\u0105.<br \/>\nDopasowanie rozmiaru<br \/>\nDzieci wol\u0105 by\u0107 ubrane w idealnie dopasowane rzeczy tak samo jak doro\u015bli. Dobierz rozmiar pieluszki tak, aby nie opada\u0142a i nie odstawa\u0142a od sk\u00f3ry nawet podczas raczkowania i zabawy. To pomo\u017ce zapobiec przeciekaniu. W ka\u017cdym<br \/>\nz opis\u00f3w produkt\u00f3w na naszej stronie znajdziesz wytyczne, kt\u00f3re okre\u015blaj\u0105 \u015bredni\u0105 wag\u0119 dziecka dla ka\u017cdego z dost\u0119pnych rozmiar\u00f3w. Pami\u0119taj r\u00f3wnie\u017c, \u017ce zmieniaj\u0105c rozmiar pieluszki na wi\u0119kszy zyskujesz r\u00f3wnie\u017c na ch\u0142onno\u015bci.<br \/>\nBezpiecze\u0144stwo podczas przewijania<br \/>\nMo\u017cesz kupowa\u0107 im najmodniejsze zabawki, a dzieci i tak najch\u0119tniej bawi\u0105 si\u0119 tym, czym nie powinny, jak na przyk\u0142ad pieluszkami. Wa\u017cne jest jednak aby pieluszka pozostawa\u0142a tam, gdzie jej miejsce \u2013 na pupie Twojego dziecka.<br \/>\nNie pozw\u00f3l dziecku wk\u0142ada\u0107 pieluszki do buzi. Pozb\u0105d\u017a si\u0119 rozerwanych lub niezapinaj\u0105cych si\u0119 pieluszek. Uwa\u017cnie czytaj wszystkie ostrze\u017cenia na opakowaniach.<br \/>\nInformacje o materiale ch\u0142on\u0105cym<br \/>\n\u017belowy materia\u0142 ch\u0142on\u0105cy to popularna substancja \u017celuj\u0105ca, kt\u00f3ra wyst\u0119puje w wype\u0142nieniu pieluszki i poch\u0142ania wilgo\u0107. Mo\u017cesz zauwa\u017cy\u0107 go czasem na sk\u00f3rze, zw\u0142aszcza kiedy pieluszka jest przepe\u0142niona. \u0141atwo j\u0105 usun\u0105\u0107 przecieraj\u0105c sk\u00f3r\u0119 chusteczk\u0105.<br \/>\nSubstancja ta bezpiecznie wykorzystywana jest z od wielu lat w r\u00f3\u017cnych produktach, a w pieluszkach stosowana jest ju\u017c od ponad dekady. Materia\u0142 \u017celuj\u0105cy jest blisko spokrewniony w swoim sk\u0142adzie ze zwi\u0105zkami bardzo cz\u0119sto wykorzystywanymi w produkcji kosmetyk\u00f3w, po\u017cywienia oraz kapsu\u0142ek lek\u00f3w.<br \/>\nPrzechowywanie pieluszek<br \/>\nPrzechowuj pieluszki w miejscu, w kt\u00f3rym nie b\u0119d\u0105 nara\u017cone na wysokie temperatury i wilgotno\u015b\u0107 powietrza, oraz z dala od produkt\u00f3w perfumowanych. Poleca si\u0119 przechowywa\u0107 je w suchym miejscu, gdzie temperatura nie przekracza 30\u00b0C.<\/p>\n<h2>Pampers Active Baby-Dry 4 Maxi (7-14kg) 70 szt. Pampers<\/h2>\n<p>zagadki dla dzieci 9 10 lat z odpowiedziami, zagadki wielkanocne dla dzieci, gloria imie, literki do pisania do druku, magiczne drzewo czerwone krzes\u0142o test, irma, koty rysunki, wieliczka bon turystyczny, mitologia grecka test wiedzy, macierzy\u0144stwo cytaty, prezent dla nastolatk\u00f3w na \u015bwi\u0119ta, linda, nauka pisania wyraz\u00f3w dla dzieci do druku pdf, test z lektury mitologia grecka<\/p>\n<p>yyyyy<\/p>\n<p>&nbsp;<\/p>\n","protected":false},"excerpt":{"rendered":"<p>Opis produktu Czy jeste\u015bcie gotowi na rewolucj\u0119 w kwestii pieluszek? Gdy tylko Wasze dziecko zacznie u\u017cywa\u0107 Pampers Active Baby-Dry, zauwa\u017cycie, \u017ce r\u00f3\u017cni\u0105 si\u0119 one od naszych poprzednich pieluszek. Zastosowana w nich rewolucyjna technologia pomaga r\u00f3wnomiernie rozprowadza\u0107 wilgo\u0107 w 3 ch\u0142onnych kanalikach i lepiej zamyka\u0107 j\u0105 wewn\u0105trz, przez co zmniejsza efekt pe\u0142nej, mokrej pieluchy po ca\u0142ej [&hellip;]<\/p>\n","protected":false},"featured_media":502,"comment_status":"closed","ping_status":"open","template":"","meta":[],"product_cat":[185,17],"product_tag":[777,826,589,591,725],"class_list":["post-501","product","type-product","status-publish","has-post-thumbnail","hentry","product_cat-pampers","product_cat-pieluchy","product_tag-co-na-roczek","product_tag-prezent-dla-15-latka","product_tag-prezent-dla-rocznego-dziecka","product_tag-quiz-o-minecraft","product_tag-zgadywanki"],"_links":{"self":[{"href":"http:\/\/klubmamgdynia.pl\/index.php\/wp-json\/wp\/v2\/product\/501","targetHints":{"allow":["GET"]}}],"collection":[{"href":"http:\/\/klubmamgdynia.pl\/index.php\/wp-json\/wp\/v2\/product"}],"about":[{"href":"http:\/\/klubmamgdynia.pl\/index.php\/wp-json\/wp\/v2\/types\/product"}],"replies":[{"embeddable":true,"href":"http:\/\/klubmamgdynia.pl\/index.php\/wp-json\/wp\/v2\/comments?post=501"}],"wp:featuredmedia":[{"embeddable":true,"href":"http:\/\/klubmamgdynia.pl\/index.php\/wp-json\/wp\/v2\/media\/502"}],"wp:attachment":[{"href":"http:\/\/klubmamgdynia.pl\/index.php\/wp-json\/wp\/v2\/media?parent=501"}],"wp:term":[{"taxonomy":"product_cat","embeddable":true,"href":"http:\/\/klubmamgdynia.pl\/index.php\/wp-json\/wp\/v2\/product_cat?post=501"},{"taxonomy":"product_tag","embeddable":true,"href":"http:\/\/klubmamgdynia.pl\/index.php\/wp-json\/wp\/v2\/product_tag?post=501"}],"curies":[{"name":"wp","href":"https:\/\/api.w.org\/{rel}","templated":true}]}}