{"id":5011,"date":"2023-11-21T04:23:38","date_gmt":"2023-11-21T03:23:38","guid":{"rendered":"http:\/\/klubmamgdynia.pl\/?post_type=product&#038;p=5011"},"modified":"2026-04-25T14:50:51","modified_gmt":"2026-04-25T12:50:51","slug":"sluban-klocki-domek-ogrod-grill-marzenie-dziewczyn","status":"publish","type":"product","link":"http:\/\/klubmamgdynia.pl\/index.php\/produkt\/sluban-klocki-domek-ogrod-grill-marzenie-dziewczyn\/","title":{"rendered":"Sluban Klocki Domek Ogr\u00f3d Grill Marzenie Dziewczyn"},"content":{"rendered":"<p>KLOCKI SLUBANSERIA: MARZENIA DZIEWCZYN \/ GIRLS DREAMMODEL: M38-B0822DOMEK OGR\u00d3D GRILLILO\u015a\u0106 ELEMENT\u00d3W: 410szt.ZGODNO\u015a\u0106 Z NORMAMI UNIJNYMI: CE; EN71Klocki SLUBAN zaprojektowano z my\u015bl\u0105 o bezpiecze\u0144stwie dziecka, co zosta\u0142o potwierdzone przeprowadzonymi testami i dopuszczeniem produktu do sprzeda\u017cy na terenie Unii Europejskiej.Zestawy Klock\u00f3w SLUBAN rozwijaj\u0105 zdolno\u015bci manualne oraz kreatywno\u015b\u0107 dziecka. Pozwalaj\u0105 na \u0107wiczenie koncentracji oraz rozwijaj\u0105 umiej\u0119tno\u015b\u0107 my\u015blenia logicznego. Powoduj\u0105 r\u00f3wnie\u017c poznanie szeregu zawod\u00f3w.Zestaw DOMEK OGR\u00d3D GRILL  sk\u0142ada si\u0119 z 410 element\u00f3w w postaci klock\u00f3w i figurek, jest on kompatybilny z innymi markami klock\u00f3w (LEGO; COBI; KAZI; BLOCKI; LEUI i wiele innych)Zestaw MARZENIA DZIEWCZYN DOMEK OGR\u00d3D GRILL , zabawa nim sprawi wiele rado\u015bci i satysfakcji dziecku.<\/p>\n<h2>Sluban Klocki Domek Ogr\u00f3d Grill Marzenie Dziewczyn Sluban<\/h2>\n<p>linda, pytania logiczne, prezent dla dziewczynki na roczek, krok jak narysowa\u0107 konia, pokemon kolorowanki do druku<\/p>\n<p>yyyyy<\/p>\n<p>&nbsp;<\/p>\n","protected":false},"excerpt":{"rendered":"<p>KLOCKI SLUBANSERIA: MARZENIA DZIEWCZYN \/ GIRLS DREAMMODEL: M38-B0822DOMEK OGR\u00d3D GRILLILO\u015a\u0106 ELEMENT\u00d3W: 410szt.ZGODNO\u015a\u0106 Z NORMAMI UNIJNYMI: CE; EN71Klocki SLUBAN zaprojektowano z my\u015bl\u0105 o bezpiecze\u0144stwie dziecka, co zosta\u0142o potwierdzone przeprowadzonymi testami i dopuszczeniem produktu do sprzeda\u017cy na terenie Unii Europejskiej.Zestawy Klock\u00f3w SLUBAN rozwijaj\u0105 zdolno\u015bci manualne oraz kreatywno\u015b\u0107 dziecka. Pozwalaj\u0105 na \u0107wiczenie koncentracji oraz rozwijaj\u0105 umiej\u0119tno\u015b\u0107 my\u015blenia logicznego. [&hellip;]<\/p>\n","protected":false},"featured_media":5012,"comment_status":"closed","ping_status":"open","template":"","meta":[],"product_cat":[113,513],"product_tag":[683,766,780,742,608],"class_list":["post-5011","product","type-product","status-publish","has-post-thumbnail","hentry","product_cat-klocki","product_cat-sluban","product_tag-karaluchy-pod-poduchy","product_tag-kira","product_tag-krecik-bajka","product_tag-piosenki-dla-dzieci-tekst","product_tag-zagadki-i-odpowiedzi"],"_links":{"self":[{"href":"http:\/\/klubmamgdynia.pl\/index.php\/wp-json\/wp\/v2\/product\/5011","targetHints":{"allow":["GET"]}}],"collection":[{"href":"http:\/\/klubmamgdynia.pl\/index.php\/wp-json\/wp\/v2\/product"}],"about":[{"href":"http:\/\/klubmamgdynia.pl\/index.php\/wp-json\/wp\/v2\/types\/product"}],"replies":[{"embeddable":true,"href":"http:\/\/klubmamgdynia.pl\/index.php\/wp-json\/wp\/v2\/comments?post=5011"}],"wp:featuredmedia":[{"embeddable":true,"href":"http:\/\/klubmamgdynia.pl\/index.php\/wp-json\/wp\/v2\/media\/5012"}],"wp:attachment":[{"href":"http:\/\/klubmamgdynia.pl\/index.php\/wp-json\/wp\/v2\/media?parent=5011"}],"wp:term":[{"taxonomy":"product_cat","embeddable":true,"href":"http:\/\/klubmamgdynia.pl\/index.php\/wp-json\/wp\/v2\/product_cat?post=5011"},{"taxonomy":"product_tag","embeddable":true,"href":"http:\/\/klubmamgdynia.pl\/index.php\/wp-json\/wp\/v2\/product_tag?post=5011"}],"curies":[{"name":"wp","href":"https:\/\/api.w.org\/{rel}","templated":true}]}}