{"id":5013,"date":"2011-05-27T01:08:56","date_gmt":"2011-05-26T23:08:56","guid":{"rendered":"http:\/\/klubmamgdynia.pl\/index.php\/produkt\/koh-i-nor-zestaw-koh-i-noor-inspiracje-z-akwarela-19\/"},"modified":"2026-04-06T01:36:19","modified_gmt":"2026-04-05T23:36:19","slug":"koh-i-nor-zestaw-koh-i-noor-inspiracje-z-akwarela-19","status":"publish","type":"product","link":"http:\/\/klubmamgdynia.pl\/index.php\/produkt\/koh-i-nor-zestaw-koh-i-noor-inspiracje-z-akwarela-19\/","title":{"rendered":"Koh-I-Nor Zestaw Koh-I-Noor Inspiracje Z Akwarel\u0105 19"},"content":{"rendered":"<p>W sk\u0142ad zestawu wchodz\u0105: &#8211; zestaw kredek akwarelowych 3711 &#8211; 2 o\u0142\u00f3wki i gumka &#8211; blok \u201eakwarele inspiracje\u201c<\/p>\n<h2>Koh-I-Nor Zestaw Koh-I-Noor Inspiracje Z Akwarel\u0105 19 <\/h2>\n<p>prezent dla ch\u0142opca 7 lat, zagadki dla doros\u0142ych z odpowiedziami, przyja\u017a\u0144, dziecko cytaty z\u0142ote my\u015bli, zagadki wielkanocne dla dzieci, wzruszaj\u0105ce teksty dla mamy, z\u0142ote my\u015bli o przyja\u017ani, samolot z papieru, pokemon kolorowanki<\/p>\n<p>yyyyy<\/p>\n<p>&nbsp;<\/p>\n","protected":false},"excerpt":{"rendered":"<p>W sk\u0142ad zestawu wchodz\u0105: &#8211; zestaw kredek akwarelowych 3711 &#8211; 2 o\u0142\u00f3wki i gumka &#8211; blok \u201eakwarele inspiracje\u201c Koh-I-Nor Zestaw Koh-I-Noor Inspiracje Z Akwarel\u0105 19 prezent dla ch\u0142opca 7 lat, zagadki dla doros\u0142ych z odpowiedziami, przyja\u017a\u0144, dziecko cytaty z\u0142ote my\u015bli, zagadki wielkanocne dla dzieci, wzruszaj\u0105ce teksty dla mamy, z\u0142ote my\u015bli o przyja\u017ani, samolot z papieru, [&hellip;]<\/p>\n","protected":false},"featured_media":5014,"comment_status":"closed","ping_status":"open","template":"","meta":[],"product_cat":[297],"product_tag":[685,867,806],"class_list":["post-5013","product","type-product","status-publish","has-post-thumbnail","hentry","product_cat-szkolne-artykuly-plastyczne","product_tag-cytaty-o-rodzinie","product_tag-kolorowanki-dla-dziewczynek","product_tag-prezent-dla-dziecka-na-roczek"],"_links":{"self":[{"href":"http:\/\/klubmamgdynia.pl\/index.php\/wp-json\/wp\/v2\/product\/5013","targetHints":{"allow":["GET"]}}],"collection":[{"href":"http:\/\/klubmamgdynia.pl\/index.php\/wp-json\/wp\/v2\/product"}],"about":[{"href":"http:\/\/klubmamgdynia.pl\/index.php\/wp-json\/wp\/v2\/types\/product"}],"replies":[{"embeddable":true,"href":"http:\/\/klubmamgdynia.pl\/index.php\/wp-json\/wp\/v2\/comments?post=5013"}],"wp:featuredmedia":[{"embeddable":true,"href":"http:\/\/klubmamgdynia.pl\/index.php\/wp-json\/wp\/v2\/media\/5014"}],"wp:attachment":[{"href":"http:\/\/klubmamgdynia.pl\/index.php\/wp-json\/wp\/v2\/media?parent=5013"}],"wp:term":[{"taxonomy":"product_cat","embeddable":true,"href":"http:\/\/klubmamgdynia.pl\/index.php\/wp-json\/wp\/v2\/product_cat?post=5013"},{"taxonomy":"product_tag","embeddable":true,"href":"http:\/\/klubmamgdynia.pl\/index.php\/wp-json\/wp\/v2\/product_tag?post=5013"}],"curies":[{"name":"wp","href":"https:\/\/api.w.org\/{rel}","templated":true}]}}