{"id":5015,"date":"2017-12-09T14:44:37","date_gmt":"2017-12-09T13:44:37","guid":{"rendered":"http:\/\/klubmamgdynia.pl\/index.php\/produkt\/maileg-metalowe-kroliczki-easter-bunny-ornaments-5-pcs\/"},"modified":"2026-04-06T06:21:23","modified_gmt":"2026-04-06T04:21:23","slug":"maileg-metalowe-kroliczki-easter-bunny-ornaments-5-pcs","status":"publish","type":"product","link":"http:\/\/klubmamgdynia.pl\/index.php\/produkt\/maileg-metalowe-kroliczki-easter-bunny-ornaments-5-pcs\/","title":{"rendered":"Maileg Metalowe Kr\u00f3liczki Easter Bunny Ornaments 5 Pcs"},"content":{"rendered":"<p>Zestaw 5 uroczych metalowych kr\u00f3liczk\u00f3w, z ozdobnym kwiatowym wzorem<\/p>\n<h2>Maileg Metalowe Kr\u00f3liczki Easter Bunny Ornaments 5 Pcs Maileg<\/h2>\n<p>atrakcje dla nastolatk\u00f3w, kolorowanka lato, kotki kolorowanka, quiz z ma\u0142ego ksi\u0119cia, malowanki, krotkie zagadki, kotek kolorowanka do druku, agroturystyka dla dzieci ze zwierz\u0119tami, test z lektury opowie\u015bci z narnii lew czarownica i stara szafa, alfons, jak narysowa\u0107 kr\u00f3lika, zagadka matematyczna dla dzieci, andrzejki kolorowanki do druku, opowie\u015bci z narni lew czarownica i stara szafa test<\/p>\n<p>yyyyy<\/p>\n<p>&nbsp;<\/p>\n","protected":false},"excerpt":{"rendered":"<p>Zestaw 5 uroczych metalowych kr\u00f3liczk\u00f3w, z ozdobnym kwiatowym wzorem Maileg Metalowe Kr\u00f3liczki Easter Bunny Ornaments 5 Pcs Maileg atrakcje dla nastolatk\u00f3w, kolorowanka lato, kotki kolorowanka, quiz z ma\u0142ego ksi\u0119cia, malowanki, krotkie zagadki, kotek kolorowanka do druku, agroturystyka dla dzieci ze zwierz\u0119tami, test z lektury opowie\u015bci z narnii lew czarownica i stara szafa, alfons, jak narysowa\u0107 [&hellip;]<\/p>\n","protected":false},"featured_media":5016,"comment_status":"closed","ping_status":"open","template":"","meta":[],"product_cat":[947,42],"product_tag":[829,610,617,592],"class_list":["post-5015","product","type-product","status-publish","has-post-thumbnail","hentry","product_cat-maileg","product_cat-maskotki","product_tag-bajki-do-czytania-na-dobranoc","product_tag-co-na-prezent-dla-nastolatkow","product_tag-keyword","product_tag-zagadki-dla-dzieci"],"_links":{"self":[{"href":"http:\/\/klubmamgdynia.pl\/index.php\/wp-json\/wp\/v2\/product\/5015","targetHints":{"allow":["GET"]}}],"collection":[{"href":"http:\/\/klubmamgdynia.pl\/index.php\/wp-json\/wp\/v2\/product"}],"about":[{"href":"http:\/\/klubmamgdynia.pl\/index.php\/wp-json\/wp\/v2\/types\/product"}],"replies":[{"embeddable":true,"href":"http:\/\/klubmamgdynia.pl\/index.php\/wp-json\/wp\/v2\/comments?post=5015"}],"wp:featuredmedia":[{"embeddable":true,"href":"http:\/\/klubmamgdynia.pl\/index.php\/wp-json\/wp\/v2\/media\/5016"}],"wp:attachment":[{"href":"http:\/\/klubmamgdynia.pl\/index.php\/wp-json\/wp\/v2\/media?parent=5015"}],"wp:term":[{"taxonomy":"product_cat","embeddable":true,"href":"http:\/\/klubmamgdynia.pl\/index.php\/wp-json\/wp\/v2\/product_cat?post=5015"},{"taxonomy":"product_tag","embeddable":true,"href":"http:\/\/klubmamgdynia.pl\/index.php\/wp-json\/wp\/v2\/product_tag?post=5015"}],"curies":[{"name":"wp","href":"https:\/\/api.w.org\/{rel}","templated":true}]}}