{"id":5017,"date":"2020-10-22T02:06:12","date_gmt":"2020-10-22T00:06:12","guid":{"rendered":"http:\/\/klubmamgdynia.pl\/index.php\/produkt\/icom-zestaw-do-przewozu-koni-polska\/"},"modified":"2026-04-05T21:17:15","modified_gmt":"2026-04-05T19:17:15","slug":"icom-zestaw-do-przewozu-koni-polska","status":"publish","type":"product","link":"http:\/\/klubmamgdynia.pl\/index.php\/produkt\/icom-zestaw-do-przewozu-koni-polska\/","title":{"rendered":"Icom Zestaw Do Przewozu Koni Polska"},"content":{"rendered":"<h2>Icom Zestaw Do Przewozu Koni Polska Icom<\/h2>\n<p>kolorowanka lato, leonardo imie, kartka walentynkowa r\u0119cznie robiona \u0142atwa, gry planszowe dla m\u0142odzie\u017cy, test z lektury ania z zielonego wzg\u00f3rza klasa 6 z odpowiedziami<\/p>\n<p>yyyyy<\/p>\n<p>&nbsp;<\/p>\n","protected":false},"excerpt":{"rendered":"<p>Icom Zestaw Do Przewozu Koni Polska Icom kolorowanka lato, leonardo imie, kartka walentynkowa r\u0119cznie robiona \u0142atwa, gry planszowe dla m\u0142odzie\u017cy, test z lektury ania z zielonego wzg\u00f3rza klasa 6 z odpowiedziami yyyyy &nbsp;<\/p>\n","protected":false},"featured_media":5018,"comment_status":"closed","ping_status":"open","template":"","meta":[],"product_cat":[172,102],"product_tag":[758,735,726,600,805],"class_list":["post-5017","product","type-product","status-publish","has-post-thumbnail","hentry","product_cat-akcesoria-dla-lalek","product_cat-icom","product_tag-julian","product_tag-prezent-na-roczek-dziewczynka","product_tag-quiz-zemsta","product_tag-zaproszenia-na-urodziny-do-druku","product_tag-znaczenie-imienia-alan"],"_links":{"self":[{"href":"http:\/\/klubmamgdynia.pl\/index.php\/wp-json\/wp\/v2\/product\/5017","targetHints":{"allow":["GET"]}}],"collection":[{"href":"http:\/\/klubmamgdynia.pl\/index.php\/wp-json\/wp\/v2\/product"}],"about":[{"href":"http:\/\/klubmamgdynia.pl\/index.php\/wp-json\/wp\/v2\/types\/product"}],"replies":[{"embeddable":true,"href":"http:\/\/klubmamgdynia.pl\/index.php\/wp-json\/wp\/v2\/comments?post=5017"}],"wp:featuredmedia":[{"embeddable":true,"href":"http:\/\/klubmamgdynia.pl\/index.php\/wp-json\/wp\/v2\/media\/5018"}],"wp:attachment":[{"href":"http:\/\/klubmamgdynia.pl\/index.php\/wp-json\/wp\/v2\/media?parent=5017"}],"wp:term":[{"taxonomy":"product_cat","embeddable":true,"href":"http:\/\/klubmamgdynia.pl\/index.php\/wp-json\/wp\/v2\/product_cat?post=5017"},{"taxonomy":"product_tag","embeddable":true,"href":"http:\/\/klubmamgdynia.pl\/index.php\/wp-json\/wp\/v2\/product_tag?post=5017"}],"curies":[{"name":"wp","href":"https:\/\/api.w.org\/{rel}","templated":true}]}}