{"id":5023,"date":"2021-11-08T08:37:37","date_gmt":"2021-11-08T07:37:37","guid":{"rendered":"http:\/\/klubmamgdynia.pl\/index.php\/produkt\/zapf-lalka-interaktywna-baby-born-siostrzyczka-brunetka\/"},"modified":"2026-04-29T19:37:57","modified_gmt":"2026-04-29T17:37:57","slug":"zapf-lalka-interaktywna-baby-born-siostrzyczka-brunetka","status":"publish","type":"product","link":"http:\/\/klubmamgdynia.pl\/index.php\/produkt\/zapf-lalka-interaktywna-baby-born-siostrzyczka-brunetka\/","title":{"rendered":"Zapf Lalka Interaktywna Baby Born Siostrzyczka Brunetka"},"content":{"rendered":"<p>Lalka interaktywna BABY BORN siostrzyczka, brunetkaJak ka\u017cda dziewczynka BABY born zawsze chcia\u0142a mie\u0107 siostr\u0119, kt\u00f3ra mog\u0142a przytuli\u0107 si\u0119 do niej, rozmawia\u0107 z ni\u0105, dzieli\u0107 si\u0119 tajemnicami oraz do\u015bwiadczy\u0107 wielu wsp\u00f3lnych gier. Oto ona: Interaktywna siostra BABY born. Ma pi\u0119kne d\u0142ugie w\u0142osy, kt\u00f3re mo\u017cna my\u0107 i stylizowa\u0107. Ma\u0142a blondyneczka posiada w zestawie jedn\u0105 szczotk\u0119, trzy spinki i dwie gumki do w\u0142os\u00f3w. Ona jest troch\u0119 starsza ni\u017c BABY born, ale jest tej samej wielko\u015bci, co sprawia, \u017ce \u0142atwo mozna po\u017cycza\u0107 sobie ubrania. Siostra posiada sze\u015b\u0107 realistycznych funkcji dla jeszcze lepszej zabawy. BABY born siostra posiada w zestawie bluzk\u0119, par\u0119 leggins\u00f3w i buty, jak r\u00f3wnie\u017c 1 butelk\u0119, szczotk\u0119 do w\u0142os\u00f3w, spinki i gumki do w\u0142os\u00f3w, bransoletki przyja\u017ani dla dziewczynki i dla lalki.<\/p>\n<h2>Zapf Lalka Interaktywna Baby Born Siostrzyczka Brunetka Zapf<\/h2>\n<p>zagadki zimowe dla dzieci, m\u0105dra my\u015bl na dobranoc, bajki do czytania online, \u015bwi\u0105teczny film dla dzieci, walentynka dla syna, pisanie po \u015bladzie do druku pdf, przechowywanie zabawek, malowane kamienie, quiz bo\u017ce narodzenie, quiz o stolicach europy, maska karnawa\u0142owa pdf, natan imi\u0119, sentencje o rodzinie, najrzadsze imiona, bezwarunkowa mi\u0142o\u015b\u0107 do dziecka cytaty, co kupi\u0107 ch\u0142opcu na roczek<\/p>\n<p>yyyyy<\/p>\n<p>&nbsp;<\/p>\n","protected":false},"excerpt":{"rendered":"<p>Lalka interaktywna BABY BORN siostrzyczka, brunetkaJak ka\u017cda dziewczynka BABY born zawsze chcia\u0142a mie\u0107 siostr\u0119, kt\u00f3ra mog\u0142a przytuli\u0107 si\u0119 do niej, rozmawia\u0107 z ni\u0105, dzieli\u0107 si\u0119 tajemnicami oraz do\u015bwiadczy\u0107 wielu wsp\u00f3lnych gier. Oto ona: Interaktywna siostra BABY born. Ma pi\u0119kne d\u0142ugie w\u0142osy, kt\u00f3re mo\u017cna my\u0107 i stylizowa\u0107. Ma\u0142a blondyneczka posiada w zestawie jedn\u0105 szczotk\u0119, trzy spinki [&hellip;]<\/p>\n","protected":false},"featured_media":5024,"comment_status":"closed","ping_status":"open","template":"","meta":[],"product_cat":[65,1288],"product_tag":[868,791,712],"class_list":["post-5023","product","type-product","status-publish","has-post-thumbnail","hentry","product_cat-lalki","product_cat-zapf","product_tag-quizy-dla-dzieci","product_tag-zagadki-na-myslenie","product_tag-zagadki-o-zwierzetach"],"_links":{"self":[{"href":"http:\/\/klubmamgdynia.pl\/index.php\/wp-json\/wp\/v2\/product\/5023","targetHints":{"allow":["GET"]}}],"collection":[{"href":"http:\/\/klubmamgdynia.pl\/index.php\/wp-json\/wp\/v2\/product"}],"about":[{"href":"http:\/\/klubmamgdynia.pl\/index.php\/wp-json\/wp\/v2\/types\/product"}],"replies":[{"embeddable":true,"href":"http:\/\/klubmamgdynia.pl\/index.php\/wp-json\/wp\/v2\/comments?post=5023"}],"wp:featuredmedia":[{"embeddable":true,"href":"http:\/\/klubmamgdynia.pl\/index.php\/wp-json\/wp\/v2\/media\/5024"}],"wp:attachment":[{"href":"http:\/\/klubmamgdynia.pl\/index.php\/wp-json\/wp\/v2\/media?parent=5023"}],"wp:term":[{"taxonomy":"product_cat","embeddable":true,"href":"http:\/\/klubmamgdynia.pl\/index.php\/wp-json\/wp\/v2\/product_cat?post=5023"},{"taxonomy":"product_tag","embeddable":true,"href":"http:\/\/klubmamgdynia.pl\/index.php\/wp-json\/wp\/v2\/product_tag?post=5023"}],"curies":[{"name":"wp","href":"https:\/\/api.w.org\/{rel}","templated":true}]}}