{"id":5029,"date":"2020-09-18T20:33:36","date_gmt":"2020-09-18T18:33:36","guid":{"rendered":"http:\/\/klubmamgdynia.pl\/index.php\/produkt\/zapf-lil-snaps-laleczki-sidekick-s2-36szt\/"},"modified":"2026-04-26T10:48:31","modified_gmt":"2026-04-26T08:48:31","slug":"zapf-lil-snaps-laleczki-sidekick-s2-36szt","status":"publish","type":"product","link":"http:\/\/klubmamgdynia.pl\/index.php\/produkt\/zapf-lil-snaps-laleczki-sidekick-s2-36szt\/","title":{"rendered":"Zapf Lil Snaps Laleczki Sidekick S2 36szt"},"content":{"rendered":"<p>Laleczki LIL SNAPS s\u0105 tak zaprojektowane, by dzieci mog\u0142y zmienia\u0107 g\u0142owy, tu\u0142owia i nogi w zabawnych kombinacjach. Dodatkowo daj\u0105 unikaln\u0105 mo\u017cliwo\u015b\u0107 zatrza\u015bni\u0119cia ich na bransoletce, naszyjniku lub breloczku. W opakowaniu znajduje si\u0119 laleczka, ma\u0142a zawieszka, \u0142\u0105cznik oraz &#8222;bi\u017cuteria&#8221;. Ponad 25 laleczek oraz 80 zawieszek do zebrania. Zbierz je wszystkie! Towar wysy\u0142any losowo, brak mo\u017cliwo\u015bci wyboru konkretnego modelu. Cena dotyczy 1 sztuki.<\/p>\n<h2>Zapf Lil Snaps Laleczki Sidekick S2 36szt Zapf<\/h2>\n<p>izabela imie, zagadki o wio\u015bnie dla dzieci, zimowe zabawy dla dzieci, psi patrol kolorowanka, quizy \u015bwi\u0105teczne bo\u017ce narodzenie, tupu tup po \u015bniegu tekst, pomys\u0142 na prezent dla nastolatk\u00f3w, zagadka dla dzieci, zagadki logiczne dla dzieci 10 lat do druku<\/p>\n<p>yyyyy<\/p>\n<p>&nbsp;<\/p>\n","protected":false},"excerpt":{"rendered":"<p>Laleczki LIL SNAPS s\u0105 tak zaprojektowane, by dzieci mog\u0142y zmienia\u0107 g\u0142owy, tu\u0142owia i nogi w zabawnych kombinacjach. Dodatkowo daj\u0105 unikaln\u0105 mo\u017cliwo\u015b\u0107 zatrza\u015bni\u0119cia ich na bransoletce, naszyjniku lub breloczku. W opakowaniu znajduje si\u0119 laleczka, ma\u0142a zawieszka, \u0142\u0105cznik oraz &#8222;bi\u017cuteria&#8221;. Ponad 25 laleczek oraz 80 zawieszek do zebrania. Zbierz je wszystkie! Towar wysy\u0142any losowo, brak mo\u017cliwo\u015bci wyboru [&hellip;]<\/p>\n","protected":false},"featured_media":5030,"comment_status":"closed","ping_status":"open","template":"","meta":[],"product_cat":[172,1288],"product_tag":[661,794,597],"class_list":["post-5029","product","type-product","status-publish","has-post-thumbnail","hentry","product_cat-akcesoria-dla-lalek","product_cat-zapf","product_tag-swinka-peppa-kolorowanka","product_tag-test-opowiesci-z-narnii-lew-czarownica-i-stara-szafa-do-druku","product_tag-zagadki-o-zimie"],"_links":{"self":[{"href":"http:\/\/klubmamgdynia.pl\/index.php\/wp-json\/wp\/v2\/product\/5029","targetHints":{"allow":["GET"]}}],"collection":[{"href":"http:\/\/klubmamgdynia.pl\/index.php\/wp-json\/wp\/v2\/product"}],"about":[{"href":"http:\/\/klubmamgdynia.pl\/index.php\/wp-json\/wp\/v2\/types\/product"}],"replies":[{"embeddable":true,"href":"http:\/\/klubmamgdynia.pl\/index.php\/wp-json\/wp\/v2\/comments?post=5029"}],"wp:featuredmedia":[{"embeddable":true,"href":"http:\/\/klubmamgdynia.pl\/index.php\/wp-json\/wp\/v2\/media\/5030"}],"wp:attachment":[{"href":"http:\/\/klubmamgdynia.pl\/index.php\/wp-json\/wp\/v2\/media?parent=5029"}],"wp:term":[{"taxonomy":"product_cat","embeddable":true,"href":"http:\/\/klubmamgdynia.pl\/index.php\/wp-json\/wp\/v2\/product_cat?post=5029"},{"taxonomy":"product_tag","embeddable":true,"href":"http:\/\/klubmamgdynia.pl\/index.php\/wp-json\/wp\/v2\/product_tag?post=5029"}],"curies":[{"name":"wp","href":"https:\/\/api.w.org\/{rel}","templated":true}]}}