{"id":503,"date":"2024-01-09T06:23:27","date_gmt":"2024-01-09T05:23:27","guid":{"rendered":"http:\/\/klubmamgdynia.pl\/?post_type=product&#038;p=503"},"modified":"2026-04-06T01:36:33","modified_gmt":"2026-04-05T23:36:33","slug":"mombella-butelka-antykolkowa-dla-noworodka-roze-ppsu-300ml","status":"publish","type":"product","link":"http:\/\/klubmamgdynia.pl\/index.php\/produkt\/mombella-butelka-antykolkowa-dla-noworodka-roze-ppsu-300ml\/","title":{"rendered":"Mombella Butelka Antykolkowa Dla Noworodka Roze Ppsu 300Ml"},"content":{"rendered":"<p>Mombella Butelka Antykolkowa dla Noworodka Breast Shape Old Roze PPSU 300 mlNumer kat. 8165 Butelka antykolkowa dla noworodka Breast Shape o pojemno\u015bci 300 ml ze smoczkiem w rozmiarze XL. Kszta\u0142tem przypomina pier\u015b mamy, sprawiaj\u0105c, \u017ce dodatkowe dokarmianie dziecka w sytuacji, gdy mama musi wyj\u015b\u0107 z domu lub przestawienie niemowl\u0119cia na karmienie mieszane czy butelkowe przebiega wygodnie, \u0142atwo i bezstresowo. Wielokrotnie nagradzany projekt!JAK PIER\u015a MAMY &#8211; MI\u0118KKIE, ZNAJOME UCZUCIESmoczek w butelkach antykolkowych Mombella swym du\u017cym, okr\u0105g\u0142ym kszta\u0142tem przypomina pier\u015b mamy. Wykonano go z mi\u0119kkiego, przyjemnego w dotyku, a przy tym naturalnie higienicznego silikonu, kt\u00f3ry sw\u0105 struktur\u0105 zbli\u017cony jest do sk\u00f3ry mamy. W ten spos\u00f3b niemowl\u0119 do\u015bwiadcza znajomej blisko\u015bci, jest mniej nerwowe, a dzi\u0119ki temu \u0142atwiej jest mu si\u0119 nauczy\u0107 picia z butelki.ANTYKOLKOWY SYSTEM PRZEP\u0141YWU POWIETRZAButelka dla noworodka Mombella wyposa\u017cona jest w dwa inteligentnie rozszczelniaj\u0105ce si\u0119 podczas picia otwory wentylacyjne, kt\u00f3re zapewniaj\u0105 sta\u0142y przep\u0142yw mleka redukuj\u0105c ryzyko wyst\u0105pienia kolki.Dziecko karmione piersi\u0105, oddycha nosem. Dzi\u0119ki temu mo\u017ce d\u0142ugo pi\u0107, a powietrze nie dostaje si\u0119 do \u017co\u0142\u0105dka. Kiedy dziecko pije w ten sam spos\u00f3b z tradycyjnej butelki, ci\u015bnienie w jej wn\u0119trzu zmienia si\u0119, bo powietrze wychodzi, ale nie wraca. Po pewnym czasie uniemo\u017cliwia to wydostawanie si\u0119 mleka z butelki dla niemowl\u0105t. Dziecko musi zrobi\u0107 przerw\u0119. W\u00f3wczas du\u017co powietrza dostaje si\u0119 do \u017co\u0142\u0105dka niemowl\u0119cia, a rodzic mo\u017ce zaobserwowa\u0107, jak powietrze (b\u0105belki) wdziera si\u0119 te\u017c do butelki.Butelka antykolkowa Breast Shape pomaga wyr\u00f3wna\u0107 ci\u015bnienie wewn\u0105trz butelki, utrzymuje p\u0142ynny przep\u0142yw mleka i sprawia, \u017ce dziecko mo\u017ce uchwyci\u0107 smoczek pe\u0142nymi ustami, niczym pier\u015b i oddycha\u0107 przy tym nosem, jak podczas karmienia piersi\u0105.Butelka dla noworodka Mombella ma dwa otwory wentylacyjne, kt\u00f3re zapewniaj\u0105 p\u0142ynn\u0105 cyrkulacj\u0119 powietrza w butelce, pomagaj\u0105c zredukowa\u0107 kolki, odbijanie i wiatry.HIGIENA NADE WSZYSTKO!Butelka dla noworodka wykonana jest z PPSU, a smoczek z silikonu. To najwy\u017cszej jako\u015bci, wytrzyma\u0142e i naturalnie higieniczne materia\u0142y, kt\u00f3re \u0142atwo jest utrzyma\u0107 w czysto\u015bci. Po rozkr\u0119ceniu ka\u017cd\u0105 cz\u0119\u015b\u0107 butelki \u0142atwo wymyjemy. Szeroka szyjka butelki pozwoli nam dotrze\u0107 w ka\u017cde, wymagaj\u0105ce umycia miejsce. Nie[&#8230;]<\/p>\n<h2>Mombella Butelka Antykolkowa Dla Noworodka Roze Ppsu 300Ml Mombella<\/h2>\n<p>dyplomy do wydrukowania a4, malowanki dla dzieci, zagadki o wiosnie, roczek prezent, bajka na dobranoc, pytania zagadki, menu urodzinowe dla dzieci w wieku 8 10 lat, rysunki krok po kroku, fajne rzeczy dla nastolatk\u00f3w, ja\u015bmina imie, atrakcje dla dzieci wroc\u0142aw 2021, atrakcje dla dzieci wroc\u0142aw 2021, mia\u0142a baba koguta tekst, bajki do czytania dla ch\u0142opc\u00f3w<\/p>\n<p>yyyyy<\/p>\n<p>&nbsp;<\/p>\n","protected":false},"excerpt":{"rendered":"<p>Mombella Butelka Antykolkowa dla Noworodka Breast Shape Old Roze PPSU 300 mlNumer kat. 8165 Butelka antykolkowa dla noworodka Breast Shape o pojemno\u015bci 300 ml ze smoczkiem w rozmiarze XL. Kszta\u0142tem przypomina pier\u015b mamy, sprawiaj\u0105c, \u017ce dodatkowe dokarmianie dziecka w sytuacji, gdy mama musi wyj\u015b\u0107 z domu lub przestawienie niemowl\u0119cia na karmienie mieszane czy butelkowe przebiega [&hellip;]<\/p>\n","protected":false},"featured_media":504,"comment_status":"closed","ping_status":"open","template":"","meta":[],"product_cat":[195,194],"product_tag":[836,622,705,649,869],"class_list":["post-503","product","type-product","status-publish","has-post-thumbnail","hentry","product_cat-butelki","product_cat-mombella","product_tag-co-kupic-dziecku-na-roczek","product_tag-fajne-zagadki","product_tag-prezent-na-roczek-dla-chlopca","product_tag-zagadki-dla-nastolatkow","product_tag-zagadki-na-logike"],"_links":{"self":[{"href":"http:\/\/klubmamgdynia.pl\/index.php\/wp-json\/wp\/v2\/product\/503","targetHints":{"allow":["GET"]}}],"collection":[{"href":"http:\/\/klubmamgdynia.pl\/index.php\/wp-json\/wp\/v2\/product"}],"about":[{"href":"http:\/\/klubmamgdynia.pl\/index.php\/wp-json\/wp\/v2\/types\/product"}],"replies":[{"embeddable":true,"href":"http:\/\/klubmamgdynia.pl\/index.php\/wp-json\/wp\/v2\/comments?post=503"}],"wp:featuredmedia":[{"embeddable":true,"href":"http:\/\/klubmamgdynia.pl\/index.php\/wp-json\/wp\/v2\/media\/504"}],"wp:attachment":[{"href":"http:\/\/klubmamgdynia.pl\/index.php\/wp-json\/wp\/v2\/media?parent=503"}],"wp:term":[{"taxonomy":"product_cat","embeddable":true,"href":"http:\/\/klubmamgdynia.pl\/index.php\/wp-json\/wp\/v2\/product_cat?post=503"},{"taxonomy":"product_tag","embeddable":true,"href":"http:\/\/klubmamgdynia.pl\/index.php\/wp-json\/wp\/v2\/product_tag?post=503"}],"curies":[{"name":"wp","href":"https:\/\/api.w.org\/{rel}","templated":true}]}}