{"id":5031,"date":"2018-06-04T12:59:43","date_gmt":"2018-06-04T10:59:43","guid":{"rendered":"http:\/\/klubmamgdynia.pl\/index.php\/produkt\/bojungle-szklana-butelka-z-czujnikiem-temperatury-w-silikonie-300ml-rozowa-b595210\/"},"modified":"2026-04-04T01:12:12","modified_gmt":"2026-04-03T23:12:12","slug":"bojungle-szklana-butelka-z-czujnikiem-temperatury-w-silikonie-300ml-rozowa-b595210","status":"publish","type":"product","link":"http:\/\/klubmamgdynia.pl\/index.php\/produkt\/bojungle-szklana-butelka-z-czujnikiem-temperatury-w-silikonie-300ml-rozowa-b595210\/","title":{"rendered":"Bojungle Szklana Butelka Z Czujnikiem Temperatury W Silikonie 300Ml R\u00f3\u017cowa (B595210)"},"content":{"rendered":"<p>Czy wolisz kupi\u0107 szklan\u0105 butelk\u0119 dla niemowl\u0105t ze wzgl\u0119d\u00f3w higienicznych, ale boisz si\u0119, \u017ce si\u0119 st\u0142ucze? Czy chcesz mie\u0107 ca\u0142kowit\u0105 pewno\u015b\u0107, \u017ce butelka Twojego dziecka ma odpowiedni\u0105 temperatur\u0119 i nie zawiera \u017cadnych niebezpiecznych substancji chemicznych?Nie szukaj dalej: Bo Jungle opracowa\u0142o gam\u0119 wspania\u0142ych butelek dla niemowl\u0105t, kt\u00f3re pokocha zar\u00f3wno niemowl\u0119, jak i mama. Butelki wykonane s\u0105 z lekkiego hartowanego szk\u0142a medycznego boro-krzemianowego pokryte silikonow\u0105 warstw\u0105, odpornego na uszkodzenia i wysok\u0105 temperatur\u0119.Ponadto s\u0105 bardzo solidne \u2013 a co najwa\u017cniejsze, dzi\u0119ki silikonowej powierzchni szk\u0142o nie rozpry\u015bnie si\u0119 w drobny mak , je\u015bli butelka przypadkowo upadnie i p\u0119knie.W zestawie z butelk\u0105 jest silikonowy smoczek zbli\u017cony do kszta\u0142tu piersi, kt\u00f3ry umo\u017cliwia \u0142\u0105czenie naturalnego karmienia z karmieniem butelk\u0105.System odpowietrzania, sprawia, \u017ce w trakcie karmienia dziecko nie \u0142yka powietrza i jest mniej nara\u017cone na kolk\u0119.Posiada funkcj\u0119 wykrywania ciep\u0142a: zmienia kolor na bia\u0142y, gdy zawarto\u015b\u0107 butelki jest zbyt wysoka (od + 40\u00b0C)Lekkie szk\u0142o boro-krzemianowe z pow\u0142ok\u0105 silikonow\u0105Wolne od BPAOs\u0142ona odporna na zalanie \u2013 dodatkowe zdejmowane uchwytyHigieniczna: \u0142atwe do czyszczenia i sterylizacjiCa\u0142kowicie wolne od niebezpiecznych chemikali\u00f3w i s\u0105 zgodne z prawodawstwem UE (EN14350 \u2013 Part No: 01 \/ 18-001)Kolor nie zmienia si\u0119 z czasemDost\u0119pne s\u0105 r\u00f3\u017cne:rodzaje smoczk\u00f3w: Small\/Medium\/Largewymiary butelek: 150 ml\/ 240 ml\/ 300 mlkolory butelek: turkusowy\/niebieski r\u00f3\u017cowy, szaryZawsze u\u017cywaj tego produktu pod nadzorem osoby doros\u0142ejNigdy nie u\u017cywaj smoczk\u00f3w do karmienia jako smoczka uspokajaj\u0105cego.Ci\u0105g\u0142e i d\u0142ugotrwa\u0142e ssanie p\u0142yn\u00f3w mo\u017ce powodowa\u0107 pr\u00f3chnic\u0119 z\u0119b\u00f3w.Zawsze sprawdzaj temperatur\u0119 pokarmu dla niemowl\u0105t przed podaniem dziecku.Butelki szklane mog\u0105 p\u0119ka\u0107.Wszystkie nieu\u017cywane przedmioty nale\u017cy przechowywa\u0107 w miejscu niedost\u0119pnym dla dzieci, nie zostawiaj dziecka samego z butelk\u0105Sprawd\u017a produkt przed ka\u017cdym u\u017cyciem i poci\u0105gnij smoczek we wszystkich kierunkach. Usu\u0144 smoczek przy pierwszych oznakach uszkodzenia lub zu\u017cycia.Nie nale\u017cy pozostawia\u0107 smoczka w bezpo\u015brednim \u015bwietle s\u0142onecznym lub w wysokiej temperaturze. Pami\u0119taj, aby u\u017cywa\u0107 \u015brodki dezynfekuj\u0105ce (&#8222;roztw\u00f3r do sterylizacji&#8221;) nie d\u0142u\u017cej ni\u017c jest to zalecane.Zar\u00f3wno butelki jak i smoczki mo\u017cna sterylizowa\u0107 we wrz\u0105cej wodzie (5 min) lub w sterylizatorze (mikrofalowym).Przed pierwszym u\u017cyciem nale\u017cy umie\u015bci\u0107 produkt we wrz\u0105cej wodzie na 5 minut ze wzgl\u0119du na higien\u0119.Wyczy\u015b\u0107 wszystkie cz\u0119\u015bci natychmiast po u\u017cyciu, aby zapobiec rozwojowi bakterii.Nie u\u017cywaj ostrych przedmiot\u00f3w do czyszczenia smoczka lub butelki, aby go nie uszkodzi\u0107.Je\u015bli umyjesz butelk\u0119 w zmywarce, jej wn\u0119trze mo\u017ce nie by\u0107 ca\u0142kowicie czyste, a bakterie mog\u0105 znajdowa\u0107 si\u0119 w butelce. Nie zaleca si\u0119 mycia w zmywarce.Po sterylizacji nie stawiaj butelek dla niemowl\u0105t na blatach kuchennych itp. i przechowuj je w sterylizatorze. Do wyjmowania butelek ze sterylizatora u\u017cyj szczypiec, nie dotykaj r\u0119kami wewn\u0119trznej strony butelki, pier\u015bcienia lub ko\u0144c\u00f3wki.Podczas podgrzewania w kuchence mikrofalowej nale\u017cy zachowa\u0107 szczeg\u00f3ln\u0105 ostro\u017cno\u015b\u0107. W celu r\u00f3wnomiernego rozprowadzania ciep\u0142a zawsze wymieszaj dobrze rozgrzane naczynia i sprawd\u017a temperatur\u0119 przed podaniem. Najpierw wyjmij smoczek.Zalecane przed pierwszym u\u017cyciem:Przed pierwszym u\u017cyciem zalecamy wysterylizowanie butelki.Umie\u015b\u0107 we wrz\u0105cej wodzie na 5 minut butelk\u0119 oraz osobno jej elementy. Butelk\u0119 mo\u017cesz sterylizowa\u0107 r\u00f3wnie\u017c w sterylizatorze mikrofalowym.Przed podgrzaniem p\u0142yn\u00f3w w butelce, nale\u017cy zdj\u0105\u0107 uchwyt, smoczek i nakr\u0119tk\u0119.Bo Jungle to innowacyjna belgijska marka premium, sk\u0142adaj\u0105ca si\u0119 z wysokiej jako\u015bci artyku\u0142\u00f3w dzieci\u0119cych w neutralnych kolorach.Projekty produkt\u00f3w by\u0142y inspirowane przez sam\u0105 natur\u0119.Celem Bo Jungle jest zapewnienie najwy\u017cszego poziomu komfortu i opieki nad dzieckiem w rozs\u0105dnej cenie, poniewa\u017c uwa\u017camy, \u017ce ka\u017cde dziecko zas\u0142uguje na mo\u017cliwie najlepszy start w \u017cyciu.Projekty zosta\u0142y opracowane przez europejskich specjalist\u00f3w produktowych z du\u017cym do\u015bwiadczeniem zawodowym w sektorze niemowl\u0119cym i przetestowana przez matki w celu zapewnienia jako\u015bci i obs\u0142ugi naszych produkt\u00f3w.<\/p>\n<h2>Bojungle Szklana Butelka Z Czujnikiem Temperatury W Silikonie 300Ml R\u00f3\u017cowa (B595210) Bo Jungle<\/h2>\n<p>prezent dla nastolatk\u00f3w 2021, aurelia imie, bajka o sowie, zagadki \u015bmieszne, cicha noc po angielsku tekst, kwiaty polne nazwy i zdj\u0119cia, beniamin imi\u0119, kolorowanka \u015bwinka peppa, nietypowe imiona damskie, zagadki dla dzieci 10 12 lat z odpowiedziami, przeczytaj mi wiersz, kubu\u015b puchatek cytaty, fajne rzeczy dla nastolatk\u00f3w, atrakcje dla dzieci we wroc\u0142awiu, opisy o dziecku, zagadki logiczne trudne, zaczarowana zagroda &#8211; test, zagadki \u015bwi\u0105teczne dla dzieci, skye psi patrol kolorowanka, quiz minecraft<\/p>\n<p>yyyyy<\/p>\n<p>&nbsp;<\/p>\n","protected":false},"excerpt":{"rendered":"<p>Czy wolisz kupi\u0107 szklan\u0105 butelk\u0119 dla niemowl\u0105t ze wzgl\u0119d\u00f3w higienicznych, ale boisz si\u0119, \u017ce si\u0119 st\u0142ucze? Czy chcesz mie\u0107 ca\u0142kowit\u0105 pewno\u015b\u0107, \u017ce butelka Twojego dziecka ma odpowiedni\u0105 temperatur\u0119 i nie zawiera \u017cadnych niebezpiecznych substancji chemicznych?Nie szukaj dalej: Bo Jungle opracowa\u0142o gam\u0119 wspania\u0142ych butelek dla niemowl\u0105t, kt\u00f3re pokocha zar\u00f3wno niemowl\u0119, jak i mama. Butelki wykonane s\u0105 [&hellip;]<\/p>\n","protected":false},"featured_media":5032,"comment_status":"closed","ping_status":"open","template":"","meta":[],"product_cat":[1120,195],"product_tag":[618,743,830,661],"class_list":["post-5031","product","type-product","status-publish","has-post-thumbnail","hentry","product_cat-bo-jungle","product_cat-butelki","product_tag-lato-lato-lato-czeka-tekst","product_tag-quiz-dla-dzieci","product_tag-rodzina-cytaty","product_tag-swinka-peppa-kolorowanka"],"_links":{"self":[{"href":"http:\/\/klubmamgdynia.pl\/index.php\/wp-json\/wp\/v2\/product\/5031","targetHints":{"allow":["GET"]}}],"collection":[{"href":"http:\/\/klubmamgdynia.pl\/index.php\/wp-json\/wp\/v2\/product"}],"about":[{"href":"http:\/\/klubmamgdynia.pl\/index.php\/wp-json\/wp\/v2\/types\/product"}],"replies":[{"embeddable":true,"href":"http:\/\/klubmamgdynia.pl\/index.php\/wp-json\/wp\/v2\/comments?post=5031"}],"wp:featuredmedia":[{"embeddable":true,"href":"http:\/\/klubmamgdynia.pl\/index.php\/wp-json\/wp\/v2\/media\/5032"}],"wp:attachment":[{"href":"http:\/\/klubmamgdynia.pl\/index.php\/wp-json\/wp\/v2\/media?parent=5031"}],"wp:term":[{"taxonomy":"product_cat","embeddable":true,"href":"http:\/\/klubmamgdynia.pl\/index.php\/wp-json\/wp\/v2\/product_cat?post=5031"},{"taxonomy":"product_tag","embeddable":true,"href":"http:\/\/klubmamgdynia.pl\/index.php\/wp-json\/wp\/v2\/product_tag?post=5031"}],"curies":[{"name":"wp","href":"https:\/\/api.w.org\/{rel}","templated":true}]}}