{"id":5033,"date":"2019-01-12T00:32:27","date_gmt":"2019-01-11T23:32:27","guid":{"rendered":"http:\/\/klubmamgdynia.pl\/index.php\/produkt\/beaba-lezaczek-bujaczek-wielofunkcyjny-up-down\/"},"modified":"2026-04-07T01:32:43","modified_gmt":"2026-04-06T23:32:43","slug":"beaba-lezaczek-bujaczek-wielofunkcyjny-up-down","status":"publish","type":"product","link":"http:\/\/klubmamgdynia.pl\/index.php\/produkt\/beaba-lezaczek-bujaczek-wielofunkcyjny-up-down\/","title":{"rendered":"Beaba Le\u017caczek Bujaczek Wielofunkcyjny Up Down"},"content":{"rendered":"<p>BEABA LE\u017bACZEK BUJAK BOUNCER UP &amp; DOWNPOWYSTAWOWY.Le\u017caczek zapewni dziecku jeszcze wi\u0119ksz\u0105 blisko\u015b\u0107 z rodzicem.Dzi\u0119ki regulowanej wysoko\u015bci le\u017caczek mo\u017cna umie\u015bci\u0107 w zale\u017cno\u015bci od potrzeb: nisko przy pod\u0142odze, na wysoko\u015bci u\u0142atwiaj\u0105cej karmienie lub te\u017c bardzo wysoko.Zmiana poziomu sprawi, \u017ce maluszka zaciekawi to, co dzieje si\u0119 w oko\u0142o i b\u0119dzie uczestniczy\u0142 w codziennych zaj\u0119ciach rodzic\u00f3w.Mo\u017cliwe wysoko\u015bci siedziska od pod\u0142ogi to: 24 cm, 38cm, 50 cm, 62 cm.Jest to r\u00f3wnie\u017c komfort dla rodzica podczas codziennej opieki nad dzieckiem.Kiedy dziecko jest na wysoko\u015bci r\u0105k, nie trzeba si\u0119 schyla\u0107 i obci\u0105\u017ca\u0107 kr\u0119gos\u0142upa podczas podnoszenia z ziemi.W le\u017caczku maluch b\u0119dzie czu\u0142 si\u0119 naprawd\u0119 przytulnie i wygodnie, a funkcja bujania b\u0119dzie niezast\u0105piona podczas uspokajania i usypiania dziecka..Cechy:Posiada 4- stopniow\u0105 regulacj\u0119 wysoko\u015bci, 3 &#8211; stopniow\u0105 regulacj\u0119 oparcia oraz przydatn\u0105 funkcj\u0119 bujania.Dzi\u0119ki mo\u017cliwo\u015bci skr\u00f3ceniu n\u00f3g, mo\u017ce by\u0107 u\u017cywany jako niski bujak.Mo\u017cliwo\u015b\u0107 blokady funkcji bujania.Wyprofilowany materacyk zapewni dziecku maksymalny komfort.Wyposa\u017cony w pasy, zapewniaj\u0105ce bezpiecze\u0144stwo.Pokrycie le\u017caczka mo\u017cna \u0142atwo zdj\u0105\u0107 i wypra\u0107 w pralce.Maksymalne obci\u0105\u017cenie le\u017caczka wynosi 9 kg..Produkt POWYSTAWOWY. Uszkodzone z wierzchu opakowanie, bez wp\u0142ywu na zawarto\u015b\u0107.<\/p>\n<h2>Beaba Le\u017caczek Bujaczek Wielofunkcyjny Up Down Beaba<\/h2>\n<p>karteczki wydruku wr\u00f3\u017cby andrzejkowe dla dzieci, ju\u017c blisko kol\u0119da tekst, kr\u00f3tkie zagadki dla doros\u0142ych, test detektyw pozytywka, pytania logiczne, znaczenie imienia milan, film o \u015bwi\u0119tach dla dzieci, miko\u0142ajki dla dzieci warszawa 2021, quizy online<\/p>\n<p>yyyyy<\/p>\n<p>&nbsp;<\/p>\n","protected":false},"excerpt":{"rendered":"<p>BEABA LE\u017bACZEK BUJAK BOUNCER UP &amp; DOWNPOWYSTAWOWY.Le\u017caczek zapewni dziecku jeszcze wi\u0119ksz\u0105 blisko\u015b\u0107 z rodzicem.Dzi\u0119ki regulowanej wysoko\u015bci le\u017caczek mo\u017cna umie\u015bci\u0107 w zale\u017cno\u015bci od potrzeb: nisko przy pod\u0142odze, na wysoko\u015bci u\u0142atwiaj\u0105cej karmienie lub te\u017c bardzo wysoko.Zmiana poziomu sprawi, \u017ce maluszka zaciekawi to, co dzieje si\u0119 w oko\u0142o i b\u0119dzie uczestniczy\u0142 w codziennych zaj\u0119ciach rodzic\u00f3w.Mo\u017cliwe wysoko\u015bci siedziska od [&hellip;]<\/p>\n","protected":false},"featured_media":5034,"comment_status":"closed","ping_status":"open","template":"","meta":[],"product_cat":[1294,1156],"product_tag":[871,777,870,769,841],"class_list":["post-5033","product","type-product","status-publish","has-post-thumbnail","hentry","product_cat-beaba","product_cat-lezaczki-bujaki-i-hustawki-niemowlece","product_tag-bajka-o-smoku-wawelskim","product_tag-co-na-roczek","product_tag-prezent-dla-chlopca-na-roczek","product_tag-psi-patrol-do-czytania","product_tag-quiz-o-flagach"],"_links":{"self":[{"href":"http:\/\/klubmamgdynia.pl\/index.php\/wp-json\/wp\/v2\/product\/5033","targetHints":{"allow":["GET"]}}],"collection":[{"href":"http:\/\/klubmamgdynia.pl\/index.php\/wp-json\/wp\/v2\/product"}],"about":[{"href":"http:\/\/klubmamgdynia.pl\/index.php\/wp-json\/wp\/v2\/types\/product"}],"replies":[{"embeddable":true,"href":"http:\/\/klubmamgdynia.pl\/index.php\/wp-json\/wp\/v2\/comments?post=5033"}],"wp:featuredmedia":[{"embeddable":true,"href":"http:\/\/klubmamgdynia.pl\/index.php\/wp-json\/wp\/v2\/media\/5034"}],"wp:attachment":[{"href":"http:\/\/klubmamgdynia.pl\/index.php\/wp-json\/wp\/v2\/media?parent=5033"}],"wp:term":[{"taxonomy":"product_cat","embeddable":true,"href":"http:\/\/klubmamgdynia.pl\/index.php\/wp-json\/wp\/v2\/product_cat?post=5033"},{"taxonomy":"product_tag","embeddable":true,"href":"http:\/\/klubmamgdynia.pl\/index.php\/wp-json\/wp\/v2\/product_tag?post=5033"}],"curies":[{"name":"wp","href":"https:\/\/api.w.org\/{rel}","templated":true}]}}