{"id":5035,"date":"2011-06-26T10:19:04","date_gmt":"2011-06-26T08:19:04","guid":{"rendered":"http:\/\/klubmamgdynia.pl\/index.php\/produkt\/kocot-kids-lozko-tomi-140x80-niebieskie\/"},"modified":"2026-04-29T15:54:46","modified_gmt":"2026-04-29T13:54:46","slug":"kocot-kids-lozko-tomi-140x80-niebieskie","status":"publish","type":"product","link":"http:\/\/klubmamgdynia.pl\/index.php\/produkt\/kocot-kids-lozko-tomi-140x80-niebieskie\/","title":{"rendered":"Kocot Kids \u0141\u00f3\u017cko Tomi 140&#215;80 Niebieskie"},"content":{"rendered":"<p>\u0141\u00f3\u017cko TOMI to bezpieczne, polskiej produkcji \u0142\u00f3\u017cko posiadaj\u0105ce barierk\u0119 chroni\u0105c\u0105 dziecko przed wypadni\u0119ciem z \u0142\u00f3\u017cka podczas snu. \u0141\u00f3\u017cko w zestawie posiada stela\u017c, a opcjonalnie mo\u017cna je wyposa\u017cy\u0107 w materac i szuflad\u0119.<\/p>\n<h2>Kocot Kids \u0141\u00f3\u017cko Tomi 140&#215;80 Niebieskie Kocot-Meble<\/h2>\n<p>karty matematyczne tabliczka mno\u017cenia do wydruku, quiz zemsta, kalina imi\u0119, eksperyment dla dzieci wulkan, bajki dla dzieci do czytania, miko\u0142ajki 2021 warszawa, \u0142amig\u0142\u00f3wki s\u0142owne, bajka o miko\u0142aju do czytania, poczytaj mi wiersz, ninjago kolorowanka, rebusy i krzy\u017c\u00f3wki dla dzieci do druku, kaczuszka, prezent dla roczniaka<\/p>\n<p>yyyyy<\/p>\n<p>&nbsp;<\/p>\n","protected":false},"excerpt":{"rendered":"<p>\u0141\u00f3\u017cko TOMI to bezpieczne, polskiej produkcji \u0142\u00f3\u017cko posiadaj\u0105ce barierk\u0119 chroni\u0105c\u0105 dziecko przed wypadni\u0119ciem z \u0142\u00f3\u017cka podczas snu. \u0141\u00f3\u017cko w zestawie posiada stela\u017c, a opcjonalnie mo\u017cna je wyposa\u017cy\u0107 w materac i szuflad\u0119. Kocot Kids \u0141\u00f3\u017cko Tomi 140&#215;80 Niebieskie Kocot-Meble karty matematyczne tabliczka mno\u017cenia do wydruku, quiz zemsta, kalina imi\u0119, eksperyment dla dzieci wulkan, bajki dla dzieci [&hellip;]<\/p>\n","protected":false},"featured_media":5036,"comment_status":"closed","ping_status":"open","template":"","meta":[],"product_cat":[987,935],"product_tag":[834,750,697,791],"class_list":["post-5035","product","type-product","status-publish","has-post-thumbnail","hentry","product_cat-kocot-meble","product_cat-lozeczka-dzieciece","product_tag-bajka-do-czytania-na-dobranoc","product_tag-imie-kostek","product_tag-krotkie-bajki-do-czytania","product_tag-zagadki-na-myslenie"],"_links":{"self":[{"href":"http:\/\/klubmamgdynia.pl\/index.php\/wp-json\/wp\/v2\/product\/5035","targetHints":{"allow":["GET"]}}],"collection":[{"href":"http:\/\/klubmamgdynia.pl\/index.php\/wp-json\/wp\/v2\/product"}],"about":[{"href":"http:\/\/klubmamgdynia.pl\/index.php\/wp-json\/wp\/v2\/types\/product"}],"replies":[{"embeddable":true,"href":"http:\/\/klubmamgdynia.pl\/index.php\/wp-json\/wp\/v2\/comments?post=5035"}],"wp:featuredmedia":[{"embeddable":true,"href":"http:\/\/klubmamgdynia.pl\/index.php\/wp-json\/wp\/v2\/media\/5036"}],"wp:attachment":[{"href":"http:\/\/klubmamgdynia.pl\/index.php\/wp-json\/wp\/v2\/media?parent=5035"}],"wp:term":[{"taxonomy":"product_cat","embeddable":true,"href":"http:\/\/klubmamgdynia.pl\/index.php\/wp-json\/wp\/v2\/product_cat?post=5035"},{"taxonomy":"product_tag","embeddable":true,"href":"http:\/\/klubmamgdynia.pl\/index.php\/wp-json\/wp\/v2\/product_tag?post=5035"}],"curies":[{"name":"wp","href":"https:\/\/api.w.org\/{rel}","templated":true}]}}