{"id":5037,"date":"2013-05-18T20:59:51","date_gmt":"2013-05-18T18:59:51","guid":{"rendered":"http:\/\/klubmamgdynia.pl\/index.php\/produkt\/sluban-klocki-willa-nad-morzem-5167\/"},"modified":"2026-04-27T06:07:09","modified_gmt":"2026-04-27T04:07:09","slug":"sluban-klocki-willa-nad-morzem-5167","status":"publish","type":"product","link":"http:\/\/klubmamgdynia.pl\/index.php\/produkt\/sluban-klocki-willa-nad-morzem-5167\/","title":{"rendered":"Sluban Klocki Willa Nad Morzem 5167"},"content":{"rendered":"<p>Wakacyjny apartament z klock\u00f3w Sluban z wydzielonymi pomieszczeniami, zje\u017cd\u017calni\u0105 oraz czterema figurkami B0868<\/p>\n<h2>Sluban Klocki Willa Nad Morzem 5167 Sluban<\/h2>\n<p>zagadki dla dzieci 5 lat, zabawki dla rocznej dziewczynki, lato lato lato czeka, cytaty na dzien dziecka, cytaty o dziecku, cookie dough przepis, trudne zagadki na inteligencje, lol kolorowanka do druku<\/p>\n<p>yyyyy<\/p>\n<p>&nbsp;<\/p>\n","protected":false},"excerpt":{"rendered":"<p>Wakacyjny apartament z klock\u00f3w Sluban z wydzielonymi pomieszczeniami, zje\u017cd\u017calni\u0105 oraz czterema figurkami B0868 Sluban Klocki Willa Nad Morzem 5167 Sluban zagadki dla dzieci 5 lat, zabawki dla rocznej dziewczynki, lato lato lato czeka, cytaty na dzien dziecka, cytaty o dziecku, cookie dough przepis, trudne zagadki na inteligencje, lol kolorowanka do druku yyyyy &nbsp;<\/p>\n","protected":false},"featured_media":5038,"comment_status":"closed","ping_status":"open","template":"","meta":[],"product_cat":[113,513],"product_tag":[777,835,601,615],"class_list":["post-5037","product","type-product","status-publish","has-post-thumbnail","hentry","product_cat-klocki","product_cat-sluban","product_tag-co-na-roczek","product_tag-radosc-dziecka-cytaty","product_tag-zagadki-co-to-jest","product_tag-znane-misie-z-filmow-animowanych"],"_links":{"self":[{"href":"http:\/\/klubmamgdynia.pl\/index.php\/wp-json\/wp\/v2\/product\/5037","targetHints":{"allow":["GET"]}}],"collection":[{"href":"http:\/\/klubmamgdynia.pl\/index.php\/wp-json\/wp\/v2\/product"}],"about":[{"href":"http:\/\/klubmamgdynia.pl\/index.php\/wp-json\/wp\/v2\/types\/product"}],"replies":[{"embeddable":true,"href":"http:\/\/klubmamgdynia.pl\/index.php\/wp-json\/wp\/v2\/comments?post=5037"}],"wp:featuredmedia":[{"embeddable":true,"href":"http:\/\/klubmamgdynia.pl\/index.php\/wp-json\/wp\/v2\/media\/5038"}],"wp:attachment":[{"href":"http:\/\/klubmamgdynia.pl\/index.php\/wp-json\/wp\/v2\/media?parent=5037"}],"wp:term":[{"taxonomy":"product_cat","embeddable":true,"href":"http:\/\/klubmamgdynia.pl\/index.php\/wp-json\/wp\/v2\/product_cat?post=5037"},{"taxonomy":"product_tag","embeddable":true,"href":"http:\/\/klubmamgdynia.pl\/index.php\/wp-json\/wp\/v2\/product_tag?post=5037"}],"curies":[{"name":"wp","href":"https:\/\/api.w.org\/{rel}","templated":true}]}}