{"id":5041,"date":"2018-04-03T20:32:46","date_gmt":"2018-04-03T18:32:46","guid":{"rendered":"http:\/\/klubmamgdynia.pl\/index.php\/produkt\/kik-chinczyk-drewniany-2w1\/"},"modified":"2026-04-04T02:11:59","modified_gmt":"2026-04-04T00:11:59","slug":"kik-chinczyk-drewniany-2w1","status":"publish","type":"product","link":"http:\/\/klubmamgdynia.pl\/index.php\/produkt\/kik-chinczyk-drewniany-2w1\/","title":{"rendered":"KIK Chi\u0144czyk Drewniany 2w1"},"content":{"rendered":"<p>Rewelacyjna gra planszowa 2w1. Ciekawa i pe\u0142na emocji zabawa bez wzgl\u0119du na wiek. Gra pobudza interakcj\u0119 i uczy interakcji z innymi graczami. W zestawie: plansza dwustronna z kostk\u0105 na \u015brodku, 16 pionk\u00f3w w 4 kolorach. Wym. planszy: 30x30x0,9cm.<\/p>\n<h2>KIK Chi\u0144czyk Drewniany 2w1 Kik<\/h2>\n<p>tupu tup po \u015bniegu tekst, imie iwo, kolorowe ciasto, malowanki dla dzieci, co na prezent dla nastolatk\u00f3w, przyjazn, quiz o \u015bwi\u0119tach bo\u017cego narodzenia, everest psi patrol kolorowanka<\/p>\n<p>yyyyy<\/p>\n<p>&nbsp;<\/p>\n","protected":false},"excerpt":{"rendered":"<p>Rewelacyjna gra planszowa 2w1. Ciekawa i pe\u0142na emocji zabawa bez wzgl\u0119du na wiek. Gra pobudza interakcj\u0119 i uczy interakcji z innymi graczami. W zestawie: plansza dwustronna z kostk\u0105 na \u015brodku, 16 pionk\u00f3w w 4 kolorach. Wym. planszy: 30x30x0,9cm. KIK Chi\u0144czyk Drewniany 2w1 Kik tupu tup po \u015bniegu tekst, imie iwo, kolorowe ciasto, malowanki dla dzieci, [&hellip;]<\/p>\n","protected":false},"featured_media":5042,"comment_status":"closed","ping_status":"open","template":"","meta":[],"product_cat":[130,165],"product_tag":[656,654,774],"class_list":["post-5041","product","type-product","status-publish","has-post-thumbnail","hentry","product_cat-gry-dzieciece","product_cat-kik","product_tag-kolorowanki-lol","product_tag-krotkie-bajki-dla-dzieci-do-czytania","product_tag-prezent-na-roczek-nie-zabawka"],"_links":{"self":[{"href":"http:\/\/klubmamgdynia.pl\/index.php\/wp-json\/wp\/v2\/product\/5041","targetHints":{"allow":["GET"]}}],"collection":[{"href":"http:\/\/klubmamgdynia.pl\/index.php\/wp-json\/wp\/v2\/product"}],"about":[{"href":"http:\/\/klubmamgdynia.pl\/index.php\/wp-json\/wp\/v2\/types\/product"}],"replies":[{"embeddable":true,"href":"http:\/\/klubmamgdynia.pl\/index.php\/wp-json\/wp\/v2\/comments?post=5041"}],"wp:featuredmedia":[{"embeddable":true,"href":"http:\/\/klubmamgdynia.pl\/index.php\/wp-json\/wp\/v2\/media\/5042"}],"wp:attachment":[{"href":"http:\/\/klubmamgdynia.pl\/index.php\/wp-json\/wp\/v2\/media?parent=5041"}],"wp:term":[{"taxonomy":"product_cat","embeddable":true,"href":"http:\/\/klubmamgdynia.pl\/index.php\/wp-json\/wp\/v2\/product_cat?post=5041"},{"taxonomy":"product_tag","embeddable":true,"href":"http:\/\/klubmamgdynia.pl\/index.php\/wp-json\/wp\/v2\/product_tag?post=5041"}],"curies":[{"name":"wp","href":"https:\/\/api.w.org\/{rel}","templated":true}]}}