{"id":5043,"date":"2017-07-26T15:03:27","date_gmt":"2017-07-26T13:03:27","guid":{"rendered":"http:\/\/klubmamgdynia.pl\/index.php\/produkt\/maileg-lalka-kroliczek-dziewczynka\/"},"modified":"2026-05-17T22:20:01","modified_gmt":"2026-05-17T20:20:01","slug":"maileg-lalka-kroliczek-dziewczynka","status":"publish","type":"product","link":"http:\/\/klubmamgdynia.pl\/index.php\/produkt\/maileg-lalka-kroliczek-dziewczynka\/","title":{"rendered":"Maileg Lalka Kr\u00f3liczek Dziewczynka"},"content":{"rendered":"<p>Kr\u00f3liczek dziewczynka ze smoczkiem i kokardk\u0105 w kolorze r\u00f3\u017cowym w rozmiarze MY RABBIT du\u0144skiej firmy Maileg.<\/p>\n<h2>Maileg Lalka Kr\u00f3liczek Dziewczynka Maileg<\/h2>\n<p>kolorowanki wakacyjne, tr\u00f3jmiasto atrakcje dla dzieci, kolorowanki antystresowe, gry i zabawy dla dzieci, kolorowanki antystresowe, nauka zegara do druku<\/p>\n<p>yyyyy<\/p>\n<p>&nbsp;<\/p>\n","protected":false},"excerpt":{"rendered":"<p>Kr\u00f3liczek dziewczynka ze smoczkiem i kokardk\u0105 w kolorze r\u00f3\u017cowym w rozmiarze MY RABBIT du\u0144skiej firmy Maileg. Maileg Lalka Kr\u00f3liczek Dziewczynka Maileg kolorowanki wakacyjne, tr\u00f3jmiasto atrakcje dla dzieci, kolorowanki antystresowe, gry i zabawy dla dzieci, kolorowanki antystresowe, nauka zegara do druku yyyyy &nbsp;<\/p>\n","protected":false},"featured_media":5044,"comment_status":"closed","ping_status":"open","template":"","meta":[],"product_cat":[947,42],"product_tag":[801,865,754,670,780,591],"class_list":["post-5043","product","type-product","status-publish","has-post-thumbnail","hentry","product_cat-maileg","product_cat-maskotki","product_tag-bajki-terapeutyczne-o-emocjach","product_tag-cytaty-o-dzieciach","product_tag-dyplomy-do-wydrukowania-a4","product_tag-irma","product_tag-krecik-bajka","product_tag-quiz-o-minecraft"],"_links":{"self":[{"href":"http:\/\/klubmamgdynia.pl\/index.php\/wp-json\/wp\/v2\/product\/5043","targetHints":{"allow":["GET"]}}],"collection":[{"href":"http:\/\/klubmamgdynia.pl\/index.php\/wp-json\/wp\/v2\/product"}],"about":[{"href":"http:\/\/klubmamgdynia.pl\/index.php\/wp-json\/wp\/v2\/types\/product"}],"replies":[{"embeddable":true,"href":"http:\/\/klubmamgdynia.pl\/index.php\/wp-json\/wp\/v2\/comments?post=5043"}],"wp:featuredmedia":[{"embeddable":true,"href":"http:\/\/klubmamgdynia.pl\/index.php\/wp-json\/wp\/v2\/media\/5044"}],"wp:attachment":[{"href":"http:\/\/klubmamgdynia.pl\/index.php\/wp-json\/wp\/v2\/media?parent=5043"}],"wp:term":[{"taxonomy":"product_cat","embeddable":true,"href":"http:\/\/klubmamgdynia.pl\/index.php\/wp-json\/wp\/v2\/product_cat?post=5043"},{"taxonomy":"product_tag","embeddable":true,"href":"http:\/\/klubmamgdynia.pl\/index.php\/wp-json\/wp\/v2\/product_tag?post=5043"}],"curies":[{"name":"wp","href":"https:\/\/api.w.org\/{rel}","templated":true}]}}