{"id":5045,"date":"2023-04-11T09:29:30","date_gmt":"2023-04-11T07:29:30","guid":{"rendered":"http:\/\/klubmamgdynia.pl\/?post_type=product&#038;p=5045"},"modified":"2026-04-06T06:10:27","modified_gmt":"2026-04-06T04:10:27","slug":"junama-saphire-06-gleboko-spacerowy","status":"publish","type":"product","link":"http:\/\/klubmamgdynia.pl\/index.php\/produkt\/junama-saphire-06-gleboko-spacerowy\/","title":{"rendered":"Junama Saphire 06 G\u0142\u0119boko Spacerowy"},"content":{"rendered":"<p>Junama Saphire &#8211; w\u00f3zek wielofunkcyjny, zestaw 2w1 z opcj\u0105 3w1 Kolor\/wz\u00f3r: 06 Junama Saphire to kolekcja, kt\u00f3ra zdecydowanie wychodzi poza standardy, po raz kolejny stawiaj\u0105c na oryginalno\u015b\u0107. Efektowna gondola 3D, z\u0142oty stela\u017c, po\u0142\u0105czenie po\u0142ysku z matem &#8211; to wszystko idzie w parze z trendami nowej generacji, w kt\u00f3rej kr\u00f3luje ponadczasowa elegancja zestawiona z modernistycznym designem. Saphire kryje w sobie wszystko to, a dodatkowo zosta\u0142a uzupe\u0142niona maksymaln\u0105 g\u0142\u0119bi\u0105 kolor\u00f3w. W\u00f3zek Junama w zestawie 2w1 oferuje amortyzowany stela\u017c z \u017celowymi ko\u0142ami, nowoczesn\u0105 i stylow\u0105 gondol\u0119 oraz komfortowe siedzisko spacerowe. Doskonale amortyzowany w\u00f3zek na ka\u017cdy teren &#8211; jedno zdanie doskonale opisuje w\u00f3zek Junama, kt\u00f3ry jest innowacyjny nie tylko w kategorii stylu, ale tak\u017ce funkcjonalno\u015bci. Wraz z w\u00f3zkiem, rodzic otrzyma wszystkie niezb\u0119dne akcesoria &#8211; torba piel\u0119gnacyjna z przewijakiem, pokrowiec na n\u00f3\u017cki, folia przeciwdeszczowa, moskitiera oraz uchwyt na kubek to produkty, kt\u00f3re zawsze warto mie\u0107 na wyposa\u017ceniu. W zestawie: Stela\u017c z ko\u0142ami; gondola; spacer\u00f3wka; torba z przewijakiem; pokrowiec na n\u00f3\u017cki; folia przeciwdeszczowa; moskitiera; uchwyt na kubek. Cechy charakterystyczne Gondola z regulowanym oparciem Gondola Junama Saphire wyr\u00f3\u017cnia si\u0119 elegancj\u0105 &#8211; nie da si\u0119 nie zwr\u00f3ci\u0107 uwagi na jej design, kt\u00f3rego finezja jest nie z tego \u015bwiata. Dzi\u0119ki specjalnej technologii 3D, sp\u00f3d gondoli przyj\u0105\u0142 oryginaln\u0105 form\u0119 bry\u0142y. Gondola jest du\u017ca, dlatego b\u0119dzie wygodna zar\u00f3wno dla mniejszego, jak i wi\u0119kszego, lada moment samodzielnie siedz\u0105cego szkraba. Co wi\u0119cej, w gondoli Junama Saphire zastosowano funkcj\u0119 regulacji oparcia, pozwalaj\u0105cej na dopasowanie do preferencji dziecka. Bawe\u0142niany materac Bawe\u0142niany materac i wy\u015bci\u00f3\u0142ka gondoli dostarcz\u0105 ma\u0142emu podr\u00f3\u017cnikowi komfort na wysokim poziomie. Dobry sk\u0142ad materaca zapewni odpowiedni\u0105 cyrkulacj\u0119 powietrza, co spisze si\u0119 w ciep\u0142e dni. Wy\u015bci\u00f3\u0142ka zosta\u0142a wyko\u0144czona tkanin\u0105 o subtelnym wzorze, tworz\u0105cym sp\u00f3jn\u0105 ca\u0142o\u015b\u0107 z eleganck\u0105 stylistyk\u0105 w\u00f3zka. Gondola na ka\u017cd\u0105 pogod\u0119 Gondola w\u00f3zka zosta\u0142a przystosowana do u\u017cytku niezale\u017cnie od pogody i pory roku &#8211; posiada rozszerzan\u0105 budk\u0119 z panelem z siateczki, kt\u00f3rego zadaniem jest u\u0142atwienie dost\u0119pu do \u015bwie\u017cego powietrza i zapewnienie przyjemnego ch\u0142odu w upalne dni. Co wi\u0119cej, przykrycie gondoli jest wyposa\u017cone w os\u0142on\u0119 chroni\u0105c\u0105 przed wiatrem, a w zestawie z w\u00f3zkiem Junama Saphire do\u0142\u0105czana jest moskitiera oraz folia przeciwdeszczowa. Monta\u017c w dw\u00f3ch kierunkach Zar\u00f3wno siedzisko spacerowe, jak i gondol\u0119 w\u00f3zka, mo\u017cemy zamontowa\u0107 w dw\u00f3ch kierunkach &#8211; przodem do rodzica, lub przodem do \u015bwiata. Gdy dziecko wyro\u015bnie z gondoli, przesiada si\u0119 do spacer\u00f3wki. Na wczesnym etapie u\u017cytkowania tego modu\u0142u, rodzic mo\u017ce chcie\u0107 mie\u0107 dziecko na oku, dlatego siedzisko wpi\u0119te przodem do niego b\u0119dzie idealnym rozwi\u0105zaniem. Za to starszak ciekawy wszystkiego dooko\u0142a z pewno\u015bci\u0105 zadowoli si\u0119 mo\u017cliwo\u015bci\u0105 obserwacji \u015bwiata z nowej perspektywy, po prze\u0142o\u017ceniu siedziska ty\u0142em do rodzica. Pasy bezpiecze\u0144stwa i wypinany pa\u0142\u0105k Warto zwr\u00f3ci\u0107 uwag\u0119 na 5-punktowe szelki oraz pa\u0142\u0105k. Pasy bezpiecze\u0144stwa mo\u017cemy dostosowa\u0107 do wzrostu dziecka, reguluj\u0105c ich wysoko\u015b\u0107. Pa\u0142\u0105k jest wyko\u0144czony eko-sk\u00f3r\u0105, co dzia\u0142a na korzy\u015b\u0107 pod wzgl\u0119dem estetyki. W praktyce rodzica zadowoli mo\u017cliwo\u015b\u0107 wypi\u0119cia barierki, poniewa\u017c ta funkcja u\u0142atwia wk\u0142adanie i wyci\u0105ganie dziecka ze spacer\u00f3wki. Spacer\u00f3wka z systemem wentylacji Budka z systemem wentylacji pojawia si\u0119 r\u00f3wnie\u017c w spacer\u00f3wce w\u00f3zka Junama Saphire. Wielostopniowa regulacja budki zapewni dziecku zacienienie o ka\u017cdej porze dnia, a panel wentylacyjny nada dziecku rze\u015bko\u015bci podczas wysokich temperatur. P\u0142ynna regulacja oparcia Je\u015bli zale\u017cy Ci na komforcie dziecka, z pewno\u015bci\u0105 zwracasz uwag\u0119 na funkcj\u0119 odchylenia oparcia i to, jak\u0105 pozycj\u0119 zapewni ono dziecku po roz\u0142o\u017ceniu. Junama Saphire umo\u017cliwia ustawienie oparcia spacer\u00f3wki do pe\u0142nej pozycji le\u017c\u0105cej, co jest mo\u017cliwe dzi\u0119ki regulacji oparcia i podn\u00f3\u017cka. Siedzisko jest wyposa\u017cone w mi\u0119kki materacyk \/ wk\u0142adk\u0119, co zapewnia dodatkow\u0105 wygod\u0119. Stela\u017c i systemy Junama Oceniaj\u0105c w\u00f3zek Junama Saphire przez pryzmat wygody jazdy po nier\u00f3wnym terenie, z pewno\u015bci\u0105 wypadnie pozytywnie. Wp\u0142ywa na to fakt, \u017ce stela\u017c jest amortyzowany w a\u017c 6 punktach, co przek\u0142ada si\u0119 na jego zdolno\u015b\u0107 adaptacji do wymagaj\u0105cego wysi\u0142ku pod\u0142o\u017ca. System anti-shock skutecznie absorbuje wstrz\u0105sy, maxi-klik &#8211; wp\u0142ywa na wygod\u0119 podczas przepinania gondoli i spacer\u00f3wki. Centralny hamulec pozwoli zatrzyma\u0107 w\u00f3zek, nie niszcz\u0105c obuwia rodzica. \u017belowe ko\u0142a \u017belowe ko\u0142a nie wymagaj\u0105 pompowania, dzi\u0119ki czemu mo\u017cesz zapomnie\u0107 o dodatkowych d\u0119tkach i pompce. Obs\u0142uga w\u00f3zka teraz jest o wiele bardziej intuicyjna. System podr\u00f3\u017cny 3w1 Na stela\u017cu w\u00f3zka mo\u017cna wpi\u0105\u0107 fotelik samochodowy 0-13 kg &#8211; zar\u00f3wno znanych producent\u00f3w, takich jak Maxi Cosi, Cybex, czy Avionaut, jak i podstawowy fotelik Junama Kite (dost\u0119pne osobno). Specyfikacja Waga gondoli 4,7 kg Wymiary gondoli (d\u0142. x szer. x wys.) 89 x 41 x 63 cm Waga siedziska spacerowego 5,6 kg Wymiary siedziska spacerowego 90 x 41 x 61 cm Waga stela\u017ca 9,3 kg Wymiary stela\u017ca 102 x 61 x 100 cm Wymiary stela\u017ca po z\u0142o\u017ceniu 84 x 61 x 34 cm<\/p>\n<h2>Junama Saphire 06 G\u0142\u0119boko Spacerowy Junama<\/h2>\n<p>zagadki dla dzieci 7 lat, bajka o emocjach, bajki na dobranoc dla dzieci, trudne zagadki dla dzieci, historia pluszowego misia dla dzieci, po\u0142\u0105cz kropki, postacie z bajek kolorowanki do wydrukowania, psi patrol do czytania, kolorowanki my little pony, zagadki na myslenie, kotek kolorowanka do druku, andrea, kuku\u0142eczka kuka tekst, lol kolorowanki do druku, plan lekcji do druku, prezent na urodziny dla nastolatk\u00f3w, dziwne zagadki, kolorowanki lol do druku, prezent dla nastolatk\u00f3w, zagadka, mdk aleksandr\u00f3w \u0142\u00f3dzki<\/p>\n<p>yyyyy<\/p>\n<p>&nbsp;<\/p>\n","protected":false},"excerpt":{"rendered":"<p>Junama Saphire &#8211; w\u00f3zek wielofunkcyjny, zestaw 2w1 z opcj\u0105 3w1 Kolor\/wz\u00f3r: 06 Junama Saphire to kolekcja, kt\u00f3ra zdecydowanie wychodzi poza standardy, po raz kolejny stawiaj\u0105c na oryginalno\u015b\u0107. Efektowna gondola 3D, z\u0142oty stela\u017c, po\u0142\u0105czenie po\u0142ysku z matem &#8211; to wszystko idzie w parze z trendami nowej generacji, w kt\u00f3rej kr\u00f3luje ponadczasowa elegancja zestawiona z modernistycznym designem. [&hellip;]<\/p>\n","protected":false},"featured_media":5046,"comment_status":"closed","ping_status":"open","template":"","meta":[],"product_cat":[1279,110],"product_tag":[605,774,726,812],"class_list":["post-5045","product","type-product","status-publish","has-post-thumbnail","hentry","product_cat-junama","product_cat-wozki-wielofunkcyjne","product_tag-milena","product_tag-prezent-na-roczek-nie-zabawka","product_tag-quiz-zemsta","product_tag-zagadki-logiczne-na-inteligencje"],"_links":{"self":[{"href":"http:\/\/klubmamgdynia.pl\/index.php\/wp-json\/wp\/v2\/product\/5045","targetHints":{"allow":["GET"]}}],"collection":[{"href":"http:\/\/klubmamgdynia.pl\/index.php\/wp-json\/wp\/v2\/product"}],"about":[{"href":"http:\/\/klubmamgdynia.pl\/index.php\/wp-json\/wp\/v2\/types\/product"}],"replies":[{"embeddable":true,"href":"http:\/\/klubmamgdynia.pl\/index.php\/wp-json\/wp\/v2\/comments?post=5045"}],"wp:featuredmedia":[{"embeddable":true,"href":"http:\/\/klubmamgdynia.pl\/index.php\/wp-json\/wp\/v2\/media\/5046"}],"wp:attachment":[{"href":"http:\/\/klubmamgdynia.pl\/index.php\/wp-json\/wp\/v2\/media?parent=5045"}],"wp:term":[{"taxonomy":"product_cat","embeddable":true,"href":"http:\/\/klubmamgdynia.pl\/index.php\/wp-json\/wp\/v2\/product_cat?post=5045"},{"taxonomy":"product_tag","embeddable":true,"href":"http:\/\/klubmamgdynia.pl\/index.php\/wp-json\/wp\/v2\/product_tag?post=5045"}],"curies":[{"name":"wp","href":"https:\/\/api.w.org\/{rel}","templated":true}]}}