{"id":5047,"date":"2019-12-12T23:34:21","date_gmt":"2019-12-12T22:34:21","guid":{"rendered":"http:\/\/klubmamgdynia.pl\/index.php\/produkt\/bayer-chic-bayer-chic-2000-wozek-do-biegania-lola-melange-antracytowo-rozowy\/"},"modified":"2026-05-17T22:52:27","modified_gmt":"2026-05-17T20:52:27","slug":"bayer-chic-bayer-chic-2000-wozek-do-biegania-lola-melange-antracytowo-rozowy","status":"publish","type":"product","link":"http:\/\/klubmamgdynia.pl\/index.php\/produkt\/bayer-chic-bayer-chic-2000-wozek-do-biegania-lola-melange-antracytowo-rozowy\/","title":{"rendered":"Bayer Chic Bayer Chic 2000 W\u00f3zek Do Biegania Lola Melange Antracytowo R\u00f3\u017cowy"},"content":{"rendered":"<p>Szczeg\u00f3\u0142y produktu: Wiek: od 3 lat Ma\u0142y w\u00f3zek do biegania ma r\u0105czk\u0119 o regulowanej wysoko\u015bci od ok. 33 do 62 cm. W\u00f3zek dla lalek jest bardzo stabilny, ma sk\u0142adany daszek, pasy bezpiecze\u0144stwa i du\u017c\u0105 siatk\u0119 na baga\u017c. Zach\u0119ca dziecko do kreatywno\u015bci i towarzyszy mu w stawianiu pierwszych krok\u00f3w Nadaje si\u0119 dla lalek o wysoko\u015bci do ok. 50 cm. Wymiary i waga: Wymiary (d\u0142ugo\u015b\u0107 x szeroko\u015b\u0107 x wysoko\u015b\u0107): 70 x 33 x 57 cm Masa: 1,7 kg Materia\u0142 i piel\u0119gnacja: Materia\u0142: stal, poliester, tworzywo sztuczne<\/p>\n<h2>Bayer Chic Bayer Chic 2000 W\u00f3zek Do Biegania Lola Melange Antracytowo R\u00f3\u017cowy Bayer Chic<\/h2>\n<p>gotowe zaproszenia na urodziny do wydrukowania, imi\u0119 mia, mia imi\u0119, historia andrzejek dla dzieci, sporty po francusku, karteczki wydruku wr\u00f3\u017cby andrzejkowe dla dzieci, mitologia test, wycinanki dla dzieci do druku, quiz o hejka tu lenka, jak narysowa\u0107 konia, kolorowanki \u015bwi\u0119to niepodleg\u0142o\u015bci do druku, prezent na urodziny dla nastolatk\u00f3w, atrakcje dla dzieci wroc\u0142aw i okolice, kolorowe ciasto, trudne zagadki matematyczne, gabriel imie, filmy animowane o \u015bwi\u0119tach, nauka zegara do druku pdf, p\u0142onie ognisko w lesie<\/p>\n<p>yyyyy<\/p>\n<p>&nbsp;<\/p>\n","protected":false},"excerpt":{"rendered":"<p>Szczeg\u00f3\u0142y produktu: Wiek: od 3 lat Ma\u0142y w\u00f3zek do biegania ma r\u0105czk\u0119 o regulowanej wysoko\u015bci od ok. 33 do 62 cm. W\u00f3zek dla lalek jest bardzo stabilny, ma sk\u0142adany daszek, pasy bezpiecze\u0144stwa i du\u017c\u0105 siatk\u0119 na baga\u017c. Zach\u0119ca dziecko do kreatywno\u015bci i towarzyszy mu w stawianiu pierwszych krok\u00f3w Nadaje si\u0119 dla lalek o wysoko\u015bci do [&hellip;]<\/p>\n","protected":false},"featured_media":5048,"comment_status":"closed","ping_status":"open","template":"","meta":[],"product_cat":[1281,1098],"product_tag":[658,707,752,651],"class_list":["post-5047","product","type-product","status-publish","has-post-thumbnail","hentry","product_cat-bayer-chic","product_cat-wozki-dla-lalek","product_tag-alan-znaczenie-imienia","product_tag-karty-pracy-dla-dzieci-z-ukrainy","product_tag-kuba-imie","product_tag-quizy-online"],"_links":{"self":[{"href":"http:\/\/klubmamgdynia.pl\/index.php\/wp-json\/wp\/v2\/product\/5047","targetHints":{"allow":["GET"]}}],"collection":[{"href":"http:\/\/klubmamgdynia.pl\/index.php\/wp-json\/wp\/v2\/product"}],"about":[{"href":"http:\/\/klubmamgdynia.pl\/index.php\/wp-json\/wp\/v2\/types\/product"}],"replies":[{"embeddable":true,"href":"http:\/\/klubmamgdynia.pl\/index.php\/wp-json\/wp\/v2\/comments?post=5047"}],"wp:featuredmedia":[{"embeddable":true,"href":"http:\/\/klubmamgdynia.pl\/index.php\/wp-json\/wp\/v2\/media\/5048"}],"wp:attachment":[{"href":"http:\/\/klubmamgdynia.pl\/index.php\/wp-json\/wp\/v2\/media?parent=5047"}],"wp:term":[{"taxonomy":"product_cat","embeddable":true,"href":"http:\/\/klubmamgdynia.pl\/index.php\/wp-json\/wp\/v2\/product_cat?post=5047"},{"taxonomy":"product_tag","embeddable":true,"href":"http:\/\/klubmamgdynia.pl\/index.php\/wp-json\/wp\/v2\/product_tag?post=5047"}],"curies":[{"name":"wp","href":"https:\/\/api.w.org\/{rel}","templated":true}]}}