{"id":5049,"date":"2012-02-08T00:05:40","date_gmt":"2012-02-07T23:05:40","guid":{"rendered":"http:\/\/klubmamgdynia.pl\/index.php\/produkt\/sluban-klocki-town-farma-krow-traktor-512el\/"},"modified":"2026-05-17T22:16:49","modified_gmt":"2026-05-17T20:16:49","slug":"sluban-klocki-town-farma-krow-traktor-512el","status":"publish","type":"product","link":"http:\/\/klubmamgdynia.pl\/index.php\/produkt\/sluban-klocki-town-farma-krow-traktor-512el\/","title":{"rendered":"Sluban Klocki Town Farma Kr\u00f3w Traktor 512El."},"content":{"rendered":"<p>Klocki Sluban 1118 Element\u00f3w Okr\u0119t Wojenny FregataZestaw klock\u00f3w &#8211; 1118 element\u00f3w, z kt\u00f3rych dzieci zbuduj\u0105 okr\u0119t wojenny FregataKlocki Sluban s\u0105 idealn\u0105 zabawk\u0105 dla dzieci. Pozwol\u0105 pobudzi\u0107 kreatywno\u015b\u0107, koordynacj\u0119 ruchow\u0105, zdolno\u015b\u0107 logicznego my\u015blenia oraz zdolno\u015bci manualne. Podczas uk\u0142adania klock\u00f3w, dzieci mog\u0105 \u0107wiczy\u0107 koncentracj\u0119 oraz cierpliwo\u015b\u0107.S\u0105 kompatybilne z innymi klockami tego typu.Klocki Sluban to nieko\u0144cz\u0105ca si\u0119, wielogodzinna zabawa dla ca\u0142ej rodziny!W zestawie:Okr\u0119t Wojenny Fregata 42 x 16 cmMarynarzSeparator Klock\u00f3w (w kszta\u0142cie krokodyla)instrukcje sk\u0142adaniaIlo\u015b\u0107 element\u00f3w: 1118<\/p>\n<h2>Sluban Klocki Town Farma Kr\u00f3w Traktor 512El. Sluban<\/h2>\n<p>zagadki matematyczne logiczne, gry i zabawy ruchowe, zagadki dla 4 latka, milena imie<\/p>\n<p>yyyyy<\/p>\n<p>&nbsp;<\/p>\n","protected":false},"excerpt":{"rendered":"<p>Klocki Sluban 1118 Element\u00f3w Okr\u0119t Wojenny FregataZestaw klock\u00f3w &#8211; 1118 element\u00f3w, z kt\u00f3rych dzieci zbuduj\u0105 okr\u0119t wojenny FregataKlocki Sluban s\u0105 idealn\u0105 zabawk\u0105 dla dzieci. Pozwol\u0105 pobudzi\u0107 kreatywno\u015b\u0107, koordynacj\u0119 ruchow\u0105, zdolno\u015b\u0107 logicznego my\u015blenia oraz zdolno\u015bci manualne. Podczas uk\u0142adania klock\u00f3w, dzieci mog\u0105 \u0107wiczy\u0107 koncentracj\u0119 oraz cierpliwo\u015b\u0107.S\u0105 kompatybilne z innymi klockami tego typu.Klocki Sluban to nieko\u0144cz\u0105ca si\u0119, wielogodzinna [&hellip;]<\/p>\n","protected":false},"featured_media":5050,"comment_status":"closed","ping_status":"open","template":"","meta":[],"product_cat":[113,513],"product_tag":[668,603,663,768,596],"class_list":["post-5049","product","type-product","status-publish","has-post-thumbnail","hentry","product_cat-klocki","product_cat-sluban","product_tag-atrakcje-dla-dzieci-wroclaw","product_tag-bajki-do-czytania","product_tag-kolorowanki-dla-dzieci-do-druku","product_tag-krotkie-zagadki-logiczne","product_tag-pomysly-na-prima-aprilis"],"_links":{"self":[{"href":"http:\/\/klubmamgdynia.pl\/index.php\/wp-json\/wp\/v2\/product\/5049","targetHints":{"allow":["GET"]}}],"collection":[{"href":"http:\/\/klubmamgdynia.pl\/index.php\/wp-json\/wp\/v2\/product"}],"about":[{"href":"http:\/\/klubmamgdynia.pl\/index.php\/wp-json\/wp\/v2\/types\/product"}],"replies":[{"embeddable":true,"href":"http:\/\/klubmamgdynia.pl\/index.php\/wp-json\/wp\/v2\/comments?post=5049"}],"wp:featuredmedia":[{"embeddable":true,"href":"http:\/\/klubmamgdynia.pl\/index.php\/wp-json\/wp\/v2\/media\/5050"}],"wp:attachment":[{"href":"http:\/\/klubmamgdynia.pl\/index.php\/wp-json\/wp\/v2\/media?parent=5049"}],"wp:term":[{"taxonomy":"product_cat","embeddable":true,"href":"http:\/\/klubmamgdynia.pl\/index.php\/wp-json\/wp\/v2\/product_cat?post=5049"},{"taxonomy":"product_tag","embeddable":true,"href":"http:\/\/klubmamgdynia.pl\/index.php\/wp-json\/wp\/v2\/product_tag?post=5049"}],"curies":[{"name":"wp","href":"https:\/\/api.w.org\/{rel}","templated":true}]}}