{"id":505,"date":"2023-03-27T07:00:06","date_gmt":"2023-03-27T05:00:06","guid":{"rendered":"http:\/\/klubmamgdynia.pl\/index.php\/produkt\/la-roche-posay-cicaplast-balsam-b5-kojacy-balsam-regenerujacy-40ml\/"},"modified":"2026-04-24T03:44:06","modified_gmt":"2026-04-24T01:44:06","slug":"la-roche-posay-cicaplast-balsam-b5-kojacy-balsam-regenerujacy-40ml","status":"publish","type":"product","link":"http:\/\/klubmamgdynia.pl\/index.php\/produkt\/la-roche-posay-cicaplast-balsam-b5-kojacy-balsam-regenerujacy-40ml\/","title":{"rendered":"La Roche Posay Cicaplast Balsam B5 koj\u0105cy balsam regeneruj\u0105cy 40ml"},"content":{"rendered":"<p>LA ROCHE-POSAY CICAPLAST BALSAM B5 koj\u0105cy balsam regeneruj\u0105cy 40 mlWskazania:Podra\u017cnienia nask\u00f3rka: wynikaj\u0105ce z suchej sk\u00f3ry, sp\u0119kania, otarcia, szorstkie plamy.Dla niemowl\u0105t, dzieci i doros\u0142ych.Formu\u0142a zawiera:Mied\u017a \/ cynk \/ manganowy kompleks mineralny do stymulowania produkcji nowych kom\u00f3rek i zapewnienia ochrony przeciwbakteryjnejMadekasozyd (wyci\u0105g z w\u0105krotki azjatyckiej) wspomaga w\u0142a\u015bciw\u0105 organizacj\u0119 kom\u00f3rek i szybko pomaga wytworzy\u0107 wysokiej jako\u015bci zregenerowany nask\u00f3rek,Pantenol \u2013 koi i \u0142agodzi uczucie pieczeniaMas\u0142o Karite \/ Gliceryna \u2013 od\u017cywia i nawil\u017caUltrakojaca konsystencja:Silnie od\u017cywcza konsystencja, niet\u0142usty efekt ko\u0144cowy, bez bia\u0142ych smugzwalcza pieczenie oraz wzbogacona jest w czynniki antybakteryjneMo\u017cna j\u0105 nak\u0142ada\u0107 jak ok\u0142ad, by uzyska\u0107 efekt otulaj\u0105cyNatychmiastowy efekt opatrunkuFormu\u0142a bez paraben\u00f3w, lanoliny, dostosowana do sk\u00f3ry niemowl\u0105t.Rezultaty:Nask\u00f3rek jest ukojony, zabezpieczony i stymulowany, regeneruje si\u0119 szybciej (ze wzgl\u0119du na sk\u0142adnik aktywny).                            <\/p>\n<p>            Sk\u0142ad<\/p>\n<p>Aqua\/Water, Homosalate, Panthenol (pantenol), Ethylhexyl Salicylate, Butyl Methoxydibenzoylmethane, Octocrylene, Alcohol Denat., Bis-ethylhexyloxyphenol Methoxyphenyl Triazine, Styrene\/acrylates Copolymer, Ethylhexyl Triazone, Triethanolamine, Dimethicone, Phenylbenzimidazole Sulfonic Acid, Peg-8 Laurate, Sorbitan Oleate, Zinc Gluconate (cynk), Madecassoside (madekasozyd) , Manganese Gluconate (magnez), Isohexadecane, Sodium Acrylates Crosspolymer-2, Silica, 2-oleamido-1,3-octadecanediol, Perlite, Drometrizole Trisiloxane, Poloxamer 338, Disodium Edta, Copper Gluconate, Caprylyl Glycol, Polysorbate 80, Acrylamide\/sodium Acryloyldimethyltaurate Copolymer, Acrylates\/c10-30 Alkyl Acrylate Crosspolymer, Bht, Tocopherol (witamina E), Phenoxyethanol.<\/p>\n<h2>La Roche Posay Cicaplast Balsam B5 koj\u0105cy balsam regeneruj\u0105cy 40ml La Roche-Posay<\/h2>\n<p>ka\u0142u\u017cy\u015bci, zagadki dla m\u0142odzie\u017cy, ba\u015bniowe imiona \u017ce\u0144skie, opowie\u015b\u0107 wigilijna test z odpowiedziami, ko\u0142ysanka tekst, quiz o kosmosie dla dzieci, \u015bmieszne zagadki dla dzieci, dawne ko\u0142ysanki teksty, alan znaczenie imienia, kr\u00f3tkie czytanki dla dzieci do wydruku, jak si\u0119 rysuje psa<\/p>\n<p>yyyyy<\/p>\n<p>&nbsp;<\/p>\n","protected":false},"excerpt":{"rendered":"<p>LA ROCHE-POSAY CICAPLAST BALSAM B5 koj\u0105cy balsam regeneruj\u0105cy 40 mlWskazania:Podra\u017cnienia nask\u00f3rka: wynikaj\u0105ce z suchej sk\u00f3ry, sp\u0119kania, otarcia, szorstkie plamy.Dla niemowl\u0105t, dzieci i doros\u0142ych.Formu\u0142a zawiera:Mied\u017a \/ cynk \/ manganowy kompleks mineralny do stymulowania produkcji nowych kom\u00f3rek i zapewnienia ochrony przeciwbakteryjnejMadekasozyd (wyci\u0105g z w\u0105krotki azjatyckiej) wspomaga w\u0142a\u015bciw\u0105 organizacj\u0119 kom\u00f3rek i szybko pomaga wytworzy\u0107 wysokiej jako\u015bci zregenerowany nask\u00f3rek,Pantenol [&hellip;]<\/p>\n","protected":false},"featured_media":506,"comment_status":"closed","ping_status":"open","template":"","meta":[],"product_cat":[134,196],"product_tag":[839,832,701],"class_list":["post-505","product","type-product","status-publish","has-post-thumbnail","hentry","product_cat-dermokosmetyki","product_cat-la-roche-posay","product_tag-bajki-na-dobranoc-do-czytania","product_tag-desery-dla-dzieci","product_tag-zgadywanki-dla-dzieci"],"_links":{"self":[{"href":"http:\/\/klubmamgdynia.pl\/index.php\/wp-json\/wp\/v2\/product\/505","targetHints":{"allow":["GET"]}}],"collection":[{"href":"http:\/\/klubmamgdynia.pl\/index.php\/wp-json\/wp\/v2\/product"}],"about":[{"href":"http:\/\/klubmamgdynia.pl\/index.php\/wp-json\/wp\/v2\/types\/product"}],"replies":[{"embeddable":true,"href":"http:\/\/klubmamgdynia.pl\/index.php\/wp-json\/wp\/v2\/comments?post=505"}],"wp:featuredmedia":[{"embeddable":true,"href":"http:\/\/klubmamgdynia.pl\/index.php\/wp-json\/wp\/v2\/media\/506"}],"wp:attachment":[{"href":"http:\/\/klubmamgdynia.pl\/index.php\/wp-json\/wp\/v2\/media?parent=505"}],"wp:term":[{"taxonomy":"product_cat","embeddable":true,"href":"http:\/\/klubmamgdynia.pl\/index.php\/wp-json\/wp\/v2\/product_cat?post=505"},{"taxonomy":"product_tag","embeddable":true,"href":"http:\/\/klubmamgdynia.pl\/index.php\/wp-json\/wp\/v2\/product_tag?post=505"}],"curies":[{"name":"wp","href":"https:\/\/api.w.org\/{rel}","templated":true}]}}