{"id":5051,"date":"2015-10-16T23:42:18","date_gmt":"2015-10-16T21:42:18","guid":{"rendered":"http:\/\/klubmamgdynia.pl\/index.php\/produkt\/lampa-sufitowa-wiszaca-wire-2-color-mozna-led\/"},"modified":"2026-04-23T06:50:17","modified_gmt":"2026-04-23T04:50:17","slug":"lampa-sufitowa-wiszaca-wire-2-color-mozna-led","status":"publish","type":"product","link":"http:\/\/klubmamgdynia.pl\/index.php\/produkt\/lampa-sufitowa-wiszaca-wire-2-color-mozna-led\/","title":{"rendered":"Lampa Sufitowa Wisz\u0105ca Wire 2 Color Mo\u017cna Led"},"content":{"rendered":"<p>Wysoka jako\u015b\u0107 produktuFachowa obs\u0142uga i doradztwoPolski producentPrzedstawiamy now\u0105 seri\u0119 lamp WIRE COLOR prosto od producenta.designerskie i eleganckie wzornictwopi\u0119kne klosze, kolorystyka do wyboruklosze zamontowane na przegubach, dzi\u0119ki czemu dowolnie kierowa\u0107 k\u0105tem padania \u015bwiat\u0142astela\u017c lampy wykonany z wysokiej jako\u015bci metaluca\u0142o\u015b\u0107 wykonana w Polsce w ca\u0142o\u015bci z polskich komponent\u00f3wWymiary:Odleg\u0142o\u015b\u0107 od sufitu: 21cmSzeroko\u015b\u0107 podsufitki: 40cm\u015arednica klosza w najszerszym miejscu: 19cmWysoko\u015b\u0107 klosza: 13cm\u0179r\u00f3d\u0142o \u015bwiat\u0142a:Dwie \u017car\u00f3wki na standardowy du\u017cy gwint E27 o maksymalnej mocy 60W ka\u017cdaBez ogranicze\u0144 w przypadku \u017car\u00f3wek ledowychLampa znakomicie prezentuje si\u0119 z \u017car\u00f3wk\u0105 dekoracyjn\u0105. Jest ona dost\u0119pna w sprzeda\u017cy na pozosta\u0142ych naszych aukcjach.LAMPA POSIADA BIA\u0141Y STELA\u017b, ISTNIEJE NATOMIAST MO\u017bLIWO\u015a\u0106 WYBORU KOLORU KLOSZA&#8230;.BIA\u0141YCZARNYNIEBIESKIR\u00d3\u017bOWYSZARYPo z\u0142o\u017ceniu zam\u00f3wienia prosimy o informacj\u0119 z wybranym kolorem. Mo\u017cna tworzy\u0107 &#8222;miksy&#8221;, czyli miesza\u0107 kolory kloszy na lampie.Lampy w rewelacyjnych cenach, prosto od polskiego producenta, wykonane z polskich komponent\u00f3w.Poni\u017cej pozosta\u0142e lampy z serii WIRE COLOR&#8230;__________________________________________________________________Dlaczego warto u nas kupowa\u0107:_________________________________________________________________Oferowane przez Nas produkty s\u0105 najwy\u017cszej jako\u015bciDla nas Klient jest najwa\u017cniejszy, dlatego Twoje zadowolenie jest naszym priorytetem.<\/p>\n<h2>Lampa Sufitowa Wisz\u0105ca Wire 2 Color Mo\u017cna Led Inny<\/h2>\n<p>zagadki dla 8 latk\u00f3w, szlaczki, plac zabaw warszawa, wiosenne zagadki dla dzieci, krotkie zagadki, wyprawka warszawiaka 2021, kolorowanki patriotyczne symbole narodowe kolorowanka, szopka do druku, samolot z papieru, skalne miasto, psi patrol kolorowanki, niech \u017cyj\u0105 wakacje tekst, test opowie\u015bci z narnii lew czarownica i stara szafa do druku, basen warszawa, tekst o rodzinie<\/p>\n<p>yyyyy<\/p>\n<p>&nbsp;<\/p>\n","protected":false},"excerpt":{"rendered":"<p>Wysoka jako\u015b\u0107 produktuFachowa obs\u0142uga i doradztwoPolski producentPrzedstawiamy now\u0105 seri\u0119 lamp WIRE COLOR prosto od producenta.designerskie i eleganckie wzornictwopi\u0119kne klosze, kolorystyka do wyboruklosze zamontowane na przegubach, dzi\u0119ki czemu dowolnie kierowa\u0107 k\u0105tem padania \u015bwiat\u0142astela\u017c lampy wykonany z wysokiej jako\u015bci metaluca\u0142o\u015b\u0107 wykonana w Polsce w ca\u0142o\u015bci z polskich komponent\u00f3wWymiary:Odleg\u0142o\u015b\u0107 od sufitu: 21cmSzeroko\u015b\u0107 podsufitki: 40cm\u015arednica klosza w najszerszym miejscu: [&hellip;]<\/p>\n","protected":false},"featured_media":5052,"comment_status":"closed","ping_status":"open","template":"","meta":[],"product_cat":[169,138],"product_tag":[834,836,654,689,793],"class_list":["post-5051","product","type-product","status-publish","has-post-thumbnail","hentry","product_cat-inny","product_cat-lampki-dzieciece","product_tag-bajka-do-czytania-na-dobranoc","product_tag-co-kupic-dziecku-na-roczek","product_tag-krotkie-bajki-dla-dzieci-do-czytania","product_tag-linda","product_tag-zagadki-smieszne-podchwytliwe"],"_links":{"self":[{"href":"http:\/\/klubmamgdynia.pl\/index.php\/wp-json\/wp\/v2\/product\/5051","targetHints":{"allow":["GET"]}}],"collection":[{"href":"http:\/\/klubmamgdynia.pl\/index.php\/wp-json\/wp\/v2\/product"}],"about":[{"href":"http:\/\/klubmamgdynia.pl\/index.php\/wp-json\/wp\/v2\/types\/product"}],"replies":[{"embeddable":true,"href":"http:\/\/klubmamgdynia.pl\/index.php\/wp-json\/wp\/v2\/comments?post=5051"}],"wp:featuredmedia":[{"embeddable":true,"href":"http:\/\/klubmamgdynia.pl\/index.php\/wp-json\/wp\/v2\/media\/5052"}],"wp:attachment":[{"href":"http:\/\/klubmamgdynia.pl\/index.php\/wp-json\/wp\/v2\/media?parent=5051"}],"wp:term":[{"taxonomy":"product_cat","embeddable":true,"href":"http:\/\/klubmamgdynia.pl\/index.php\/wp-json\/wp\/v2\/product_cat?post=5051"},{"taxonomy":"product_tag","embeddable":true,"href":"http:\/\/klubmamgdynia.pl\/index.php\/wp-json\/wp\/v2\/product_tag?post=5051"}],"curies":[{"name":"wp","href":"https:\/\/api.w.org\/{rel}","templated":true}]}}