{"id":5055,"date":"2023-08-25T16:18:27","date_gmt":"2023-08-25T14:18:27","guid":{"rendered":"http:\/\/klubmamgdynia.pl\/?post_type=product&#038;p=5055"},"modified":"2026-04-22T12:42:17","modified_gmt":"2026-04-22T10:42:17","slug":"tako-laret-imperial-05-gleboko-spacerowy","status":"publish","type":"product","link":"http:\/\/klubmamgdynia.pl\/index.php\/produkt\/tako-laret-imperial-05-gleboko-spacerowy\/","title":{"rendered":"Tako Laret Imperial 05 G\u0142\u0119boko Spacerowy"},"content":{"rendered":"<p>TAKO Laret Imperial &#8211; wielofunkcyjny w\u00f3zek 2w1 z opcj\u0105 3w1 Kolor\/wz\u00f3r: 05 Nowoczesny, doskonale wykonany i wyj\u0105tkowo stylowy w\u00f3zek Tako Laret Imperial. Wyj\u0105tkowa stylistyka i bogate wyposa\u017cenie znajduj\u0105ce si\u0119 w zestawie z w\u00f3zkiem sprawiaj\u0105, \u017ce trudno obok niego przej\u015b\u0107 oboj\u0119tnie &#8211; obszerna, komfortowa gondola, wygodne siedzisko spacerowe, uchwyt na kubek, praktyczny kosz zakupowy i torba piel\u0119gnacyjna, folia przeciwdeszczowa i ciep\u0142e pokrowce na n\u00f3\u017cki do gondoli i spacer\u00f3wki.Komfortowe zawieszenie, monta\u017c gondoli i siedziska spacerowego w obu kierunkach, mo\u017cliwo\u015b\u0107 rozbudowy do zestawu 3w1 &#8211; monta\u017c fotelika na opcjonalnych adapterach. W zestawie: konstrukcja siedzisko spacerowe gondola \u015bpiworek zimowy folia przeciwdeszczowa Cechy charakterystyczne Gondola niepowtarzalny design misy, obszerna, regulowana budka, p\u0142ynna regulacja oparcia w gondoli, system wentylacji, pokrowiec na n\u00f3\u017cki, dodatkowy panel przeciwko s\u0142o\u0144cu i z\u0142ym warunkom atmosferycznym. Siedzisko spacerowe obszerna regulowana budka, system wentylacji z otwieranym panelem, pokrowiec na n\u00f3\u017cki, 5-punktowe pasy, regulacja wysoko\u015bci pas\u00f3w, regulacja k\u0105ta pochylenia oparcia &#8211; do pozycji le\u017c\u0105cej, komfortowy, tkaninowy, estetyczny materacyk, pa\u0142\u0105k bezpiecze\u0144stwa &#8211; wypinany, pokryty eko-sk\u00f3r\u0105, regulowany w szerokim zakresie podn\u00f3\u017cek. Nowoczesna konstrukcja Aluminiowy stela\u017c w\u00f3zka Tako Laret Imperial &#8211; przemy\u015blany, nowoczesny, \u0142atwy w u\u017cyciu system sk\u0142adania, wygodny przycisk do sk\u0142adania na r\u0105czce w\u00f3zka. W\u00f3zek sk\u0142ada si\u0119 do niewielkich rozmiar\u00f3w, prosty w u\u017cyciu mechanizm gwarantuje wygod\u0119 korzystania ka\u017cdego dnia. Du\u017ca budka z powi\u0119kszeniem Aby zapewni\u0107 przyjemn\u0105, komfortow\u0105 podr\u00f3\u017c Twojemu dziecku w\u00f3zek Tako Laret Imperial posiada du\u017c\u0105 budk\u0119 gondoli oraz siedziska spacerowego &#8211; chroni przed s\u0142o\u0144cem, deszczem czy wiatrem. Siedzisko rozk\u0142adane do pozycji le\u017c\u0105cej Laret Imperial posiada siedzisko rozk\u0142adane niemal na p\u0142asko. Dzi\u0119ki temu zapewnia ochron\u0119 i spokojny sen dziecku podczas ka\u017cdej podr\u00f3\u017cy. Nowoczesne tkaniny i stylowe dodatki Zastosowanie w w\u00f3zku nowoczesnych, wytrzyma\u0142ych odpornych tkanin zapewnia ochron\u0119 przeciw promieniowaniu UV na poziomie UPF 50+. Budka gondoli i siedzisko spacerowe wyposa\u017cone s\u0105 w system wentylacji &#8211; doskona\u0142y komfort dla dziecka niezale\u017cnie od pogody. Dodatkowy panel wentylacyjny zamykany na zamek b\u0142yskawiczny &#8211; \u0142atwe u\u017cytkowanie. Tkaniny Tako Laret Imperial s\u0105 odporne na warunki atmosferyczne, \u017cakardowe i wyj\u0105tkowo trwa\u0142e, dostarczane przez renomowanych producent\u00f3w tkaniny zadbali r\u00f3wnie\u017c o ciekaw\u0105 gam\u0119 kolorystyczn\u0105. W zestawie znajduje si\u0119 stylowa torba na akcesoria, kt\u00f3ra pomie\u015bci wszystkie niezb\u0119dne rzeczy. Doskona\u0142a amortyzacja i du\u017ce ko\u0142a Laret Imperial posiada zaawansowan\u0105 amortyzacj\u0119, kt\u00f3ra sprawia, \u017ce nawet po nier\u00f3wnych terenach w\u00f3zek prowadzi si\u0119 p\u0142ynnie i lekko. Du\u017ce ko\u0142a stanowi\u0105 dodatkowy element u\u0142atwiaj\u0105cy prowadzenie niezale\u017cnie od rodzaju pod\u0142o\u017ca. Travel system 2w1 lub 3w1 Tako Laret Imperial posiada mo\u017cliwo\u015b\u0107 wpi\u0119cia w stela\u017c w\u00f3zka fotelika samochodowego &#8211; do tego pos\u0142u\u017cy dodatkowy adapter. Taka mo\u017cliwo\u015b\u0107 jest wygodna dla rodzic\u00f3w, kt\u00f3rzy cz\u0119sto wyruszaj\u0105 z domu i przemieszczaj\u0105 si\u0119 autem. Na d\u0142ugie spacery polecana jest jednak wygodna gondola. Kompaktowe rozmiary Du\u017cy w\u00f3zek dla dziecka nie oznacza du\u017cej ilo\u015bci zajmowanego miejsca po z\u0142o\u017ceniu. Laret Imperial posiada mo\u017cliwo\u015b\u0107 wypi\u0119cia k\u00f3\u0142 w szybki i nieskomplikowany spos\u00f3b. Dzi\u0119ki temu zaoszcz\u0119dzisz miejsce w ma\u0142ym baga\u017cniku, albo w ciasnym korytarzu. W zestawie niezb\u0119dne akcesoria W zestawie z w\u00f3zkiem znajduje si\u0119 folia przeciwdeszczowa, moskitiera, os\u0142onka na n\u00f3\u017cki oraz uchwyt na kubek i torba piel\u0119gnacyjna. Specyfikacja Wymiary roz\u0142o\u017conego stela\u017ca: (d\u0142ugo\u015b\u0107 x szeroko\u015b\u0107 x wysoko\u015b\u0107) 110 x 65 x 107 cm Wymiary z\u0142o\u017conego stela\u017ca: (d\u0142ugo\u015b\u0107 x szeroko\u015b\u0107 x wysoko\u015b\u0107) 89 x 65 x 42 cm Wymiary gondoli: (d\u0142ugo\u015b\u0107 x szeroko\u015b\u0107 x wysoko\u015b\u0107) 90 x 42 x 62 cm Wymiary siedziska spacerowego: (d\u0142ugo\u015b\u0107 x szeroko\u015b\u0107 x wysoko\u015b\u0107) 92 x 44 x 62 Waga stela\u017ca: 10,2 kg Waga gondoli: 4,7 kg Waga siedziska spacerowego: 5,5 kg<\/p>\n<h2>Tako Laret Imperial 05 G\u0142\u0119boko Spacerowy Tako<\/h2>\n<p>pies kolorowanka, quiz o bajkach, uk\u0142ad s\u0142oneczny dla dzieci do druku, kolorowe kredki tekst, melania znaczenie imienia, opis do zdj\u0119cia dziecka na fb, g\u0142upie zagadki, opis do zdj\u0119cia dziecka na fb, znane misie z film\u00f3w animowanych, karaluchy pod poduchy, misie z bajek, kolorowanki do druku pokemon, krzy\u017c\u00f3wki dla dzieci, rysunki do druku, choinko pi\u0119kna jak las tekst, wierszyk o marzannie<\/p>\n<p>yyyyy<\/p>\n<p>&nbsp;<\/p>\n","protected":false},"excerpt":{"rendered":"<p>TAKO Laret Imperial &#8211; wielofunkcyjny w\u00f3zek 2w1 z opcj\u0105 3w1 Kolor\/wz\u00f3r: 05 Nowoczesny, doskonale wykonany i wyj\u0105tkowo stylowy w\u00f3zek Tako Laret Imperial. Wyj\u0105tkowa stylistyka i bogate wyposa\u017cenie znajduj\u0105ce si\u0119 w zestawie z w\u00f3zkiem sprawiaj\u0105, \u017ce trudno obok niego przej\u015b\u0107 oboj\u0119tnie &#8211; obszerna, komfortowa gondola, wygodne siedzisko spacerowe, uchwyt na kubek, praktyczny kosz zakupowy i torba [&hellip;]<\/p>\n","protected":false},"featured_media":5056,"comment_status":"closed","ping_status":"open","template":"","meta":[],"product_cat":[1290,110],"product_tag":[761,729,632,796,733],"class_list":["post-5055","product","type-product","status-publish","has-post-thumbnail","hentry","product_cat-tako","product_cat-wozki-wielofunkcyjne","product_tag-choinko-piekna-jak-las-tekst","product_tag-madre-bajki-dla-dzieci-do-czytania","product_tag-warszawa-atrakcje-dla-mlodziezy","product_tag-zagatki","product_tag-zarty-na-prima-aprilis"],"_links":{"self":[{"href":"http:\/\/klubmamgdynia.pl\/index.php\/wp-json\/wp\/v2\/product\/5055","targetHints":{"allow":["GET"]}}],"collection":[{"href":"http:\/\/klubmamgdynia.pl\/index.php\/wp-json\/wp\/v2\/product"}],"about":[{"href":"http:\/\/klubmamgdynia.pl\/index.php\/wp-json\/wp\/v2\/types\/product"}],"replies":[{"embeddable":true,"href":"http:\/\/klubmamgdynia.pl\/index.php\/wp-json\/wp\/v2\/comments?post=5055"}],"wp:featuredmedia":[{"embeddable":true,"href":"http:\/\/klubmamgdynia.pl\/index.php\/wp-json\/wp\/v2\/media\/5056"}],"wp:attachment":[{"href":"http:\/\/klubmamgdynia.pl\/index.php\/wp-json\/wp\/v2\/media?parent=5055"}],"wp:term":[{"taxonomy":"product_cat","embeddable":true,"href":"http:\/\/klubmamgdynia.pl\/index.php\/wp-json\/wp\/v2\/product_cat?post=5055"},{"taxonomy":"product_tag","embeddable":true,"href":"http:\/\/klubmamgdynia.pl\/index.php\/wp-json\/wp\/v2\/product_tag?post=5055"}],"curies":[{"name":"wp","href":"https:\/\/api.w.org\/{rel}","templated":true}]}}