{"id":5057,"date":"2024-11-15T21:52:36","date_gmt":"2024-11-15T20:52:36","guid":{"rendered":"http:\/\/klubmamgdynia.pl\/?post_type=product&#038;p=5057"},"modified":"2026-05-17T23:17:03","modified_gmt":"2026-05-17T21:17:03","slug":"doris-kuchnia-intelligent-zestaw-42-el-z-funkcja-woda-zabawka","status":"publish","type":"product","link":"http:\/\/klubmamgdynia.pl\/index.php\/produkt\/doris-kuchnia-intelligent-zestaw-42-el-z-funkcja-woda-zabawka\/","title":{"rendered":"Doris Kuchnia Intelligent Zestaw 42 El Z Funkcj\u0105 Woda &#8211; Zabawka"},"content":{"rendered":"<p>Obszerny zestaw kuchni AGD z pewno\u015bci\u0105 zachwyci ka\u017cde dziecko swoimi funkcjami i wygl\u0105dem. Kuchnia jest zaprojektowana tak, aby zajmowa\u0142a nie du\u017co miejsca, a jednocze\u015bnie sprawia\u0142a wiele frajdy i mo\u017cliwo\u015bci zabawy. Ruchome elementy nadaj\u0105 zabawce realizmu i zachwyc\u0105 ka\u017cde dziecko. Kranik w zlewie jest ruchomy. Do zlewu mo\u017cna nala\u0107 wody. Otwierane drzwiczki lod\u00f3wki czy ruchome pokr\u0119t\u0142a kuchenki. Dodatkowo kuchnia posiada realistyczne \u015bwiat\u0142a i d\u017awi\u0119ki. Zestaw sk\u0142adaj\u0105cy si\u0119 a\u017c z 42 element\u00f3w zaspokoi najbardziej wymagaj\u0105ce dzieci i sprawi \u017ce zabawa nie b\u0119dzie mia\u0142a ko\u0144ca. Z kranu leci woda po naci\u015bni\u0119ciu przycisku. Kuchenka dodatkowo symuluje efekty gotowania i pary wodnej &#8211; po wlaniu wody do specjalnego zbiorniczka kuchenka uwalnia delikatn\u0105 mgie\u0142k\u0119 wody kt\u00f3ra jest bezpieczna dla dzieci i daje niesamowity efekt gotowania podczas zabawy! Wiele dodatkowych akcesori\u00f3w do zabawy (garnki, przybory do gotowania, sztu\u0107ce, kubeczki, warzywa i owoce). Zestaw wyr\u00f3\u017cnia r\u00f3wnie\u017c za\u0142\u0105czona mini tablica sucho\u015bcieralna z kred\u0105 i g\u0105beczk\u0105 na kt\u00f3rej dziecko mo\u017ce rysowa\u0107 i pisa\u0107! Dziecko z \u0142atwo\u015bci\u0105 rozwinie zdolno\u015bci manualne oraz interpersonalne poprzez wsp\u00f3ln\u0105 zabaw\u0119. Sk\u0142ad zestawu: -Kuchnia ze zlewem, lod\u00f3wka -Garnek, patelnia -Talerze, kubek, sztu\u0107ce -Przybory kuchenne -Tablica z kred\u0105 i g\u0105beczk\u0105 -Owoce i warzywa -Naklejki i kartoniki na kuchni\u0119 i produkty WYMIARY: -ca\u0142kowity wymiar kuchni ok : 63 x 45,5 x 22 cm -wysoko\u015b\u0107 od pod\u0142ogi do blatu 32 cm -wymiary opakowania: 49,5 x 14,5 x 35 cm Zabawka wymaga baterii 3 x AA 1,5 V ( BRAK W ZESTAWIE )<\/p>\n<h2>Doris Kuchnia Intelligent Zestaw 42 El Z Funkcj\u0105 Woda &#8211; Zabawka Doris<\/h2>\n<p>kartk\u00f3wki z zegara, pikachu do druku, lato lato lato czeka tekst, wierszyki o wakacjach kr\u00f3tkie, kolorowanka harry potter, quiz psi patrol, zagadki dla 4 latka, ja\u015bmina imi\u0119, bursztynek, nadia, dzieci cytaty, maska kota, przygody tomka sawyera test, kolorowanka traktor, kolorowe listki, opowie\u015bci z narni test, kolorowanki do druku pokemon<\/p>\n<p>yyyyy<\/p>\n<p>&nbsp;<\/p>\n","protected":false},"excerpt":{"rendered":"<p>Obszerny zestaw kuchni AGD z pewno\u015bci\u0105 zachwyci ka\u017cde dziecko swoimi funkcjami i wygl\u0105dem. Kuchnia jest zaprojektowana tak, aby zajmowa\u0142a nie du\u017co miejsca, a jednocze\u015bnie sprawia\u0142a wiele frajdy i mo\u017cliwo\u015bci zabawy. Ruchome elementy nadaj\u0105 zabawce realizmu i zachwyc\u0105 ka\u017cde dziecko. Kranik w zlewie jest ruchomy. Do zlewu mo\u017cna nala\u0107 wody. Otwierane drzwiczki lod\u00f3wki czy ruchome pokr\u0119t\u0142a [&hellip;]<\/p>\n","protected":false},"featured_media":5058,"comment_status":"closed","ping_status":"open","template":"","meta":[],"product_cat":[338,53],"product_tag":[859,645,814,857],"class_list":["post-5057","product","type-product","status-publish","has-post-thumbnail","hentry","product_cat-doris","product_cat-kaciki-zabaw","product_tag-dobranoc-pchly-na-noc","product_tag-latwe-zagadki","product_tag-prezenty-dla-nastolatek","product_tag-zagadki-dla-dzieci-7-8-lat"],"_links":{"self":[{"href":"http:\/\/klubmamgdynia.pl\/index.php\/wp-json\/wp\/v2\/product\/5057","targetHints":{"allow":["GET"]}}],"collection":[{"href":"http:\/\/klubmamgdynia.pl\/index.php\/wp-json\/wp\/v2\/product"}],"about":[{"href":"http:\/\/klubmamgdynia.pl\/index.php\/wp-json\/wp\/v2\/types\/product"}],"replies":[{"embeddable":true,"href":"http:\/\/klubmamgdynia.pl\/index.php\/wp-json\/wp\/v2\/comments?post=5057"}],"wp:featuredmedia":[{"embeddable":true,"href":"http:\/\/klubmamgdynia.pl\/index.php\/wp-json\/wp\/v2\/media\/5058"}],"wp:attachment":[{"href":"http:\/\/klubmamgdynia.pl\/index.php\/wp-json\/wp\/v2\/media?parent=5057"}],"wp:term":[{"taxonomy":"product_cat","embeddable":true,"href":"http:\/\/klubmamgdynia.pl\/index.php\/wp-json\/wp\/v2\/product_cat?post=5057"},{"taxonomy":"product_tag","embeddable":true,"href":"http:\/\/klubmamgdynia.pl\/index.php\/wp-json\/wp\/v2\/product_tag?post=5057"}],"curies":[{"name":"wp","href":"https:\/\/api.w.org\/{rel}","templated":true}]}}