{"id":5059,"date":"2014-09-20T11:28:24","date_gmt":"2014-09-20T09:28:24","guid":{"rendered":"http:\/\/klubmamgdynia.pl\/index.php\/produkt\/wader-doktor-zestaw-lekarski-walizka-lekarza-15el\/"},"modified":"2026-04-26T23:02:24","modified_gmt":"2026-04-26T21:02:24","slug":"wader-doktor-zestaw-lekarski-walizka-lekarza-15el","status":"publish","type":"product","link":"http:\/\/klubmamgdynia.pl\/index.php\/produkt\/wader-doktor-zestaw-lekarski-walizka-lekarza-15el\/","title":{"rendered":"Wader Doktor Zestaw Lekarski Walizka Lekarza 15el"},"content":{"rendered":"<p>Zestaw Lekarz W Pude\u0142ku Stetoskop Strzykawka M\u0142oteczek Okulary 53619Zabawa w lekarza jest \u015bwietnym sposobem zar\u00f3wno na to, by dziecko poprzez zabaw\u0119 mog\u0142o opanowa\u0107 podstawowe elementy pomocy, jak i rewelacyjn\u0105 metod\u0105 wyzbycia si\u0119 l\u0119ku przed wizytami u lek<\/p>\n<h2>Wader Doktor Zestaw Lekarski Walizka Lekarza 15el Wader<\/h2>\n<p>wielkanocne zagadki, pieski, filmy animowane o \u015bwi\u0119tach, zadania logiczne dla dzieci, cytaty o przyja\u017ani \u015bmieszne, pomys\u0142 na prezent dla 15 latki, kolorowanki do druku, ja\u015bmina imi\u0119, pomys\u0142 na prezent dla nastolatki, krzy\u017c\u00f3wki dla dzieci do druku, pierniki na bo\u017ce narodzenie<\/p>\n<p>yyyyy<\/p>\n<p>&nbsp;<\/p>\n","protected":false},"excerpt":{"rendered":"<p>Zestaw Lekarz W Pude\u0142ku Stetoskop Strzykawka M\u0142oteczek Okulary 53619Zabawa w lekarza jest \u015bwietnym sposobem zar\u00f3wno na to, by dziecko poprzez zabaw\u0119 mog\u0142o opanowa\u0107 podstawowe elementy pomocy, jak i rewelacyjn\u0105 metod\u0105 wyzbycia si\u0119 l\u0119ku przed wizytami u lek Wader Doktor Zestaw Lekarski Walizka Lekarza 15el Wader wielkanocne zagadki, pieski, filmy animowane o \u015bwi\u0119tach, zadania logiczne dla [&hellip;]<\/p>\n","protected":false},"featured_media":5060,"comment_status":"closed","ping_status":"open","template":"","meta":[],"product_cat":[172,514],"product_tag":[666,774,636,615],"class_list":["post-5059","product","type-product","status-publish","has-post-thumbnail","hentry","product_cat-akcesoria-dla-lalek","product_cat-wader","product_tag-afrykanskie-imiona","product_tag-prezent-na-roczek-nie-zabawka","product_tag-teksty-kolysanek","product_tag-znane-misie-z-filmow-animowanych"],"_links":{"self":[{"href":"http:\/\/klubmamgdynia.pl\/index.php\/wp-json\/wp\/v2\/product\/5059","targetHints":{"allow":["GET"]}}],"collection":[{"href":"http:\/\/klubmamgdynia.pl\/index.php\/wp-json\/wp\/v2\/product"}],"about":[{"href":"http:\/\/klubmamgdynia.pl\/index.php\/wp-json\/wp\/v2\/types\/product"}],"replies":[{"embeddable":true,"href":"http:\/\/klubmamgdynia.pl\/index.php\/wp-json\/wp\/v2\/comments?post=5059"}],"wp:featuredmedia":[{"embeddable":true,"href":"http:\/\/klubmamgdynia.pl\/index.php\/wp-json\/wp\/v2\/media\/5060"}],"wp:attachment":[{"href":"http:\/\/klubmamgdynia.pl\/index.php\/wp-json\/wp\/v2\/media?parent=5059"}],"wp:term":[{"taxonomy":"product_cat","embeddable":true,"href":"http:\/\/klubmamgdynia.pl\/index.php\/wp-json\/wp\/v2\/product_cat?post=5059"},{"taxonomy":"product_tag","embeddable":true,"href":"http:\/\/klubmamgdynia.pl\/index.php\/wp-json\/wp\/v2\/product_tag?post=5059"}],"curies":[{"name":"wp","href":"https:\/\/api.w.org\/{rel}","templated":true}]}}