{"id":5065,"date":"2018-08-27T13:46:28","date_gmt":"2018-08-27T11:46:28","guid":{"rendered":"http:\/\/klubmamgdynia.pl\/index.php\/produkt\/tako-junama-diamond-indyvidual-v2-06-gleboko-spacerowy\/"},"modified":"2026-05-17T22:38:18","modified_gmt":"2026-05-17T20:38:18","slug":"tako-junama-diamond-indyvidual-v2-06-gleboko-spacerowy","status":"publish","type":"product","link":"http:\/\/klubmamgdynia.pl\/index.php\/produkt\/tako-junama-diamond-indyvidual-v2-06-gleboko-spacerowy\/","title":{"rendered":"Tako Junama Diamond Indyvidual V2 06 G\u0142\u0119boko Spacerowy"},"content":{"rendered":"<h2>Tako Junama Diamond Indyvidual V2 06 G\u0142\u0119boko Spacerowy Tako<\/h2>\n<p>paloma, dorian, kr\u00f3tkie zagadki dla doros\u0142ych, wzruszajace cytaty o rodzinie, atrakcje dla dzieci tr\u00f3jmiasto, m\u0105dre cytaty dla dzieci, test z tajemniczego ogrodu, kartka walentynkowa r\u0119cznie robiona \u0142atwa, mia, quiz o \u015bwi\u0119tach bo\u017cego narodzenia, najpi\u0119kniejsze cytaty dziecko cytaty, antystresowe mandale do druku, list do \u015bw miko\u0142aja &#8212; wz\u00f3r<\/p>\n<p>yyyyy<\/p>\n<p>&nbsp;<\/p>\n","protected":false},"excerpt":{"rendered":"<p>Tako Junama Diamond Indyvidual V2 06 G\u0142\u0119boko Spacerowy Tako paloma, dorian, kr\u00f3tkie zagadki dla doros\u0142ych, wzruszajace cytaty o rodzinie, atrakcje dla dzieci tr\u00f3jmiasto, m\u0105dre cytaty dla dzieci, test z tajemniczego ogrodu, kartka walentynkowa r\u0119cznie robiona \u0142atwa, mia, quiz o \u015bwi\u0119tach bo\u017cego narodzenia, najpi\u0119kniejsze cytaty dziecko cytaty, antystresowe mandale do druku, list do \u015bw miko\u0142aja &#8212; [&hellip;]<\/p>\n","protected":false},"featured_media":5066,"comment_status":"closed","ping_status":"open","template":"","meta":[],"product_cat":[1290,110],"product_tag":[685,816,636],"class_list":["post-5065","product","type-product","status-publish","has-post-thumbnail","hentry","product_cat-tako","product_cat-wozki-wielofunkcyjne","product_tag-cytaty-o-rodzinie","product_tag-place-zabaw-warszawa","product_tag-teksty-kolysanek"],"_links":{"self":[{"href":"http:\/\/klubmamgdynia.pl\/index.php\/wp-json\/wp\/v2\/product\/5065","targetHints":{"allow":["GET"]}}],"collection":[{"href":"http:\/\/klubmamgdynia.pl\/index.php\/wp-json\/wp\/v2\/product"}],"about":[{"href":"http:\/\/klubmamgdynia.pl\/index.php\/wp-json\/wp\/v2\/types\/product"}],"replies":[{"embeddable":true,"href":"http:\/\/klubmamgdynia.pl\/index.php\/wp-json\/wp\/v2\/comments?post=5065"}],"wp:featuredmedia":[{"embeddable":true,"href":"http:\/\/klubmamgdynia.pl\/index.php\/wp-json\/wp\/v2\/media\/5066"}],"wp:attachment":[{"href":"http:\/\/klubmamgdynia.pl\/index.php\/wp-json\/wp\/v2\/media?parent=5065"}],"wp:term":[{"taxonomy":"product_cat","embeddable":true,"href":"http:\/\/klubmamgdynia.pl\/index.php\/wp-json\/wp\/v2\/product_cat?post=5065"},{"taxonomy":"product_tag","embeddable":true,"href":"http:\/\/klubmamgdynia.pl\/index.php\/wp-json\/wp\/v2\/product_tag?post=5065"}],"curies":[{"name":"wp","href":"https:\/\/api.w.org\/{rel}","templated":true}]}}