{"id":5067,"date":"2024-08-24T15:59:43","date_gmt":"2024-08-24T13:59:43","guid":{"rendered":"http:\/\/klubmamgdynia.pl\/?post_type=product&#038;p=5067"},"modified":"2026-04-05T22:36:26","modified_gmt":"2026-04-05T20:36:26","slug":"kunert-tiaro-premium-roz-kwiaty-gleboko-spacerowy","status":"publish","type":"product","link":"http:\/\/klubmamgdynia.pl\/index.php\/produkt\/kunert-tiaro-premium-roz-kwiaty-gleboko-spacerowy\/","title":{"rendered":"Kunert Tiaro Premium R\u00f3\u017c + Kwiaty G\u0142\u0119boko-Spacerowy"},"content":{"rendered":"<p>Kunert Tiaro Premium W\u00f3zek G\u0142\u0119boko-Spacerowy 2w1 R\u00f3\u017c + Kwiaty Z\u0142ota Rama Ko\u0142a \u017belowe<\/p>\n<h2>Kunert Tiaro Premium R\u00f3\u017c + Kwiaty G\u0142\u0119boko-Spacerowy Kunert<\/h2>\n<p>zings kolorowanka, alan imie, najpi\u0119kniejsze cytaty o przyja\u017ani, konkurencje sportowe dla dzieci, zima z\u0142a tekst<\/p>\n<p>yyyyy<\/p>\n<p>&nbsp;<\/p>\n","protected":false},"excerpt":{"rendered":"<p>Kunert Tiaro Premium W\u00f3zek G\u0142\u0119boko-Spacerowy 2w1 R\u00f3\u017c + Kwiaty Z\u0142ota Rama Ko\u0142a \u017belowe Kunert Tiaro Premium R\u00f3\u017c + Kwiaty G\u0142\u0119boko-Spacerowy Kunert zings kolorowanka, alan imie, najpi\u0119kniejsze cytaty o przyja\u017ani, konkurencje sportowe dla dzieci, zima z\u0142a tekst yyyyy &nbsp;<\/p>\n","protected":false},"featured_media":5068,"comment_status":"closed","ping_status":"open","template":"","meta":[],"product_cat":[1277,110],"product_tag":[747,856,736,633],"class_list":["post-5067","product","type-product","status-publish","has-post-thumbnail","hentry","product_cat-kunert","product_cat-wozki-wielofunkcyjne","product_tag-malowanki-do-druku","product_tag-prezent-dla-16-latki","product_tag-zabawki-na-roczek","product_tag-zagadki-z-odpowiedziami"],"_links":{"self":[{"href":"http:\/\/klubmamgdynia.pl\/index.php\/wp-json\/wp\/v2\/product\/5067","targetHints":{"allow":["GET"]}}],"collection":[{"href":"http:\/\/klubmamgdynia.pl\/index.php\/wp-json\/wp\/v2\/product"}],"about":[{"href":"http:\/\/klubmamgdynia.pl\/index.php\/wp-json\/wp\/v2\/types\/product"}],"replies":[{"embeddable":true,"href":"http:\/\/klubmamgdynia.pl\/index.php\/wp-json\/wp\/v2\/comments?post=5067"}],"wp:featuredmedia":[{"embeddable":true,"href":"http:\/\/klubmamgdynia.pl\/index.php\/wp-json\/wp\/v2\/media\/5068"}],"wp:attachment":[{"href":"http:\/\/klubmamgdynia.pl\/index.php\/wp-json\/wp\/v2\/media?parent=5067"}],"wp:term":[{"taxonomy":"product_cat","embeddable":true,"href":"http:\/\/klubmamgdynia.pl\/index.php\/wp-json\/wp\/v2\/product_cat?post=5067"},{"taxonomy":"product_tag","embeddable":true,"href":"http:\/\/klubmamgdynia.pl\/index.php\/wp-json\/wp\/v2\/product_tag?post=5067"}],"curies":[{"name":"wp","href":"https:\/\/api.w.org\/{rel}","templated":true}]}}