{"id":5069,"date":"2021-02-01T13:09:16","date_gmt":"2021-02-01T12:09:16","guid":{"rendered":"http:\/\/klubmamgdynia.pl\/index.php\/produkt\/jellycat-vivacious-vegetable-kapusta-pak-choy-17x6cm\/"},"modified":"2026-04-06T02:51:25","modified_gmt":"2026-04-06T00:51:25","slug":"jellycat-vivacious-vegetable-kapusta-pak-choy-17x6cm","status":"publish","type":"product","link":"http:\/\/klubmamgdynia.pl\/index.php\/produkt\/jellycat-vivacious-vegetable-kapusta-pak-choy-17x6cm\/","title":{"rendered":"Jellycat Vivacious Vegetable Kapusta Pak Choy 17X6Cm"},"content":{"rendered":"<p>Vivacious Vegetable Kapusta Pak ChoyWymiary: 17x6cmPrzetestowany zgodnie z europejsk&amp;261; norm&amp;261; bezpiecze&amp;324;stwazabawek: EN71 cz&amp;281;&amp;347;ci 1, 2 i 3, dla wszystkich grup wiekowych.Nadaje si&amp;281; od urodzenia.Pra&amp;263; tylko r&amp;281;cznieProducent: Jellycat<\/p>\n<h2>Jellycat Vivacious Vegetable Kapusta Pak Choy 17X6Cm Jellycat<\/h2>\n<p>ba\u015bniowe imiona \u017ce\u0144skie, jagna imi\u0119, kawal na prima aprilis, sta\u0142a pod \u015bniegiem, kwiatek kwiaty do druku szablony, co mo\u017cna zrobi\u0107 z rolki papieru, maski do druku, teksty ko\u0142ysanek<\/p>\n<p>yyyyy<\/p>\n<p>&nbsp;<\/p>\n","protected":false},"excerpt":{"rendered":"<p>Vivacious Vegetable Kapusta Pak ChoyWymiary: 17x6cmPrzetestowany zgodnie z europejsk&amp;261; norm&amp;261; bezpiecze&amp;324;stwazabawek: EN71 cz&amp;281;&amp;347;ci 1, 2 i 3, dla wszystkich grup wiekowych.Nadaje si&amp;281; od urodzenia.Pra&amp;263; tylko r&amp;281;cznieProducent: Jellycat Jellycat Vivacious Vegetable Kapusta Pak Choy 17X6Cm Jellycat ba\u015bniowe imiona \u017ce\u0144skie, jagna imi\u0119, kawal na prima aprilis, sta\u0142a pod \u015bniegiem, kwiatek kwiaty do druku szablony, co mo\u017cna zrobi\u0107 [&hellip;]<\/p>\n","protected":false},"featured_media":5070,"comment_status":"closed","ping_status":"open","template":"","meta":[],"product_cat":[46,42],"product_tag":[683,847,620],"class_list":["post-5069","product","type-product","status-publish","has-post-thumbnail","hentry","product_cat-jellycat","product_cat-maskotki","product_tag-karaluchy-pod-poduchy","product_tag-kolorowanki-pokemon","product_tag-quiz-opowiesci-z-narnii"],"_links":{"self":[{"href":"http:\/\/klubmamgdynia.pl\/index.php\/wp-json\/wp\/v2\/product\/5069","targetHints":{"allow":["GET"]}}],"collection":[{"href":"http:\/\/klubmamgdynia.pl\/index.php\/wp-json\/wp\/v2\/product"}],"about":[{"href":"http:\/\/klubmamgdynia.pl\/index.php\/wp-json\/wp\/v2\/types\/product"}],"replies":[{"embeddable":true,"href":"http:\/\/klubmamgdynia.pl\/index.php\/wp-json\/wp\/v2\/comments?post=5069"}],"wp:featuredmedia":[{"embeddable":true,"href":"http:\/\/klubmamgdynia.pl\/index.php\/wp-json\/wp\/v2\/media\/5070"}],"wp:attachment":[{"href":"http:\/\/klubmamgdynia.pl\/index.php\/wp-json\/wp\/v2\/media?parent=5069"}],"wp:term":[{"taxonomy":"product_cat","embeddable":true,"href":"http:\/\/klubmamgdynia.pl\/index.php\/wp-json\/wp\/v2\/product_cat?post=5069"},{"taxonomy":"product_tag","embeddable":true,"href":"http:\/\/klubmamgdynia.pl\/index.php\/wp-json\/wp\/v2\/product_tag?post=5069"}],"curies":[{"name":"wp","href":"https:\/\/api.w.org\/{rel}","templated":true}]}}