{"id":507,"date":"2018-08-20T02:49:41","date_gmt":"2018-08-20T00:49:41","guid":{"rendered":"http:\/\/klubmamgdynia.pl\/index.php\/produkt\/marimer-woda-morska-spray-hipertoniczny-100ml\/"},"modified":"2026-04-27T09:53:32","modified_gmt":"2026-04-27T07:53:32","slug":"marimer-woda-morska-spray-hipertoniczny-100ml","status":"publish","type":"product","link":"http:\/\/klubmamgdynia.pl\/index.php\/produkt\/marimer-woda-morska-spray-hipertoniczny-100ml\/","title":{"rendered":"MARIMER woda morska spray hipertoniczny 100ml"},"content":{"rendered":"<p>Spray Marimer Hipertoniczny to preparat do stosowania w przypadku kataru i zapalenia zatok, odblokowuje i udro\u017cnia nos.Zalecenia do stosowania:Oczyszczanie i udro\u017cnianie zatkanego nosaZmniejszenie nasilenie dokuczliwych objaw\u00f3w zapalenia zatokDoro\u015bli i dzieci powy\u017cej 18. miesi\u0105ca                            <\/p>\n<p>Powy\u017csza tre\u015b\u0107 posiada charakter wy\u0142\u0105cznie informacyjny. Informacje zawarte w serwisie Ceneo.pl nie zast\u0119puj\u0105 porady lekarskiej tym samym nie mog\u0105 by\u0107 podstaw\u0105 do samodzielnej zmiany diagnozy czy sposobu leczenia.<\/p>\n<h2>MARIMER woda morska spray hipertoniczny 100ml Laboratoires Gilbert<\/h2>\n<p>matylda imie, pomys\u0142 na prezent dla 15 latki, weso\u0142e pisanki tekst, my little pony kolorowanki, fabian, quiz o samochodach, quiz stolice europy, zagadki na bal karnawa\u0142owy w przedszkolu, \u015bwi\u0119ta wielkanocne piosenka tekst, kryspinow, szablon krokus kolorowanka, kolorowanki antystresowe, pisanie po \u015bladzie do druku pdf, lucjan<\/p>\n<p>yyyyy<\/p>\n<p>&nbsp;<\/p>\n","protected":false},"excerpt":{"rendered":"<p>Spray Marimer Hipertoniczny to preparat do stosowania w przypadku kataru i zapalenia zatok, odblokowuje i udro\u017cnia nos.Zalecenia do stosowania:Oczyszczanie i udro\u017cnianie zatkanego nosaZmniejszenie nasilenie dokuczliwych objaw\u00f3w zapalenia zatokDoro\u015bli i dzieci powy\u017cej 18. miesi\u0105ca Powy\u017csza tre\u015b\u0107 posiada charakter wy\u0142\u0105cznie informacyjny. Informacje zawarte w serwisie Ceneo.pl nie zast\u0119puj\u0105 porady lekarskiej tym samym nie mog\u0105 by\u0107 podstaw\u0105 do [&hellip;]<\/p>\n","protected":false},"featured_media":508,"comment_status":"closed","ping_status":"open","template":"","meta":[],"product_cat":[197,198],"product_tag":[776,754,594,830],"class_list":["post-507","product","type-product","status-publish","has-post-thumbnail","hentry","product_cat-laboratoires-gilbert","product_cat-przeziebienie-i-grypa","product_tag-dobrej-nocy","product_tag-dyplomy-do-wydrukowania-a4","product_tag-podchwytliwe-zagadki-dla-dzieci","product_tag-rodzina-cytaty"],"_links":{"self":[{"href":"http:\/\/klubmamgdynia.pl\/index.php\/wp-json\/wp\/v2\/product\/507","targetHints":{"allow":["GET"]}}],"collection":[{"href":"http:\/\/klubmamgdynia.pl\/index.php\/wp-json\/wp\/v2\/product"}],"about":[{"href":"http:\/\/klubmamgdynia.pl\/index.php\/wp-json\/wp\/v2\/types\/product"}],"replies":[{"embeddable":true,"href":"http:\/\/klubmamgdynia.pl\/index.php\/wp-json\/wp\/v2\/comments?post=507"}],"wp:featuredmedia":[{"embeddable":true,"href":"http:\/\/klubmamgdynia.pl\/index.php\/wp-json\/wp\/v2\/media\/508"}],"wp:attachment":[{"href":"http:\/\/klubmamgdynia.pl\/index.php\/wp-json\/wp\/v2\/media?parent=507"}],"wp:term":[{"taxonomy":"product_cat","embeddable":true,"href":"http:\/\/klubmamgdynia.pl\/index.php\/wp-json\/wp\/v2\/product_cat?post=507"},{"taxonomy":"product_tag","embeddable":true,"href":"http:\/\/klubmamgdynia.pl\/index.php\/wp-json\/wp\/v2\/product_tag?post=507"}],"curies":[{"name":"wp","href":"https:\/\/api.w.org\/{rel}","templated":true}]}}