{"id":5073,"date":"2016-08-19T07:22:03","date_gmt":"2016-08-19T05:22:03","guid":{"rendered":"http:\/\/klubmamgdynia.pl\/index.php\/produkt\/profil-wintermaxx-evo-205-55r16-91h\/"},"modified":"2026-04-27T21:43:02","modified_gmt":"2026-04-27T19:43:02","slug":"profil-wintermaxx-evo-205-55r16-91h","status":"publish","type":"product","link":"http:\/\/klubmamgdynia.pl\/index.php\/produkt\/profil-wintermaxx-evo-205-55r16-91h\/","title":{"rendered":"Profil WINTERMAXX EVO 205\/55R16 91H"},"content":{"rendered":"<p>Cichy, zimowy model. Najlepiej sprawdzaj\u0105cy si\u0119 na od\u015bnie\u017conych drogach oraz w deszczu. Polecana klientom ceni\u0105cym sobie komfort codziennej jazdy po mie\u015bcie.Opony marki Profil to pewno\u015b\u0107 i gwarancja wysokiej jako\u015bci. Produkty znane od lat na polskim i europejskim rynku s\u0105 wykonane z najwy\u017csz\u0105 staranno\u015bci\u0105 i dba\u0142o\u015bci\u0105 o detale, kt\u00f3re wyr\u00f3\u017cniaj\u0105 t\u0119 mark\u0119 spo\u015br\u00f3d innych polskich producent\u00f3w.Opona bie\u017cnikowana firmy PROFIL\/COLLIN\u2019S to produkt polskiego producenta stworzony jako bardzo dobra alternatywa dla nowych opon.Proces produkcyjny opony bie\u017cnikowanej staje si\u0119 z roku na rok coraz bardziej zbli\u017cony do procesu produkcji opony nowej. Karkas \u2013 czyli fundament ka\u017cdej opony, tak\u017ce bie\u017cnikowanej \u2013 to element pochodz\u0105cy z u\u017cywanych opon wiod\u0105cych producent\u00f3w segmentu premium.Karkas przed poddaniem go procesom przygotowawczym jest kompleksowo badany pod k\u0105tem jego przydatno\u015bci w produkcji opony bie\u017cnikowanej. Kolejnym etapem jest szorstkowanie \u2013 czyli proces usuwania mieszanki gumowej z czo\u0142a i bok\u00f3w opony. Nast\u0119pnie na opon\u0119 nak\u0142adana jest nowa warstwa mieszanki gumowej \u2013 zakupionej jako p\u00f3\u0142produkt u europejskich dostawc\u00f3w tego tworzywa zaopatruj\u0105cych tak\u017ce producent\u00f3w opon. Po na\u0142o\u017ceniu gumy opony bie\u017cnikowane poddawane s\u0105 procesowi wulkanizacji w wysokich temperaturach, podczas kt\u00f3rego przebywaj\u0105c w specjalnych formach \u2013 prasach ci\u015bnieniowych &#8211; zyskuj\u0105 wz\u00f3r bie\u017cnika na czole opony i niezb\u0119dne informacje po bokach.Finalny produkt firmy PROFIL\/COLLIN\u2019S jest rygorystycznie sprawdzany i testowany. Ka\u017cda opona bie\u017cnikowana jest wywa\u017cana statycznie i dynamicznie oraz kontrolowana organoleptycznie. Standard procesu kontroli poprodukcyjnej jest przeniesieniem praktyki z fabryk wiod\u0105cych producent\u00f3w opon.<\/p>\n<h2>Profil WINTERMAXX EVO 205\/55R16 91H Profil<\/h2>\n<p>iwo imie, zaproszenie na urodziny do druku pdf, ida swieta wielkanocne ida swieta, trudne zagadki, quizy znaki drogowe, zagadki logiczne i odpowiedzi, choinko pi\u0119kna jak las tekst, 45 pa\u0144stw europy i ich stolice quiz, gabriel imie, opisy do zdj\u0119\u0107 dziecka, ko\u0142ysanki dla dzieci tekst, zabawki na roczek dla ch\u0142opca, lody kolorowanka, calineczka test z odpowiedziami, rzadkie imiona \u017ce\u0144skie polskie, babciu droga babciu tekst, pierwsze urodziny prezent na roczek dla dziewczynki, policja kolorowanka<\/p>\n<p>yyyyy<\/p>\n<p>&nbsp;<\/p>\n","protected":false},"excerpt":{"rendered":"<p>Cichy, zimowy model. Najlepiej sprawdzaj\u0105cy si\u0119 na od\u015bnie\u017conych drogach oraz w deszczu. Polecana klientom ceni\u0105cym sobie komfort codziennej jazdy po mie\u015bcie.Opony marki Profil to pewno\u015b\u0107 i gwarancja wysokiej jako\u015bci. Produkty znane od lat na polskim i europejskim rynku s\u0105 wykonane z najwy\u017csz\u0105 staranno\u015bci\u0105 i dba\u0142o\u015bci\u0105 o detale, kt\u00f3re wyr\u00f3\u017cniaj\u0105 t\u0119 mark\u0119 spo\u015br\u00f3d innych polskich producent\u00f3w.Opona [&hellip;]<\/p>\n","protected":false},"featured_media":5074,"comment_status":"closed","ping_status":"open","template":"","meta":[],"product_cat":[885,1295],"product_tag":[831,671,859],"class_list":["post-5073","product","type-product","status-publish","has-post-thumbnail","hentry","product_cat-opony-zimowe","product_cat-profil","product_tag-bruno","product_tag-cicha-noc-po-angielsku-tekst","product_tag-dobranoc-pchly-na-noc"],"_links":{"self":[{"href":"http:\/\/klubmamgdynia.pl\/index.php\/wp-json\/wp\/v2\/product\/5073","targetHints":{"allow":["GET"]}}],"collection":[{"href":"http:\/\/klubmamgdynia.pl\/index.php\/wp-json\/wp\/v2\/product"}],"about":[{"href":"http:\/\/klubmamgdynia.pl\/index.php\/wp-json\/wp\/v2\/types\/product"}],"replies":[{"embeddable":true,"href":"http:\/\/klubmamgdynia.pl\/index.php\/wp-json\/wp\/v2\/comments?post=5073"}],"wp:featuredmedia":[{"embeddable":true,"href":"http:\/\/klubmamgdynia.pl\/index.php\/wp-json\/wp\/v2\/media\/5074"}],"wp:attachment":[{"href":"http:\/\/klubmamgdynia.pl\/index.php\/wp-json\/wp\/v2\/media?parent=5073"}],"wp:term":[{"taxonomy":"product_cat","embeddable":true,"href":"http:\/\/klubmamgdynia.pl\/index.php\/wp-json\/wp\/v2\/product_cat?post=5073"},{"taxonomy":"product_tag","embeddable":true,"href":"http:\/\/klubmamgdynia.pl\/index.php\/wp-json\/wp\/v2\/product_tag?post=5073"}],"curies":[{"name":"wp","href":"https:\/\/api.w.org\/{rel}","templated":true}]}}