{"id":5075,"date":"2013-09-03T01:12:21","date_gmt":"2013-09-02T23:12:21","guid":{"rendered":"http:\/\/klubmamgdynia.pl\/index.php\/produkt\/lampka-led-dekoracyjna-pad-kontroler-xbox-gracza\/"},"modified":"2026-04-06T10:00:06","modified_gmt":"2026-04-06T08:00:06","slug":"lampka-led-dekoracyjna-pad-kontroler-xbox-gracza","status":"publish","type":"product","link":"http:\/\/klubmamgdynia.pl\/index.php\/produkt\/lampka-led-dekoracyjna-pad-kontroler-xbox-gracza\/","title":{"rendered":"Lampka Led Dekoracyjna Pad Kontroler Xbox Gracza"},"content":{"rendered":"<p>Przedmiot oferty: LAMPKA NOCNA &#8211; PADGad\u017cet dla gracza. \u015awietny jako prezent. Jest to typowa lampka dekoracyjna, o ma\u0142ej intensywno\u015bci o\u015bwietlenia. Zamontowane ma energooszcz\u0119dne diody LED.Zewn\u0119trzy, a\u017curowy element lampki nie przylega do \u015bciany, dzi\u0119ki czemu uzyskujemy przestrzenny efekt i ciekawe pod\u015bwietlenie .W\u0142\u0105cznik ukryty od spodniej stronyWymiary lampki: 38 x 25 x 3 cm (szeroko\u015b\u0107 x wysoko\u015b\u0107 x grubo\u015b\u0107)Kolor: czarnyMateria\u0142: HDF, sklejka; ty\u0142 lampki jest zabudowany (przewody s\u0105 ukryte)Rodzaj i barwa \u015bwiat\u0142a: diody LED, barwa \u015bwiat\u0142a &#8211; ciep\u0142y bia\u0142yZasilanie: 2 x bateria AA (paluszek) &#8211; brak w zestawieMonta\u017c: w zestawie znajduje si\u0119 element mocuj\u0105cy, dzi\u0119ki niemu lampka nie przekr\u0119ca si\u0119 na bokiWz\u00f3r i wykonanie: DOKEL &#8211; lampka jest zaprojektowana i wykonana od podstaw w naszej PracowniUWAGA! Czas realizacji zam\u00f3wienia wynosi 7 dni roboczych. Prosimy o zrozumienie i odpowiednio wczesne planowanie zakup\u00f3w. Przy \u0142\u0105cznym zakupie lampki z oferowanymi przez nas naklejkami, obowi\u0105zuje czas wysy\u0142ki dla lampki, kt\u00f3rej wykonanie jest bardziej pracoch\u0142onne.<\/p>\n<h2>Lampka Led Dekoracyjna Pad Kontroler Xbox Gracza Inny<\/h2>\n<p>loga samochod\u00f3w, bajki do czytania na dobranoc, imi\u0119 r\u00f3\u017ca, prezent dla 1 latka, janusz korczak cytaty, prezenty dla nastolatek, test opowie\u015bci z narnii lew czarownica i stara szafa do druku, traktor do druku<\/p>\n<p>yyyyy<\/p>\n<p>&nbsp;<\/p>\n","protected":false},"excerpt":{"rendered":"<p>Przedmiot oferty: LAMPKA NOCNA &#8211; PADGad\u017cet dla gracza. \u015awietny jako prezent. Jest to typowa lampka dekoracyjna, o ma\u0142ej intensywno\u015bci o\u015bwietlenia. Zamontowane ma energooszcz\u0119dne diody LED.Zewn\u0119trzy, a\u017curowy element lampki nie przylega do \u015bciany, dzi\u0119ki czemu uzyskujemy przestrzenny efekt i ciekawe pod\u015bwietlenie .W\u0142\u0105cznik ukryty od spodniej stronyWymiary lampki: 38 x 25 x 3 cm (szeroko\u015b\u0107 x wysoko\u015b\u0107 [&hellip;]<\/p>\n","protected":false},"featured_media":5076,"comment_status":"closed","ping_status":"open","template":"","meta":[],"product_cat":[169,138],"product_tag":[734,596,640],"class_list":["post-5075","product","type-product","status-publish","has-post-thumbnail","hentry","product_cat-inny","product_cat-lampki-dzieciece","product_tag-milan-imie","product_tag-pomysly-na-prima-aprilis","product_tag-prezent-dla-rocznej-dziewczynki"],"_links":{"self":[{"href":"http:\/\/klubmamgdynia.pl\/index.php\/wp-json\/wp\/v2\/product\/5075","targetHints":{"allow":["GET"]}}],"collection":[{"href":"http:\/\/klubmamgdynia.pl\/index.php\/wp-json\/wp\/v2\/product"}],"about":[{"href":"http:\/\/klubmamgdynia.pl\/index.php\/wp-json\/wp\/v2\/types\/product"}],"replies":[{"embeddable":true,"href":"http:\/\/klubmamgdynia.pl\/index.php\/wp-json\/wp\/v2\/comments?post=5075"}],"wp:featuredmedia":[{"embeddable":true,"href":"http:\/\/klubmamgdynia.pl\/index.php\/wp-json\/wp\/v2\/media\/5076"}],"wp:attachment":[{"href":"http:\/\/klubmamgdynia.pl\/index.php\/wp-json\/wp\/v2\/media?parent=5075"}],"wp:term":[{"taxonomy":"product_cat","embeddable":true,"href":"http:\/\/klubmamgdynia.pl\/index.php\/wp-json\/wp\/v2\/product_cat?post=5075"},{"taxonomy":"product_tag","embeddable":true,"href":"http:\/\/klubmamgdynia.pl\/index.php\/wp-json\/wp\/v2\/product_tag?post=5075"}],"curies":[{"name":"wp","href":"https:\/\/api.w.org\/{rel}","templated":true}]}}