{"id":5077,"date":"2018-10-26T18:20:00","date_gmt":"2018-10-26T16:20:00","guid":{"rendered":"http:\/\/klubmamgdynia.pl\/index.php\/produkt\/dromader-doktor-lab-perfumy-studio-835\/"},"modified":"2026-04-30T20:05:39","modified_gmt":"2026-04-30T18:05:39","slug":"dromader-doktor-lab-perfumy-studio-835","status":"publish","type":"product","link":"http:\/\/klubmamgdynia.pl\/index.php\/produkt\/dromader-doktor-lab-perfumy-studio-835\/","title":{"rendered":"Dromader Doktor Lab Perfumy studio (835)"},"content":{"rendered":"<p>Dromader Studio Perfum &#8211; wymy\u015bl i opracuj w\u0142asn\u0105, sekretn\u0105 formu\u0142\u0119 perfum!Najnowsza seria zestaw\u00f3w edukacyjnych na licencji \u201eWild Science\u201d jest kolekcj\u0105 przybli\u017caj\u0105c\u0105 dzieciom prawdziw\u0105 nauk\u0119. Zestawy zapewniaj\u0105 doskona\u0142\u0105 zabaw\u0119 podczas wa\u017cnych i bezpiecznych naukowych eksperyment\u00f3w. Najlepsz\u0105 form\u0105 nauki jest zaprz\u0119gni\u0119cie jej do zabawy i to oferujemy Pa\u0144stwu.Wymy\u015bl i opracuj w\u0142asn\u0105, sekretn\u0105 formu\u0142\u0119 perfum!Stw\u00f3rz je i umie\u015b\u0107 w atomizerze. Kolorowa instrukcja z opisanymi do\u015bwiadczeniami poprowadzi Ci\u0119 krok po kroku.Ka\u017cdy z was uwielbia pi\u0119kne zapachy. W rzeczywisto\u015bci kochamy wszystko to, co jest pi\u0119kne. Uwa\u017camy r\u00f3wnie\u017c, \u017ce wymy\u015blanie zapach\u00f3w jest pi\u0119kne, ale wymy\u015blanie ich i wytwarzanie jest najpi\u0119kniejsze. Do produkowania w\u0142asnych woni zapachowych b\u0119dziesz u\u017cywa\u0107 specjalnych bazowych papierk\u00f3w zapachowych. \u017beby wytworzy\u0107 perfumy b\u0119dziesz odmierza\u0107, miesza\u0107 rozdziela\u0107, filtrowa\u0107 i wykonywa\u0107 wiele czynno\u015bci. Zamienisz si\u0119 w naukowca, kt\u00f3ry poszukuje nowych zapach\u00f3w i produkuje je w swoim laboratorium!Zawarto\u015b\u0107:specjalna baza perfum;atomizer;fiolki;pinceta;naklejane d\u017cety;bawe\u0142niane waciki filtracyjne;strzykawka;mini zlewka;naklejki;kolorowa instrukcja.Wymiary opakowania: 21 x 17 x 7 cmWiek: + 8 latDAJ SWOJEMU DZIECKU TO, CO NAJLEPSZE!<\/p>\n<h2>Dromader Doktor Lab Perfumy studio (835) Dromader<\/h2>\n<p>halloween dla dzieci 2021, zagadki dla 4 latka, zagadki dla dzieci 9 10 lat z odpowiedziami, bajka terapeutyczna o dokuczaniu, maurycy, zemsta test wiedzy, jak narysowac kota, miko\u0142ajek quiz, pia, uk\u0142ad s\u0142oneczny do druku, kr\u00f3tkie zagadki dla doros\u0142ych<\/p>\n<p>yyyyy<\/p>\n<p>&nbsp;<\/p>\n","protected":false},"excerpt":{"rendered":"<p>Dromader Studio Perfum &#8211; wymy\u015bl i opracuj w\u0142asn\u0105, sekretn\u0105 formu\u0142\u0119 perfum!Najnowsza seria zestaw\u00f3w edukacyjnych na licencji \u201eWild Science\u201d jest kolekcj\u0105 przybli\u017caj\u0105c\u0105 dzieciom prawdziw\u0105 nauk\u0119. Zestawy zapewniaj\u0105 doskona\u0142\u0105 zabaw\u0119 podczas wa\u017cnych i bezpiecznych naukowych eksperyment\u00f3w. Najlepsz\u0105 form\u0105 nauki jest zaprz\u0119gni\u0119cie jej do zabawy i to oferujemy Pa\u0144stwu.Wymy\u015bl i opracuj w\u0142asn\u0105, sekretn\u0105 formu\u0142\u0119 perfum!Stw\u00f3rz je i umie\u015b\u0107 [&hellip;]<\/p>\n","protected":false},"featured_media":5078,"comment_status":"closed","ping_status":"open","template":"","meta":[],"product_cat":[60,21],"product_tag":[667,645,803],"class_list":["post-5077","product","type-product","status-publish","has-post-thumbnail","hentry","product_cat-dromader","product_cat-zabawki-plastyczne","product_tag-kolorowanka-lol","product_tag-latwe-zagadki","product_tag-szlaczki-do-druku"],"_links":{"self":[{"href":"http:\/\/klubmamgdynia.pl\/index.php\/wp-json\/wp\/v2\/product\/5077","targetHints":{"allow":["GET"]}}],"collection":[{"href":"http:\/\/klubmamgdynia.pl\/index.php\/wp-json\/wp\/v2\/product"}],"about":[{"href":"http:\/\/klubmamgdynia.pl\/index.php\/wp-json\/wp\/v2\/types\/product"}],"replies":[{"embeddable":true,"href":"http:\/\/klubmamgdynia.pl\/index.php\/wp-json\/wp\/v2\/comments?post=5077"}],"wp:featuredmedia":[{"embeddable":true,"href":"http:\/\/klubmamgdynia.pl\/index.php\/wp-json\/wp\/v2\/media\/5078"}],"wp:attachment":[{"href":"http:\/\/klubmamgdynia.pl\/index.php\/wp-json\/wp\/v2\/media?parent=5077"}],"wp:term":[{"taxonomy":"product_cat","embeddable":true,"href":"http:\/\/klubmamgdynia.pl\/index.php\/wp-json\/wp\/v2\/product_cat?post=5077"},{"taxonomy":"product_tag","embeddable":true,"href":"http:\/\/klubmamgdynia.pl\/index.php\/wp-json\/wp\/v2\/product_tag?post=5077"}],"curies":[{"name":"wp","href":"https:\/\/api.w.org\/{rel}","templated":true}]}}