{"id":5079,"date":"2013-02-19T15:24:34","date_gmt":"2013-02-19T14:24:34","guid":{"rendered":"http:\/\/klubmamgdynia.pl\/index.php\/produkt\/sterntaler-pozytywka-l-gwiazdka-pudrowy-roz\/"},"modified":"2026-04-28T13:34:28","modified_gmt":"2026-04-28T11:34:28","slug":"sterntaler-pozytywka-l-gwiazdka-pudrowy-roz","status":"publish","type":"product","link":"http:\/\/klubmamgdynia.pl\/index.php\/produkt\/sterntaler-pozytywka-l-gwiazdka-pudrowy-roz\/","title":{"rendered":"Sterntaler Pozytywka L Gwiazdka Pudrowy R\u00f3\u017c"},"content":{"rendered":"<p>Delikatnie uko\u0142ysz dziecko do snu z t\u0105 ma\u0142\u0105 gwiazdk\u0105! Wykonany z milutkiej frotki i d\u017cerseju z haftowan\u0105 twarz\u0105, patrzy jak \u015bnisz. Do\u0142\u0105czony zamek b\u0142yskawiczny u\u0142atwia zdejmowanie zabawki, a figurk\u0119 mo\u017cna \u0142atwo pra\u0107. Paski mocuj\u0105ce u\u0142atwiaj\u0105 przymocowanie do \u0142\u00f3\u017ceczka, w\u00f3zka lub w samochodzie. Szczeg\u00f3\u0142y produktu: Wymiary (d\u0142ugo\u015b\u0107 x szeroko\u015b\u0107 x wysoko\u015b\u0107): 20 x 20 x 7 cm materia\u0142 frotte: 90 % bawe\u0142na, 10 % poliester Materia\u0142 d\u017cersej: 100 % bawe\u0142ny Zwi\u0105za\u0107 si\u0119 Z mechanizmem zwijania Melodia: Ko\u0142ysanka Brahmy Czyszczenie: normalny cykl prania w 40\u00b0. Wiek: od 0 miesi\u0119cy Uwaga W celu d\u0142ugotrwa\u0142ego utrzymania higieny tego produktu, nale\u017cy go czy\u015bci\u0107 w miar\u0119 potrzeb. Nie zanurza\u0107 mechanizmu w wodzie, my\u0107 tylko z niewielk\u0105 ilo\u015bci\u0105 detergentu. Przed myciem zdj\u0105\u0107 mechanizm! Nie mo\u017cna stosowa\u0107 wybielaczy chlorowych. Nie mo\u017cna suszy\u0107 w suszarce b\u0119bnowej. Nie prasowa\u0107. Nale\u017cy pami\u0119ta\u0107, \u017ce mechanizm muzyczny mo\u017ce odtwarza\u0107 tylko cz\u0119\u015b\u0107 melodii.<\/p>\n<h2>Sterntaler Pozytywka L Gwiazdka Pudrowy R\u00f3\u017c Sterntaler<\/h2>\n<p>kira, na wyspach bergamuta, niech \u017cyj\u0105 wakacje, co kupi\u0107 nastolatce na urodziny, upominek dla nastolatk\u00f3w, pokemony kolorowanka, t\u0119cza kolorowanka, zagadki wielkanocne dla doros\u0142ych, otto, kolorowanka minionki, maska do druku, bajki dla dzieci do czytania na dobranoc, ignacy znaczenie imienia, psi patrol do czytania, nauka literek do druku, w\u0142ochy, rysunki \u0142atwe, kalina imi\u0119, ahmed<\/p>\n<p>yyyyy<\/p>\n<p>&nbsp;<\/p>\n","protected":false},"excerpt":{"rendered":"<p>Delikatnie uko\u0142ysz dziecko do snu z t\u0105 ma\u0142\u0105 gwiazdk\u0105! Wykonany z milutkiej frotki i d\u017cerseju z haftowan\u0105 twarz\u0105, patrzy jak \u015bnisz. Do\u0142\u0105czony zamek b\u0142yskawiczny u\u0142atwia zdejmowanie zabawki, a figurk\u0119 mo\u017cna \u0142atwo pra\u0107. Paski mocuj\u0105ce u\u0142atwiaj\u0105 przymocowanie do \u0142\u00f3\u017ceczka, w\u00f3zka lub w samochodzie. Szczeg\u00f3\u0142y produktu: Wymiary (d\u0142ugo\u015b\u0107 x szeroko\u015b\u0107 x wysoko\u015b\u0107): 20 x 20 x 7 [&hellip;]<\/p>\n","protected":false},"featured_media":5080,"comment_status":"closed","ping_status":"open","template":"","meta":[],"product_cat":[33,26],"product_tag":[775,720,596,646,735],"class_list":["post-5079","product","type-product","status-publish","has-post-thumbnail","hentry","product_cat-sterntaler","product_cat-zabawki-do-wozka-lozeczka-i-fotelika","product_tag-kolorowanki-do-druku-pokemon","product_tag-malowanki","product_tag-pomysly-na-prima-aprilis","product_tag-prezent-na-pierwsze-urodziny","product_tag-prezent-na-roczek-dziewczynka"],"_links":{"self":[{"href":"http:\/\/klubmamgdynia.pl\/index.php\/wp-json\/wp\/v2\/product\/5079","targetHints":{"allow":["GET"]}}],"collection":[{"href":"http:\/\/klubmamgdynia.pl\/index.php\/wp-json\/wp\/v2\/product"}],"about":[{"href":"http:\/\/klubmamgdynia.pl\/index.php\/wp-json\/wp\/v2\/types\/product"}],"replies":[{"embeddable":true,"href":"http:\/\/klubmamgdynia.pl\/index.php\/wp-json\/wp\/v2\/comments?post=5079"}],"wp:featuredmedia":[{"embeddable":true,"href":"http:\/\/klubmamgdynia.pl\/index.php\/wp-json\/wp\/v2\/media\/5080"}],"wp:attachment":[{"href":"http:\/\/klubmamgdynia.pl\/index.php\/wp-json\/wp\/v2\/media?parent=5079"}],"wp:term":[{"taxonomy":"product_cat","embeddable":true,"href":"http:\/\/klubmamgdynia.pl\/index.php\/wp-json\/wp\/v2\/product_cat?post=5079"},{"taxonomy":"product_tag","embeddable":true,"href":"http:\/\/klubmamgdynia.pl\/index.php\/wp-json\/wp\/v2\/product_tag?post=5079"}],"curies":[{"name":"wp","href":"https:\/\/api.w.org\/{rel}","templated":true}]}}