{"id":5081,"date":"2016-07-23T00:38:56","date_gmt":"2016-07-22T22:38:56","guid":{"rendered":"http:\/\/klubmamgdynia.pl\/index.php\/produkt\/epee-ep-pinypon-city-pojazd-z-laleczka-7cm-i-akcesoriami-motocykl-16611\/"},"modified":"2026-05-17T22:33:25","modified_gmt":"2026-05-17T20:33:25","slug":"epee-ep-pinypon-city-pojazd-z-laleczka-7cm-i-akcesoriami-motocykl-16611","status":"publish","type":"product","link":"http:\/\/klubmamgdynia.pl\/index.php\/produkt\/epee-ep-pinypon-city-pojazd-z-laleczka-7cm-i-akcesoriami-motocykl-16611\/","title":{"rendered":"epee EP Pinypon CITY \u2013 pojazd z laleczk\u0105 7cm i akcesoriami Motocykl 16611"},"content":{"rendered":"<p>Linia Pinypon City umo\u017cliwia mieszanie i \u0142\u0105czenie ka\u017cdego elementu laleczek: akcesori\u00f3w, ubra\u0144, a nawet g\u0142\u00f3w i w\u0142os\u00f3w. Dzi\u0119ki temu dzieci buduj\u0105 \u015bwiat wed\u0142ug w\u0142asnych zasad i rozwijaj\u0105 swoj\u0105 wyobra\u017ani\u0119. W zestawie z pojazdem znajduje si\u0119 1 unikalna laleczka Pinypon, wymienne akcesoria oraz do wyboru: \u015bliczne autko lub dwuosobowy motor.Informacje o produkcieNr katalogowyFPP16611\/80479Marka InneSeria Pozosta\u0142eWymagania wiekowe od 4 latP\u0142e\u0107 DziewczynkiProdukt na baterie NieBaterie w zestawie NieZasilanie Nie dotyczy<\/p>\n<h2>epee EP Pinypon CITY \u2013 pojazd z laleczk\u0105 7cm i akcesoriami Motocykl 16611 Epee<\/h2>\n<p>ciekawe zagadki i odpowiedzi, maski na twarz dla dzieci do wydruku, kolorowanki dla dziewczyn, zagadki logiczne na inteligencj\u0119 dla doros\u0142ych, a \u015bpij kochanie, paula znaczenie imienia<\/p>\n<p>yyyyy<\/p>\n<p>&nbsp;<\/p>\n","protected":false},"excerpt":{"rendered":"<p>Linia Pinypon City umo\u017cliwia mieszanie i \u0142\u0105czenie ka\u017cdego elementu laleczek: akcesori\u00f3w, ubra\u0144, a nawet g\u0142\u00f3w i w\u0142os\u00f3w. Dzi\u0119ki temu dzieci buduj\u0105 \u015bwiat wed\u0142ug w\u0142asnych zasad i rozwijaj\u0105 swoj\u0105 wyobra\u017ani\u0119. W zestawie z pojazdem znajduje si\u0119 1 unikalna laleczka Pinypon, wymienne akcesoria oraz do wyboru: \u015bliczne autko lub dwuosobowy motor.Informacje o produkcieNr katalogowyFPP16611\/80479Marka InneSeria Pozosta\u0142eWymagania wiekowe [&hellip;]<\/p>\n","protected":false},"featured_media":5082,"comment_status":"closed","ping_status":"open","template":"","meta":[],"product_cat":[172,49],"product_tag":[700,826,713],"class_list":["post-5081","product","type-product","status-publish","has-post-thumbnail","hentry","product_cat-akcesoria-dla-lalek","product_cat-epee","product_tag-bajki-do-czytania-dla-dzieci","product_tag-prezent-dla-15-latka","product_tag-zagadki-logiczne-z-odpowiedziami"],"_links":{"self":[{"href":"http:\/\/klubmamgdynia.pl\/index.php\/wp-json\/wp\/v2\/product\/5081","targetHints":{"allow":["GET"]}}],"collection":[{"href":"http:\/\/klubmamgdynia.pl\/index.php\/wp-json\/wp\/v2\/product"}],"about":[{"href":"http:\/\/klubmamgdynia.pl\/index.php\/wp-json\/wp\/v2\/types\/product"}],"replies":[{"embeddable":true,"href":"http:\/\/klubmamgdynia.pl\/index.php\/wp-json\/wp\/v2\/comments?post=5081"}],"wp:featuredmedia":[{"embeddable":true,"href":"http:\/\/klubmamgdynia.pl\/index.php\/wp-json\/wp\/v2\/media\/5082"}],"wp:attachment":[{"href":"http:\/\/klubmamgdynia.pl\/index.php\/wp-json\/wp\/v2\/media?parent=5081"}],"wp:term":[{"taxonomy":"product_cat","embeddable":true,"href":"http:\/\/klubmamgdynia.pl\/index.php\/wp-json\/wp\/v2\/product_cat?post=5081"},{"taxonomy":"product_tag","embeddable":true,"href":"http:\/\/klubmamgdynia.pl\/index.php\/wp-json\/wp\/v2\/product_tag?post=5081"}],"curies":[{"name":"wp","href":"https:\/\/api.w.org\/{rel}","templated":true}]}}