{"id":5083,"date":"2023-04-30T17:56:46","date_gmt":"2023-04-30T15:56:46","guid":{"rendered":"http:\/\/klubmamgdynia.pl\/?post_type=product&#038;p=5083"},"modified":"2026-04-30T12:07:58","modified_gmt":"2026-04-30T10:07:58","slug":"moover-wozek-dla-lalek","status":"publish","type":"product","link":"http:\/\/klubmamgdynia.pl\/index.php\/produkt\/moover-wozek-dla-lalek\/","title":{"rendered":"Moover W\u00f3zek Dla Lalek"},"content":{"rendered":"<p>Drewniany w\u00f3zek dla lalek w stylu retro marki Moover Perfekcyjne wykonanie, retro styl to jest to!. Drewniany w\u00f3zek dla lalek firmy Moover urzeknie nie jedn\u0105 m\u0142od\u0105 dam\u0119. Wykonany z naturalnego drewna brzozowego, posiada ogumowane ko\u0142a, pokryty ekologicznym impregnatem bezpiecznym dla dziecka. W\u00f3zek jest w pe\u0142ni stabilny, nie pochyla si\u0119. Dodatkowo gumowa ta\u015bma zamontowana na ko\u0142ach zmniejsza ha\u0142as podczas jazdy, oraz chroni pod\u0142o\u017ce przed porysowaniem. Specjali\u015bci firmy Moover tworz\u0105c zabawki posi\u0142kuj\u0105 si\u0119 badaniami jakie materia\u0142y przyci\u0105gaj\u0105 dzieci\u0119c\u0105 uwag\u0119 najbardziej, jakie kolory s\u0105 najcz\u0119\u015bciej wybierane przez dzieci, jak kontakt z zabawk\u0105 oddzia\u0142uje na zmys\u0142y. W ten spos\u00f3b tworz\u0105 zabawki, kt\u00f3re spe\u0142niaj\u0105 dzieci\u0119ce marzenia. W\u00f3zek dostarczany jest jako z\u0142o\u017cony i gotowy do u\u017cycia wystarczy wyj\u0105\u0107 z opakowania. Parametry zabawki: zabawka dla dziecka w wieku: 1,5 + materia\u0142: drewno wymiary zabawki: 38 x 23 x 40 cm wymiary opakowania: 44 x 25 x 42 cm producent zabawki: Moover kategoria: zabawki Moover, je\u017adziki i pojazdy<\/p>\n<h2>Moover W\u00f3zek Dla Lalek Moover<\/h2>\n<p>opisy do zdj\u0119\u0107 dziecka, quiz minecraft, kolorowanka spiderman, maski na twarz dla dzieci do wydruku, janusz, zagadki dla 6 latka, ozdoby na choink\u0119 dla dzieci z papieru, co kupi\u0107 nastolatce na urodziny, zagadki logiczne matematyczne dla dzieci, zagadki logiczne dla dzieci 10 lat do druku, przysz\u0142a zima bia\u0142a, rozrywka dla dzieci, cytat dziecko, \u017cyczenia na lany poniedzia\u0142ek wielkanocny, wierszyki o marzannie, maski na twarz dla dzieci do wydruku, rysowanki<\/p>\n<p>yyyyy<\/p>\n<p>&nbsp;<\/p>\n","protected":false},"excerpt":{"rendered":"<p>Drewniany w\u00f3zek dla lalek w stylu retro marki Moover Perfekcyjne wykonanie, retro styl to jest to!. Drewniany w\u00f3zek dla lalek firmy Moover urzeknie nie jedn\u0105 m\u0142od\u0105 dam\u0119. Wykonany z naturalnego drewna brzozowego, posiada ogumowane ko\u0142a, pokryty ekologicznym impregnatem bezpiecznym dla dziecka. W\u00f3zek jest w pe\u0142ni stabilny, nie pochyla si\u0119. Dodatkowo gumowa ta\u015bma zamontowana na ko\u0142ach [&hellip;]<\/p>\n","protected":false},"featured_media":5084,"comment_status":"closed","ping_status":"open","template":"","meta":[],"product_cat":[1296,1098],"product_tag":[772,593],"class_list":["post-5083","product","type-product","status-publish","has-post-thumbnail","hentry","product_cat-moover","product_cat-wozki-dla-lalek","product_tag-45-panstw-europy-i-ich-stolice-quiz","product_tag-jak-narysowac-konia"],"_links":{"self":[{"href":"http:\/\/klubmamgdynia.pl\/index.php\/wp-json\/wp\/v2\/product\/5083","targetHints":{"allow":["GET"]}}],"collection":[{"href":"http:\/\/klubmamgdynia.pl\/index.php\/wp-json\/wp\/v2\/product"}],"about":[{"href":"http:\/\/klubmamgdynia.pl\/index.php\/wp-json\/wp\/v2\/types\/product"}],"replies":[{"embeddable":true,"href":"http:\/\/klubmamgdynia.pl\/index.php\/wp-json\/wp\/v2\/comments?post=5083"}],"wp:featuredmedia":[{"embeddable":true,"href":"http:\/\/klubmamgdynia.pl\/index.php\/wp-json\/wp\/v2\/media\/5084"}],"wp:attachment":[{"href":"http:\/\/klubmamgdynia.pl\/index.php\/wp-json\/wp\/v2\/media?parent=5083"}],"wp:term":[{"taxonomy":"product_cat","embeddable":true,"href":"http:\/\/klubmamgdynia.pl\/index.php\/wp-json\/wp\/v2\/product_cat?post=5083"},{"taxonomy":"product_tag","embeddable":true,"href":"http:\/\/klubmamgdynia.pl\/index.php\/wp-json\/wp\/v2\/product_tag?post=5083"}],"curies":[{"name":"wp","href":"https:\/\/api.w.org\/{rel}","templated":true}]}}