{"id":5085,"date":"2022-10-03T12:50:08","date_gmt":"2022-10-03T10:50:08","guid":{"rendered":"http:\/\/klubmamgdynia.pl\/index.php\/produkt\/doris-klocki-magnetyczne-40el-702\/"},"modified":"2026-04-25T10:52:04","modified_gmt":"2026-04-25T08:52:04","slug":"doris-klocki-magnetyczne-40el-702","status":"publish","type":"product","link":"http:\/\/klubmamgdynia.pl\/index.php\/produkt\/doris-klocki-magnetyczne-40el-702\/","title":{"rendered":"Doris Klocki Magnetyczne 40El 702"},"content":{"rendered":"<p>Kolorowe, klocki magnetyczne Magical Magnet \u015bwietnie pobudzaj\u0105 wyobra\u017ani\u0119 i kreatywno\u015b\u0107 dziecka. Mo\u017cna z nich tworzy\u0107 najr\u00f3\u017cniejsze wzory, kszta\u0142ty i formy, jedynym ograniczeniem jest wyobra\u017ania ma\u0142ego konstruktora i ilo\u015b\u0107 klock\u00f3w. Idealna zabawka dla dzieci ju\u017c od 3 roku \u017cycia. Doskona\u0142a zabawka dla ch\u0142opc\u00f3w i dziewczynek! Spos\u00f3b \u0142\u0105czenia element\u00f3w: magnesy neodymowe Zestaw zawiera: -32 kolorowe, klocki magnetyczne w r\u00f3\u017cnych kszta\u0142tach -dwie pary k\u00f3\u0142ek -zestaw 16 naklejek -instrukcj\u0119 obs\u0142ugi -zapakowane w estetyczne, oryginale pude\u0142ko Przyk\u0142adowa wielko\u015b\u0107 elementu: kwadrat 6,5 x 6,5 cm, tr\u00f3jk\u0105t: 5,5 x 5,5 5,5 cm sze\u015bciok\u0105t: 12cm Wymiar opakowania: 40cm x 25cm x 7 cm<\/p>\n<h2>Doris Klocki Magnetyczne 40El 702 Doris<\/h2>\n<p>weso\u0142e pisanki tekst piosenki, anio\u0142ki w niebie pisz\u0105, lato lato lato czeka, znaczenie imienia marcel, cyferki do druku, anastazja imi\u0119, na roczek dla dziewczynki, pani wiosna do druku, karaluchy pod poduchy<\/p>\n<p>yyyyy<\/p>\n<p>&nbsp;<\/p>\n","protected":false},"excerpt":{"rendered":"<p>Kolorowe, klocki magnetyczne Magical Magnet \u015bwietnie pobudzaj\u0105 wyobra\u017ani\u0119 i kreatywno\u015b\u0107 dziecka. Mo\u017cna z nich tworzy\u0107 najr\u00f3\u017cniejsze wzory, kszta\u0142ty i formy, jedynym ograniczeniem jest wyobra\u017ania ma\u0142ego konstruktora i ilo\u015b\u0107 klock\u00f3w. Idealna zabawka dla dzieci ju\u017c od 3 roku \u017cycia. Doskona\u0142a zabawka dla ch\u0142opc\u00f3w i dziewczynek! Spos\u00f3b \u0142\u0105czenia element\u00f3w: magnesy neodymowe Zestaw zawiera: -32 kolorowe, klocki magnetyczne [&hellip;]<\/p>\n","protected":false},"featured_media":5086,"comment_status":"closed","ping_status":"open","template":"","meta":[],"product_cat":[338,113],"product_tag":[829,670,861,639,601],"class_list":["post-5085","product","type-product","status-publish","has-post-thumbnail","hentry","product_cat-doris","product_cat-klocki","product_tag-bajki-do-czytania-na-dobranoc","product_tag-irma","product_tag-jak-narysowac-psa","product_tag-nela-imie","product_tag-zagadki-co-to-jest"],"_links":{"self":[{"href":"http:\/\/klubmamgdynia.pl\/index.php\/wp-json\/wp\/v2\/product\/5085","targetHints":{"allow":["GET"]}}],"collection":[{"href":"http:\/\/klubmamgdynia.pl\/index.php\/wp-json\/wp\/v2\/product"}],"about":[{"href":"http:\/\/klubmamgdynia.pl\/index.php\/wp-json\/wp\/v2\/types\/product"}],"replies":[{"embeddable":true,"href":"http:\/\/klubmamgdynia.pl\/index.php\/wp-json\/wp\/v2\/comments?post=5085"}],"wp:featuredmedia":[{"embeddable":true,"href":"http:\/\/klubmamgdynia.pl\/index.php\/wp-json\/wp\/v2\/media\/5086"}],"wp:attachment":[{"href":"http:\/\/klubmamgdynia.pl\/index.php\/wp-json\/wp\/v2\/media?parent=5085"}],"wp:term":[{"taxonomy":"product_cat","embeddable":true,"href":"http:\/\/klubmamgdynia.pl\/index.php\/wp-json\/wp\/v2\/product_cat?post=5085"},{"taxonomy":"product_tag","embeddable":true,"href":"http:\/\/klubmamgdynia.pl\/index.php\/wp-json\/wp\/v2\/product_tag?post=5085"}],"curies":[{"name":"wp","href":"https:\/\/api.w.org\/{rel}","templated":true}]}}