{"id":5087,"date":"2021-07-24T19:05:18","date_gmt":"2021-07-24T17:05:18","guid":{"rendered":"http:\/\/klubmamgdynia.pl\/index.php\/produkt\/dromader-zestaw-konstrukcyjny-konstruktor\/"},"modified":"2026-04-26T12:27:06","modified_gmt":"2026-04-26T10:27:06","slug":"dromader-zestaw-konstrukcyjny-konstruktor","status":"publish","type":"product","link":"http:\/\/klubmamgdynia.pl\/index.php\/produkt\/dromader-zestaw-konstrukcyjny-konstruktor\/","title":{"rendered":"Dromader Zestaw Konstrukcyjny Konstruktor"},"content":{"rendered":"<p>Zestaw konstrukcyjny Dromader Konstruktor &#8211; Czo\u0142g na radio. Mn\u00f3stwo kreatywnej zabawy! Wyj\u0105tkowy pojazd przedstawiaj\u0105cy czo\u0142g do zabawy w ma\u0142ego konstruktora! Idealny do rozwijaj\u0105cej i kreatywnej zabawy dla dzieci powy\u017cej 8. roku \u017cycia Wykonany z bezpiecznych i nietoksycznych materia\u0142\u00f3w Mn\u00f3stwo kreatywnej zabawy! Zestaw konstrukcyjny Dromader Konstruktor przedstawia czo\u0142g na radio, kt\u00f3ry zosta\u0142 specjalnie zaprojektowany, aby dziecko mog\u0142o go samodzielnie z\u0142o\u017cy\u0107. Czo\u0142g sk\u0142ada si\u0119 z a\u017c 453 element\u00f3w! To idealny spos\u00f3b na kreatywn\u0105 zabaw\u0119 rozwijaj\u0105c\u0105 zdolno\u015bci manualne Twojego dziecka! Z\u0142o\u017cony pojazd mo\u017cna zdalnie sterowa\u0107 za pomoc\u0105 do\u0142\u0105czonego do zestawu radia. Zdj\u0119cie jest przyk\u0142adowe i nie przedstawia oferowanego produktu. Wspania\u0142a, rozwijaj\u0105ca zabawa! Zestaw konstrukcyjny Dromader Konstruktor to propozycja fantastycznej zabawki do zabawy zar\u00f3wno w domu, jak i na dworze. 453 elementy do z\u0142o\u017cenia pozwol\u0105 na d\u0142ug\u0105 i zajmuj\u0105c\u0105 zabaw\u0119. Specjalny system sk\u0142adania pozwala dziecku na \u0142\u0105czenie ze sob\u0105 r\u00f3\u017cnych element\u00f3w w dowolny spos\u00f3b tak, aby powsta\u0142a z tego oryginalna zabawka stworzona ca\u0142kowicie samodzielnie przez dziecko. Zdj\u0119cie jest przyk\u0142adowe i nie przedstawia oferowanego produktu. Zachwyca swym wygl\u0105dem! Zestaw konstrukcyjny Dromader Konstruktor to naprawd\u0119 du\u017ca zabawka, kt\u00f3ra daje wiele mo\u017cliwo\u015bci na kreatywn\u0105 zabaw\u0119! Pojazd zosta\u0142 wykonany z bezpiecznych i nietoksycznych materia\u0142\u00f3w, dzi\u0119ki czemu mo\u017cesz by\u0107 spokojny o swoje dziecko. Pojazd jest odpowiedni dla dzieci od 8. roku \u017cycia.<\/p>\n<h2>Dromader Zestaw Konstrukcyjny Konstruktor Dromader<\/h2>\n<p>cytaty na dzien dziecka, spiderman do druku, podchwytliwe zagadki z odpowiedziami, mi\u0142o\u015b\u0107 matki do dziecka cytaty, zagadka logiczna dla dzieci, prezent dla 1 latka, test z lektury opowie\u015bci z narnii lew czarownica i stara szafa, wzruszaj\u0105c\u0105 piosenka dla taty, rysowanki, piosenka kiedy babcia by\u0142a ma\u0142a tekst, zagadki na dzie\u0144 przedszkolaka<\/p>\n<p>yyyyy<\/p>\n<p>&nbsp;<\/p>\n","protected":false},"excerpt":{"rendered":"<p>Zestaw konstrukcyjny Dromader Konstruktor &#8211; Czo\u0142g na radio. Mn\u00f3stwo kreatywnej zabawy! Wyj\u0105tkowy pojazd przedstawiaj\u0105cy czo\u0142g do zabawy w ma\u0142ego konstruktora! Idealny do rozwijaj\u0105cej i kreatywnej zabawy dla dzieci powy\u017cej 8. roku \u017cycia Wykonany z bezpiecznych i nietoksycznych materia\u0142\u00f3w Mn\u00f3stwo kreatywnej zabawy! Zestaw konstrukcyjny Dromader Konstruktor przedstawia czo\u0142g na radio, kt\u00f3ry zosta\u0142 specjalnie zaprojektowany, aby dziecko [&hellip;]<\/p>\n","protected":false},"featured_media":5088,"comment_status":"closed","ping_status":"open","template":"","meta":[],"product_cat":[60,113],"product_tag":[658,662,578,759,811,733],"class_list":["post-5087","product","type-product","status-publish","has-post-thumbnail","hentry","product_cat-dromader","product_cat-klocki","product_tag-alan-znaczenie-imienia","product_tag-bajki-na-dobranoc","product_tag-fajne-zarty-na-prima-aprilis","product_tag-pomysly-na-prezent-dla-nastolatkow","product_tag-zagadki-logiczne-dla-dzieci","product_tag-zarty-na-prima-aprilis"],"_links":{"self":[{"href":"http:\/\/klubmamgdynia.pl\/index.php\/wp-json\/wp\/v2\/product\/5087","targetHints":{"allow":["GET"]}}],"collection":[{"href":"http:\/\/klubmamgdynia.pl\/index.php\/wp-json\/wp\/v2\/product"}],"about":[{"href":"http:\/\/klubmamgdynia.pl\/index.php\/wp-json\/wp\/v2\/types\/product"}],"replies":[{"embeddable":true,"href":"http:\/\/klubmamgdynia.pl\/index.php\/wp-json\/wp\/v2\/comments?post=5087"}],"wp:featuredmedia":[{"embeddable":true,"href":"http:\/\/klubmamgdynia.pl\/index.php\/wp-json\/wp\/v2\/media\/5088"}],"wp:attachment":[{"href":"http:\/\/klubmamgdynia.pl\/index.php\/wp-json\/wp\/v2\/media?parent=5087"}],"wp:term":[{"taxonomy":"product_cat","embeddable":true,"href":"http:\/\/klubmamgdynia.pl\/index.php\/wp-json\/wp\/v2\/product_cat?post=5087"},{"taxonomy":"product_tag","embeddable":true,"href":"http:\/\/klubmamgdynia.pl\/index.php\/wp-json\/wp\/v2\/product_tag?post=5087"}],"curies":[{"name":"wp","href":"https:\/\/api.w.org\/{rel}","templated":true}]}}