{"id":5089,"date":"2019-01-21T14:07:20","date_gmt":"2019-01-21T13:07:20","guid":{"rendered":"http:\/\/klubmamgdynia.pl\/index.php\/produkt\/dromader-agusia-bobas-lalka-interaktywna-mowi-akcesoria-30-cm\/"},"modified":"2026-04-04T00:03:30","modified_gmt":"2026-04-03T22:03:30","slug":"dromader-agusia-bobas-lalka-interaktywna-mowi-akcesoria-30-cm","status":"publish","type":"product","link":"http:\/\/klubmamgdynia.pl\/index.php\/produkt\/dromader-agusia-bobas-lalka-interaktywna-mowi-akcesoria-30-cm\/","title":{"rendered":"Dromader Agusia bobas lalka interaktywna m\u00f3wi akcesoria 30 cm"},"content":{"rendered":"<p>Opis: M\u00f3wi\u0105ca lalka Agusia ubrana w \u017c\u00f3\u0142t\u0105 pi\u017camk\u0119 z akcesoriami.Nr katalogowy: 02743Marka: AgusiaWymagania wiekowe: 3P\u0142e\u0107: DziewczynkiProdukt na baterie: Tak&#8230;<\/p>\n<h2>Dromader Agusia bobas lalka interaktywna m\u00f3wi akcesoria 30 cm Dromader<\/h2>\n<p>jakie prezenty na roczek, sta\u0142a pod \u015bniegiem, zagadki dla 4 latka do druku, minecraft kolorowanki, imi\u0119 mia, bajka dla niemowlaka, kryspinow, testy ma\u0142y ksi\u0105\u017ce, atrakcje dla dzieci wroclaw, zagadki dla 8 latka, opowie\u015bci z narni lew czarownica i stara szafa test, kuba imi\u0119, kawal na prima aprilis, kolorowanki do druku dla ch\u0142opc\u00f3w, cytaty korczak, kolorowanki dla dziewczyn, kolorowanka lol<\/p>\n<p>yyyyy<\/p>\n<p>&nbsp;<\/p>\n","protected":false},"excerpt":{"rendered":"<p>Opis: M\u00f3wi\u0105ca lalka Agusia ubrana w \u017c\u00f3\u0142t\u0105 pi\u017camk\u0119 z akcesoriami.Nr katalogowy: 02743Marka: AgusiaWymagania wiekowe: 3P\u0142e\u0107: DziewczynkiProdukt na baterie: Tak&#8230; Dromader Agusia bobas lalka interaktywna m\u00f3wi akcesoria 30 cm Dromader jakie prezenty na roczek, sta\u0142a pod \u015bniegiem, zagadki dla 4 latka do druku, minecraft kolorowanki, imi\u0119 mia, bajka dla niemowlaka, kryspinow, testy ma\u0142y ksi\u0105\u017ce, atrakcje dla [&hellip;]<\/p>\n","protected":false},"featured_media":5090,"comment_status":"closed","ping_status":"open","template":"","meta":[],"product_cat":[60,65],"product_tag":[668,685,734,798,779],"class_list":["post-5089","product","type-product","status-publish","has-post-thumbnail","hentry","product_cat-dromader","product_cat-lalki","product_tag-atrakcje-dla-dzieci-wroclaw","product_tag-cytaty-o-rodzinie","product_tag-milan-imie","product_tag-prezenty-dla-nastolatki","product_tag-zarty-na-prima-aprilis-w-domu"],"_links":{"self":[{"href":"http:\/\/klubmamgdynia.pl\/index.php\/wp-json\/wp\/v2\/product\/5089","targetHints":{"allow":["GET"]}}],"collection":[{"href":"http:\/\/klubmamgdynia.pl\/index.php\/wp-json\/wp\/v2\/product"}],"about":[{"href":"http:\/\/klubmamgdynia.pl\/index.php\/wp-json\/wp\/v2\/types\/product"}],"replies":[{"embeddable":true,"href":"http:\/\/klubmamgdynia.pl\/index.php\/wp-json\/wp\/v2\/comments?post=5089"}],"wp:featuredmedia":[{"embeddable":true,"href":"http:\/\/klubmamgdynia.pl\/index.php\/wp-json\/wp\/v2\/media\/5090"}],"wp:attachment":[{"href":"http:\/\/klubmamgdynia.pl\/index.php\/wp-json\/wp\/v2\/media?parent=5089"}],"wp:term":[{"taxonomy":"product_cat","embeddable":true,"href":"http:\/\/klubmamgdynia.pl\/index.php\/wp-json\/wp\/v2\/product_cat?post=5089"},{"taxonomy":"product_tag","embeddable":true,"href":"http:\/\/klubmamgdynia.pl\/index.php\/wp-json\/wp\/v2\/product_tag?post=5089"}],"curies":[{"name":"wp","href":"https:\/\/api.w.org\/{rel}","templated":true}]}}