{"id":509,"date":"2019-03-12T20:15:06","date_gmt":"2019-03-12T19:15:06","guid":{"rendered":"http:\/\/klubmamgdynia.pl\/index.php\/produkt\/bizak-la-casa-de-los-retos-splash-wersja-hiszpanska\/"},"modified":"2026-04-29T07:21:55","modified_gmt":"2026-04-29T05:21:55","slug":"bizak-la-casa-de-los-retos-splash-wersja-hiszpanska","status":"publish","type":"product","link":"http:\/\/klubmamgdynia.pl\/index.php\/produkt\/bizak-la-casa-de-los-retos-splash-wersja-hiszpanska\/","title":{"rendered":"Bizak La casa de los retos Splash (wersja hiszpa\u0144ska)"},"content":{"rendered":"<p>Dzieci zas\u0142uguj\u0105 na to co najlepsze, dlatego przedstawiamy Ci Gra Planszowa Bizak La casa de los retos Splash, idealny dla tych, kt\u00f3rzy szukaj\u0105 produkt\u00f3w wysokiej jako\u015bci dla dzieci! Zdob\u0105d\u017a Bizak i inne produkty markowe i licencyjne w najlepszych cenach!Zalecany Wiek: + 6 latPrzewodnik z Instrukcjami: ES<\/p>\n<h2>Bizak La casa de los retos Splash (wersja hiszpa\u0144ska) <\/h2>\n<p>zak\u0142adka do ksi\u0105\u017cki szablon do druku, cytat rodzina, wzruszaj\u0105c\u0105 piosenka dla taty, prezent dla jedenastolatki, magiczne drzewo czerwone krzes\u0142o test, quiz z ma\u0142ego ksi\u0119cia, znane misie z bajek<\/p>\n<p>yyyyy<\/p>\n<p>&nbsp;<\/p>\n","protected":false},"excerpt":{"rendered":"<p>Dzieci zas\u0142uguj\u0105 na to co najlepsze, dlatego przedstawiamy Ci Gra Planszowa Bizak La casa de los retos Splash, idealny dla tych, kt\u00f3rzy szukaj\u0105 produkt\u00f3w wysokiej jako\u015bci dla dzieci! Zdob\u0105d\u017a Bizak i inne produkty markowe i licencyjne w najlepszych cenach!Zalecany Wiek: + 6 latPrzewodnik z Instrukcjami: ES Bizak La casa de los retos Splash (wersja hiszpa\u0144ska) [&hellip;]<\/p>\n","protected":false},"featured_media":510,"comment_status":"closed","ping_status":"open","template":"","meta":[],"product_cat":[130],"product_tag":[666,676,718,770,788],"class_list":["post-509","product","type-product","status-publish","has-post-thumbnail","hentry","product_cat-gry-dzieciece","product_tag-afrykanskie-imiona","product_tag-bursztynek","product_tag-prezent-na-roczek-dla-chrzesniaka","product_tag-samolot-z-papieru","product_tag-zagadki-krotkie"],"_links":{"self":[{"href":"http:\/\/klubmamgdynia.pl\/index.php\/wp-json\/wp\/v2\/product\/509","targetHints":{"allow":["GET"]}}],"collection":[{"href":"http:\/\/klubmamgdynia.pl\/index.php\/wp-json\/wp\/v2\/product"}],"about":[{"href":"http:\/\/klubmamgdynia.pl\/index.php\/wp-json\/wp\/v2\/types\/product"}],"replies":[{"embeddable":true,"href":"http:\/\/klubmamgdynia.pl\/index.php\/wp-json\/wp\/v2\/comments?post=509"}],"wp:featuredmedia":[{"embeddable":true,"href":"http:\/\/klubmamgdynia.pl\/index.php\/wp-json\/wp\/v2\/media\/510"}],"wp:attachment":[{"href":"http:\/\/klubmamgdynia.pl\/index.php\/wp-json\/wp\/v2\/media?parent=509"}],"wp:term":[{"taxonomy":"product_cat","embeddable":true,"href":"http:\/\/klubmamgdynia.pl\/index.php\/wp-json\/wp\/v2\/product_cat?post=509"},{"taxonomy":"product_tag","embeddable":true,"href":"http:\/\/klubmamgdynia.pl\/index.php\/wp-json\/wp\/v2\/product_tag?post=509"}],"curies":[{"name":"wp","href":"https:\/\/api.w.org\/{rel}","templated":true}]}}